{"id":9,"date":"2016-03-22T06:02:31","date_gmt":"2016-03-22T08:02:31","guid":{"rendered":"http:\/\/www.bispectrum.lt\/?page_id=9"},"modified":"2017-09-15T10:58:51","modified_gmt":"2017-09-15T12:58:51","slug":"susisiekite","status":"publish","type":"page","link":"https:\/\/www.bispectrum.lt\/?page_id=9","title":{"rendered":"Susisiekite"},"content":{"rendered":"<p>A\u010di\u016b, kad domit\u0117s BI Spectrum. Pateikite savo informacij\u0105 \u017eemiau nurodytoje formoje ir mes su Jumis susisieksime.<\/p>\n<noscript class=\"ninja-forms-noscript-message\">\n\tNotice: JavaScript is required for this content.<\/noscript>\n<div id=\"nf-form-5-cont\" class=\"nf-form-cont\" aria-live=\"polite\" aria-labelledby=\"nf-form-title-5\" aria-describedby=\"nf-form-errors-5\" role=\"form\">\n\n    <div class=\"nf-loading-spinner\"><\/div>\n\n<\/div>\n        <!-- That data is being printed as a workaround to page builders reordering the order of the scripts loaded-->\n        <script>var formDisplay=1;var nfForms=nfForms||[];var form=[];form.id='5';form.settings={\"objectType\":\"Form Setting\",\"editActive\":true,\"title\":\"Contact\",\"key\":\"\",\"created_at\":\"2017-09-15 10:13:43\",\"default_label_pos\":\"above\",\"conditions\":[],\"show_title\":0,\"clear_complete\":\"1\",\"hide_complete\":\"1\",\"wrapper_class\":\"\",\"element_class\":\"\",\"add_submit\":\"1\",\"logged_in\":\"\",\"not_logged_in_msg\":\"\",\"sub_limit_number\":\"\",\"sub_limit_msg\":\"\",\"calculations\":[],\"formContentData\":[\"hr_1505724057610\",\"jus_vardas_1505477721368\",\"jus_pavard_1505477769156\",\"jus_mon_s_pavadinimas_1505477851814\",\"jus_el_pasto_adresas_1505478025326\",\"jus_zinut_1505478082125\",\"si_sti_1505478140997\"],\"container_styles_background-color\":\"\",\"container_styles_border\":\"\",\"container_styles_border-style\":\"\",\"container_styles_border-color\":\"\",\"container_styles_color\":\"\",\"container_styles_height\":\"\",\"container_styles_width\":\"\",\"container_styles_font-size\":\"\",\"container_styles_margin\":\"\",\"container_styles_padding\":\"\",\"container_styles_display\":\"\",\"container_styles_float\":\"\",\"container_styles_show_advanced_css\":\"0\",\"container_styles_advanced\":\"\",\"title_styles_background-color\":\"\",\"title_styles_border\":\"\",\"title_styles_border-style\":\"\",\"title_styles_border-color\":\"\",\"title_styles_color\":\"\",\"title_styles_height\":\"\",\"title_styles_width\":\"\",\"title_styles_font-size\":\"\",\"title_styles_margin\":\"\",\"title_styles_padding\":\"\",\"title_styles_display\":\"\",\"title_styles_float\":\"\",\"title_styles_show_advanced_css\":\"0\",\"title_styles_advanced\":\"\",\"row_styles_background-color\":\"\",\"row_styles_border\":\"\",\"row_styles_border-style\":\"\",\"row_styles_border-color\":\"\",\"row_styles_color\":\"\",\"row_styles_height\":\"\",\"row_styles_width\":\"\",\"row_styles_font-size\":\"\",\"row_styles_margin\":\"\",\"row_styles_padding\":\"\",\"row_styles_display\":\"\",\"row_styles_show_advanced_css\":\"0\",\"row_styles_advanced\":\"\",\"row-odd_styles_background-color\":\"\",\"row-odd_styles_border\":\"\",\"row-odd_styles_border-style\":\"\",\"row-odd_styles_border-color\":\"\",\"row-odd_styles_color\":\"\",\"row-odd_styles_height\":\"\",\"row-odd_styles_width\":\"\",\"row-odd_styles_font-size\":\"\",\"row-odd_styles_margin\":\"\",\"row-odd_styles_padding\":\"\",\"row-odd_styles_display\":\"\",\"row-odd_styles_show_advanced_css\":\"0\",\"row-odd_styles_advanced\":\"\",\"success-msg_styles_background-color\":\"\",\"success-msg_styles_border\":\"\",\"success-msg_styles_border-style\":\"\",\"success-msg_styles_border-color\":\"\",\"success-msg_styles_color\":\"\",\"success-msg_styles_height\":\"\",\"success-msg_styles_width\":\"\",\"success-msg_styles_font-size\":\"\",\"success-msg_styles_margin\":\"\",\"success-msg_styles_padding\":\"\",\"success-msg_styles_display\":\"\",\"success-msg_styles_show_advanced_css\":\"0\",\"success-msg_styles_advanced\":\"\",\"error_msg_styles_background-color\":\"\",\"error_msg_styles_border\":\"\",\"error_msg_styles_border-style\":\"\",\"error_msg_styles_border-color\":\"\",\"error_msg_styles_color\":\"\",\"error_msg_styles_height\":\"\",\"error_msg_styles_width\":\"\",\"error_msg_styles_font-size\":\"\",\"error_msg_styles_margin\":\"\",\"error_msg_styles_padding\":\"\",\"error_msg_styles_display\":\"\",\"error_msg_styles_show_advanced_css\":\"0\",\"error_msg_styles_advanced\":\"\",\"changeEmailErrorMsg\":\"Pra\\u0161au \\u012fvesti tinkam\\u0105 el. pa\\u0161to adres\\u0105.\",\"confirmFieldErrorMsg\":\"\\u0160ie laukeliai turi sutapti.\",\"fieldNumberNumMinError\":\"Per ma\\u017eai reik\\u0161mi\\u0173.\",\"fieldNumberNumMaxError\":\"Per daug reik\\u0161mi\\u0173.\",\"fieldNumberIncrementBy\":\"Pra\\u0161ome padidinti.\",\"formErrorsCorrectErrors\":\"Pra\\u0161ome i\\u0161taisyti klaidas, kad s\\u0117kmingai i\\u0161si\\u0173stum\\u0117te J\\u016bs\\u0173 \\u017einut\\u0119.\",\"validateRequiredField\":\"\\u0160is laukelis yra privalomas.\",\"honeypotHoneypotError\":\"Klaida.\",\"fieldsMarkedRequired\":\"Laukeliai pa\\u017eym\\u0117ti * yra privalomi.\",\"currency\":\"\",\"unique_field\":\"0\",\"unique_field_error\":\"A form with this value has already been submitted.\",\"drawerDisabled\":false,\"allow_public_link\":0,\"embed_form\":\"\",\"ninjaForms\":\"Ninja Forms\",\"changeDateErrorMsg\":\"Please enter a valid date!\",\"fieldTextareaRTEInsertLink\":\"Insert Link\",\"fieldTextareaRTEInsertMedia\":\"Insert Media\",\"fieldTextareaRTESelectAFile\":\"Select a file\",\"formHoneypot\":\"If you are a human seeing this field, please leave it empty.\",\"fileUploadOldCodeFileUploadInProgress\":\"File Upload in Progress.\",\"fileUploadOldCodeFileUpload\":\"FILE UPLOAD\",\"currencySymbol\":\"&euro;\",\"thousands_sep\":\"&nbsp;\",\"decimal_point\":\",\",\"siteLocale\":\"lt_LT\",\"dateFormat\":\"Y\\\/m\\\/d\",\"startOfWeek\":\"1\",\"of\":\"of\",\"previousMonth\":\"Previous Month\",\"nextMonth\":\"Next Month\",\"months\":[\"January\",\"February\",\"March\",\"April\",\"May\",\"June\",\"July\",\"August\",\"September\",\"October\",\"November\",\"December\"],\"monthsShort\":[\"Jan\",\"Feb\",\"Mar\",\"Apr\",\"May\",\"Jun\",\"Jul\",\"Aug\",\"Sep\",\"Oct\",\"Nov\",\"Dec\"],\"weekdays\":[\"Sunday\",\"Monday\",\"Tuesday\",\"Wednesday\",\"Thursday\",\"Friday\",\"Saturday\"],\"weekdaysShort\":[\"Sun\",\"Mon\",\"Tue\",\"Wed\",\"Thu\",\"Fri\",\"Sat\"],\"weekdaysMin\":[\"Su\",\"Mo\",\"Tu\",\"We\",\"Th\",\"Fr\",\"Sa\"],\"recaptchaConsentMissing\":\"reCaptcha validation couldn&#039;t load.\",\"recaptchaMissingCookie\":\"reCaptcha v3 validation couldn&#039;t load the cookie needed to submit the form.\",\"recaptchaConsentEvent\":\"Accept reCaptcha cookies before sending the form.\",\"currency_symbol\":\"\",\"beforeForm\":\"\",\"beforeFields\":\"\",\"afterFields\":\"\",\"afterForm\":\"\"};form.fields=[{\"objectType\":\"Field\",\"objectDomain\":\"fields\",\"editActive\":false,\"order\":1,\"label\":\"Divider\",\"type\":\"hr\",\"container_class\":\"\",\"element_class\":\"\",\"key\":\"hr_1505724057610\",\"drawerDisabled\":false,\"id\":48,\"beforeField\":\"\",\"afterField\":\"\",\"value\":\"\",\"label_pos\":\"above\",\"parentType\":\"hr\",\"element_templates\":[\"hr\",\"input\"],\"old_classname\":\"\",\"wrap_template\":\"wrap\"},{\"objectType\":\"Field\",\"objectDomain\":\"fields\",\"editActive\":false,\"order\":2,\"label\":\"J\\u016bs\\u0173 vardas\",\"type\":\"firstname\",\"key\":\"jus_vardas_1505477721368\",\"label_pos\":\"above\",\"required\":1,\"default\":\"\",\"placeholder\":\"\",\"container_class\":\"one-half first\",\"element_class\":\"\",\"admin_label\":\"\",\"help_text\":\"\",\"desc_text\":\"\",\"drawerDisabled\":false,\"custom_name_attribute\":\"fname\",\"personally_identifiable\":1,\"value\":\"\",\"id\":45,\"beforeField\":\"\",\"afterField\":\"\",\"parentType\":\"firstname\",\"element_templates\":[\"firstname\",\"input\"],\"old_classname\":\"\",\"wrap_template\":\"wrap\"},{\"objectType\":\"Field\",\"objectDomain\":\"fields\",\"editActive\":false,\"order\":3,\"label\":\"J\\u016bs\\u0173 pavard\\u0117\",\"type\":\"lastname\",\"key\":\"jus_pavard_1505477769156\",\"label_pos\":\"above\",\"required\":1,\"default\":\"\",\"placeholder\":\"\",\"container_class\":\"one-half\",\"element_class\":\"\",\"admin_label\":\"\",\"help_text\":\"\",\"desc_text\":\"\",\"drawerDisabled\":false,\"custom_name_attribute\":\"lname\",\"personally_identifiable\":1,\"value\":\"\",\"id\":46,\"beforeField\":\"\",\"afterField\":\"\",\"parentType\":\"lastname\",\"element_templates\":[\"lastname\",\"input\"],\"old_classname\":\"\",\"wrap_template\":\"wrap\"},{\"objectType\":\"Field\",\"objectDomain\":\"fields\",\"editActive\":false,\"order\":4,\"label\":\"J\\u016bs\\u0173 \\u012fmon\\u0117s pavadinimas\",\"type\":\"textbox\",\"key\":\"jus_mon_s_pavadinimas_1505477851814\",\"label_pos\":\"above\",\"required\":1,\"default\":\"\",\"placeholder\":\"\",\"container_class\":\"one-half first\",\"element_class\":\"\",\"input_limit\":\"\",\"input_limit_type\":\"characters\",\"input_limit_msg\":\"Character(s) left\",\"manual_key\":false,\"disable_input\":\"\",\"admin_label\":\"\",\"help_text\":\"\",\"desc_text\":\"\",\"disable_browser_autocomplete\":\"\",\"mask\":\"\",\"custom_mask\":\"\",\"drawerDisabled\":false,\"custom_name_attribute\":\"\",\"personally_identifiable\":\"\",\"value\":\"\",\"id\":47,\"beforeField\":\"\",\"afterField\":\"\",\"parentType\":\"textbox\",\"element_templates\":[\"textbox\",\"input\"],\"old_classname\":\"\",\"wrap_template\":\"wrap\"},{\"objectType\":\"Field\",\"objectDomain\":\"fields\",\"editActive\":false,\"order\":5,\"label\":\"J\\u016bs\\u0173 el. pa\\u0161to adresas\",\"key\":\"jus_el_pasto_adresas_1505478025326\",\"type\":\"email\",\"created_at\":\"2017-09-15 10:13:43\",\"label_pos\":\"above\",\"required\":1,\"placeholder\":\"\",\"default\":\"\",\"wrapper_class\":\"\",\"element_class\":\"\",\"container_class\":\"one-half\",\"admin_label\":\"\",\"help_text\":\"\",\"desc_text\":\"\",\"wrap_styles_background-color\":\"\",\"wrap_styles_border\":\"\",\"wrap_styles_border-style\":\"\",\"wrap_styles_border-color\":\"\",\"wrap_styles_color\":\"\",\"wrap_styles_height\":\"\",\"wrap_styles_width\":\"\",\"wrap_styles_font-size\":\"\",\"wrap_styles_margin\":\"\",\"wrap_styles_padding\":\"\",\"wrap_styles_display\":\"\",\"wrap_styles_float\":\"\",\"wrap_styles_show_advanced_css\":0,\"wrap_styles_advanced\":\"\",\"label_styles_background-color\":\"\",\"label_styles_border\":\"\",\"label_styles_border-style\":\"\",\"label_styles_border-color\":\"\",\"label_styles_color\":\"\",\"label_styles_height\":\"\",\"label_styles_width\":\"\",\"label_styles_font-size\":\"\",\"label_styles_margin\":\"\",\"label_styles_padding\":\"\",\"label_styles_display\":\"\",\"label_styles_float\":\"\",\"label_styles_show_advanced_css\":0,\"label_styles_advanced\":\"\",\"element_styles_background-color\":\"\",\"element_styles_border\":\"\",\"element_styles_border-style\":\"\",\"element_styles_border-color\":\"\",\"element_styles_color\":\"\",\"element_styles_height\":\"\",\"element_styles_width\":\"\",\"element_styles_font-size\":\"\",\"element_styles_margin\":\"\",\"element_styles_padding\":\"\",\"element_styles_display\":\"\",\"element_styles_float\":\"\",\"element_styles_show_advanced_css\":0,\"element_styles_advanced\":\"\",\"cellcid\":\"c3281\",\"drawerDisabled\":false,\"custom_name_attribute\":\"email\",\"personally_identifiable\":1,\"value\":\"\",\"id\":42,\"beforeField\":\"\",\"afterField\":\"\",\"parentType\":\"email\",\"element_templates\":[\"email\",\"input\"],\"old_classname\":\"\",\"wrap_template\":\"wrap\"},{\"objectType\":\"Field\",\"objectDomain\":\"fields\",\"editActive\":false,\"order\":6,\"label\":\"J\\u016bs\\u0173 \\u017einut\\u0117\",\"key\":\"jus_zinut_1505478082125\",\"type\":\"textarea\",\"created_at\":\"2017-09-15 10:13:43\",\"label_pos\":\"above\",\"required\":1,\"placeholder\":\"\",\"default\":\"\",\"wrapper_class\":\"\",\"element_class\":\"\",\"container_class\":\"\",\"input_limit\":\"\",\"input_limit_type\":\"characters\",\"input_limit_msg\":\"Character(s) left\",\"manual_key\":\"\",\"disable_input\":\"\",\"admin_label\":\"\",\"help_text\":\"\",\"desc_text\":\"\",\"disable_browser_autocomplete\":\"\",\"textarea_rte\":\"\",\"disable_rte_mobile\":\"\",\"textarea_media\":\"\",\"wrap_styles_background-color\":\"\",\"wrap_styles_border\":\"\",\"wrap_styles_border-style\":\"\",\"wrap_styles_border-color\":\"\",\"wrap_styles_color\":\"\",\"wrap_styles_height\":\"\",\"wrap_styles_width\":\"\",\"wrap_styles_font-size\":\"\",\"wrap_styles_margin\":\"\",\"wrap_styles_padding\":\"\",\"wrap_styles_display\":\"\",\"wrap_styles_float\":\"\",\"wrap_styles_show_advanced_css\":0,\"wrap_styles_advanced\":\"\",\"label_styles_background-color\":\"\",\"label_styles_border\":\"\",\"label_styles_border-style\":\"\",\"label_styles_border-color\":\"\",\"label_styles_color\":\"\",\"label_styles_height\":\"\",\"label_styles_width\":\"\",\"label_styles_font-size\":\"\",\"label_styles_margin\":\"\",\"label_styles_padding\":\"\",\"label_styles_display\":\"\",\"label_styles_float\":\"\",\"label_styles_show_advanced_css\":0,\"label_styles_advanced\":\"\",\"element_styles_background-color\":\"\",\"element_styles_border\":\"\",\"element_styles_border-style\":\"\",\"element_styles_border-color\":\"\",\"element_styles_color\":\"\",\"element_styles_height\":\"\",\"element_styles_width\":\"\",\"element_styles_font-size\":\"\",\"element_styles_margin\":\"\",\"element_styles_padding\":\"\",\"element_styles_display\":\"\",\"element_styles_float\":\"\",\"element_styles_show_advanced_css\":0,\"element_styles_advanced\":\"\",\"cellcid\":\"c3284\",\"value\":\"\",\"id\":43,\"beforeField\":\"\",\"afterField\":\"\",\"parentType\":\"textarea\",\"element_templates\":[\"textarea\",\"input\"],\"old_classname\":\"\",\"wrap_template\":\"wrap\"},{\"objectType\":\"Field\",\"objectDomain\":\"fields\",\"editActive\":false,\"order\":7,\"label\":\"Si\\u0173sti\",\"key\":\"si_sti_1505478140997\",\"type\":\"submit\",\"created_at\":\"2017-09-15 10:13:43\",\"processing_label\":\"Siun\\u010diama\",\"container_class\":\"\",\"element_class\":\"\",\"wrap_styles_background-color\":\"\",\"wrap_styles_border\":\"\",\"wrap_styles_border-style\":\"\",\"wrap_styles_border-color\":\"\",\"wrap_styles_color\":\"\",\"wrap_styles_height\":\"\",\"wrap_styles_width\":\"\",\"wrap_styles_font-size\":\"\",\"wrap_styles_margin\":\"\",\"wrap_styles_padding\":\"\",\"wrap_styles_display\":\"\",\"wrap_styles_float\":\"\",\"wrap_styles_show_advanced_css\":0,\"wrap_styles_advanced\":\"\",\"label_styles_background-color\":\"\",\"label_styles_border\":\"\",\"label_styles_border-style\":\"\",\"label_styles_border-color\":\"\",\"label_styles_color\":\"\",\"label_styles_height\":\"\",\"label_styles_width\":\"\",\"label_styles_font-size\":\"\",\"label_styles_margin\":\"\",\"label_styles_padding\":\"\",\"label_styles_display\":\"\",\"label_styles_float\":\"\",\"label_styles_show_advanced_css\":0,\"label_styles_advanced\":\"\",\"element_styles_background-color\":\"\",\"element_styles_border\":\"\",\"element_styles_border-style\":\"\",\"element_styles_border-color\":\"\",\"element_styles_color\":\"\",\"element_styles_height\":\"\",\"element_styles_width\":\"\",\"element_styles_font-size\":\"\",\"element_styles_margin\":\"\",\"element_styles_padding\":\"\",\"element_styles_display\":\"\",\"element_styles_float\":\"\",\"element_styles_show_advanced_css\":0,\"element_styles_advanced\":\"\",\"submit_element_hover_styles_background-color\":\"\",\"submit_element_hover_styles_border\":\"\",\"submit_element_hover_styles_border-style\":\"\",\"submit_element_hover_styles_border-color\":\"\",\"submit_element_hover_styles_color\":\"\",\"submit_element_hover_styles_height\":\"\",\"submit_element_hover_styles_width\":\"\",\"submit_element_hover_styles_font-size\":\"\",\"submit_element_hover_styles_margin\":\"\",\"submit_element_hover_styles_padding\":\"\",\"submit_element_hover_styles_display\":\"\",\"submit_element_hover_styles_float\":\"\",\"submit_element_hover_styles_show_advanced_css\":0,\"submit_element_hover_styles_advanced\":\"\",\"cellcid\":\"c3287\",\"drawerDisabled\":false,\"id\":44,\"beforeField\":\"\",\"afterField\":\"\",\"value\":\"\",\"label_pos\":\"above\",\"parentType\":\"textbox\",\"element_templates\":[\"submit\",\"button\",\"input\"],\"old_classname\":\"\",\"wrap_template\":\"wrap-no-label\"}];nfForms.push(form);<\/script>\n        \n","protected":false},"excerpt":{"rendered":"<p>A\u010di\u016b, kad domit\u0117s BI Spectrum. Pateikite savo informacij\u0105 \u017eemiau nurodytoje formoje ir mes su Jumis susisieksime.<\/p>\n","protected":false},"author":1,"featured_media":24,"parent":0,"menu_order":0,"comment_status":"closed","ping_status":"closed","template":"","meta":{"jetpack_post_was_ever_published":false,"footnotes":""},"class_list":["post-9","page","type-page","status-publish","has-post-thumbnail","hentry","clearfix"],"jetpack_sharing_enabled":true,"jetpack_shortlink":"https:\/\/wp.me\/P9dFXc-9","jetpack-related-posts":[{"id":423,"url":"https:\/\/www.bispectrum.lt\/?page_id=423","url_meta":{"origin":9,"position":0},"title":"Susisiekite &#8211; Jetpack","author":"Donatas Budrys","date":"2017-09-13","format":false,"excerpt":"A\u010di\u016b, kad domit\u0117s BI Spectrum. Pateikite savo informacij\u0105 \u017eemiau nurodytoje formoje ir mes su Jumis susisieksime.","rel":"","context":"Similar post","block_context":{"text":"Similar post","link":""},"img":{"alt_text":"","src":"","width":0,"height":0},"classes":[]},{"id":452,"url":"https:\/\/www.bispectrum.lt\/?page_id=452","url_meta":{"origin":9,"position":1},"title":"Naujien\u0173 prenumeratos atsisakymas","author":"Donatas Budrys","date":"2017-09-18","format":false,"excerpt":"Nor\u0117dami atsisakyti BI Spectrum naujien\u0173 prenumeratos u\u017epildykite bei pateikite \u017eemiau esan\u010di\u0105 form\u0105.","rel":"","context":"Similar post","block_context":{"text":"Similar post","link":""},"img":{"alt_text":"","src":"","width":0,"height":0},"classes":[]},{"id":15,"url":"https:\/\/www.bispectrum.lt\/?page_id=15","url_meta":{"origin":9,"position":2},"title":"Apie mus","author":"Donatas Budrys","date":"2016-03-22","format":false,"excerpt":"BI Spectrum \u2013 patikimas J\u016bs\u0173 verslo analitikos partneris. Kartu su Jumis mes sukursime J\u016bs\u0173 poreikius atitinkan\u010di\u0105 verslo analitikos ilgalaik\u0119 vizij\u0105 ir strategij\u0105, tinkamai parinksime jos \u012fgyvendinimo etapus, b\u016bdus ir priemones. M\u016bs\u0173 ilgamet\u0117 patirtis, profesionalumas, atsakingas bei lankstus po\u017ei\u016bris \u012f partneryst\u0119 u\u017etikrins J\u016bs\u0173 verslo analitikos sprendim\u0173 kokyb\u0119 ir s\u0117km\u0119. M\u016bs\u0173 vizija\u2026","rel":"","context":"Similar post","block_context":{"text":"Similar post","link":""},"img":{"alt_text":"","src":"https:\/\/i0.wp.com\/www.bispectrum.lt\/wp-content\/uploads\/2016\/03\/About_us.jpg?resize=350%2C200&ssl=1","width":350,"height":200,"srcset":"https:\/\/i0.wp.com\/www.bispectrum.lt\/wp-content\/uploads\/2016\/03\/About_us.jpg?resize=350%2C200&ssl=1 1x, https:\/\/i0.wp.com\/www.bispectrum.lt\/wp-content\/uploads\/2016\/03\/About_us.jpg?resize=525%2C300&ssl=1 1.5x, https:\/\/i0.wp.com\/www.bispectrum.lt\/wp-content\/uploads\/2016\/03\/About_us.jpg?resize=700%2C400&ssl=1 2x, https:\/\/i0.wp.com\/www.bispectrum.lt\/wp-content\/uploads\/2016\/03\/About_us.jpg?resize=1050%2C600&ssl=1 3x, https:\/\/i0.wp.com\/www.bispectrum.lt\/wp-content\/uploads\/2016\/03\/About_us.jpg?resize=1400%2C800&ssl=1 4x"},"classes":[]},{"id":194,"url":"https:\/\/www.bispectrum.lt\/?page_id=194","url_meta":{"origin":9,"position":3},"title":"BI Spectrum","author":"Donatas Budrys","date":"2016-04-01","format":false,"excerpt":"BI Spectrum \u2013 patikimas J\u016bs\u0173 verslo analitikos partneris. Kartu su Jumis mes sukursime J\u016bs\u0173 poreikius atitinkan\u010di\u0105 verslo analitikos ilgalaik\u0119 vizij\u0105 ir strategij\u0105, tinkamai parinksime jos \u012fgyvendinimo etapus, b\u016bdus ir priemones. M\u016bs\u0173 ilgamet\u0117 patirtis, profesionalumas, atsakingas bei lankstus po\u017ei\u016bris \u012f partneryst\u0119 u\u017etikrins J\u016bs\u0173 verslo analitikos sprendim\u0173 kokyb\u0119 ir s\u0117km\u0119","rel":"","context":"Similar post","block_context":{"text":"Similar post","link":""},"img":{"alt_text":"","src":"","width":0,"height":0},"classes":[]},{"id":122,"url":"https:\/\/www.bispectrum.lt\/?page_id=122","url_meta":{"origin":9,"position":4},"title":"Atsakykite \u012f sud\u0117tingus klausimus realiu laiku su SAP Analytics Cloud","author":"Donatas Budrys","date":"2016-03-30","format":false,"excerpt":"Pavargote bla\u0161kytis tarp \u012fvairi\u0173 analitini\u0173 produkt\u0173, ne\u017einote su kuria priemone geriausiai rasti atsakym\u0105? I\u0161eitis jau yra. SAP Analytics\u00a0Cloud sprendimas apjungia visas analitines galimybes\u00a0- verslo analitik\u0105 (BI), planavim\u0105, prognozavim\u0105 ir\u00a0GRC \u012f vien\u0105 visum\u0105. SAP Analytics Cloud \u2013 tai \u0161iuolaiki\u0161kas, intuityvus bei pa\u017eangus naujos kartos SAP verslo analitikos sprendimas, apr\u0117piantis visas analitikos,\u2026","rel":"","context":"Similar post","block_context":{"text":"Similar post","link":""},"img":{"alt_text":"","src":"https:\/\/i0.wp.com\/www.bispectrum.lt\/wp-content\/uploads\/2017\/09\/Arise_Slider_3_v3.jpg?resize=350%2C200&ssl=1","width":350,"height":200,"srcset":"https:\/\/i0.wp.com\/www.bispectrum.lt\/wp-content\/uploads\/2017\/09\/Arise_Slider_3_v3.jpg?resize=350%2C200&ssl=1 1x, https:\/\/i0.wp.com\/www.bispectrum.lt\/wp-content\/uploads\/2017\/09\/Arise_Slider_3_v3.jpg?resize=525%2C300&ssl=1 1.5x, https:\/\/i0.wp.com\/www.bispectrum.lt\/wp-content\/uploads\/2017\/09\/Arise_Slider_3_v3.jpg?resize=700%2C400&ssl=1 2x, https:\/\/i0.wp.com\/www.bispectrum.lt\/wp-content\/uploads\/2017\/09\/Arise_Slider_3_v3.jpg?resize=1050%2C600&ssl=1 3x, https:\/\/i0.wp.com\/www.bispectrum.lt\/wp-content\/uploads\/2017\/09\/Arise_Slider_3_v3.jpg?resize=1400%2C800&ssl=1 4x"},"classes":[]},{"id":117,"url":"https:\/\/www.bispectrum.lt\/?page_id=117","url_meta":{"origin":9,"position":5},"title":"Licencijos","author":"Donatas Budrys","date":"2016-03-30","format":false,"excerpt":"Nutar\u0117te \u012fsigyti SAP\u00a0analitin\u0119 sistem\u0105, ie\u0161kote patikimo, sertifikuoto partnerio, teikian\u010dio aktyv\u0173 palaikym\u0105? Sunku nuspr\u0119sti, kokio tipo licencijos tinkamiausios? Esame dedikuotas SAP\u00a0analitikos partneris, galintis suteikti Jums reikaling\u0173 \u017eini\u0173. SAP programin\u0117 \u012franga yra parduodama tiek po vien\u0105 licencij\u0105, tiek paketais. Mes padedame \u012fmon\u0117ms i\u0161siai\u0161kinti, kurios licencijos ar kurie paketai patenkint\u0173 kylan\u010dius verslo ir\u00a0IT\u2026","rel":"","context":"Similar post","block_context":{"text":"Similar post","link":""},"img":{"alt_text":"","src":"","width":0,"height":0},"classes":[]}],"jetpack_likes_enabled":false,"_links":{"self":[{"href":"https:\/\/www.bispectrum.lt\/index.php?rest_route=\/wp\/v2\/pages\/9","targetHints":{"allow":["GET"]}}],"collection":[{"href":"https:\/\/www.bispectrum.lt\/index.php?rest_route=\/wp\/v2\/pages"}],"about":[{"href":"https:\/\/www.bispectrum.lt\/index.php?rest_route=\/wp\/v2\/types\/page"}],"author":[{"embeddable":true,"href":"https:\/\/www.bispectrum.lt\/index.php?rest_route=\/wp\/v2\/users\/1"}],"replies":[{"embeddable":true,"href":"https:\/\/www.bispectrum.lt\/index.php?rest_route=%2Fwp%2Fv2%2Fcomments&post=9"}],"version-history":[{"count":12,"href":"https:\/\/www.bispectrum.lt\/index.php?rest_route=\/wp\/v2\/pages\/9\/revisions"}],"predecessor-version":[{"id":445,"href":"https:\/\/www.bispectrum.lt\/index.php?rest_route=\/wp\/v2\/pages\/9\/revisions\/445"}],"wp:featuredmedia":[{"embeddable":true,"href":"https:\/\/www.bispectrum.lt\/index.php?rest_route=\/wp\/v2\/media\/24"}],"wp:attachment":[{"href":"https:\/\/www.bispectrum.lt\/index.php?rest_route=%2Fwp%2Fv2%2Fmedia&parent=9"}],"curies":[{"name":"wp","href":"https:\/\/api.w.org\/{rel}","templated":true}]}}