{"id":4,"date":"2016-03-22T05:47:31","date_gmt":"2016-03-22T07:47:31","guid":{"rendered":"http:\/\/www.bispectrum.lt\/?page_id=4"},"modified":"2016-05-09T07:17:17","modified_gmt":"2016-05-09T09:17:17","slug":"klientu-palaikymas","status":"publish","type":"page","link":"https:\/\/www.bispectrum.lt\/?page_id=4","title":{"rendered":"Sprendim\u0173 ir SAP programin\u0117s \u012frangos technin\u0117 prie\u017ei\u016bra"},"content":{"rendered":"<div>\n<p>Siekiame, kad m\u016bs\u0173 sukurti sprendimai bei SAP programin\u0117 \u012franga b\u016bt\u0173 ilgalaikiai, nuolat atnaujinami ir aktual\u016bs m\u016bs\u0173 klientams.<\/p>\n<p><strong>Esame sertifikuotas SAP verslo analitikos programin\u0117s \u012frangos palaikymo centras<\/strong>. Tur\u0117dami PCOE (Partner Center Of Expertise) sertifikat\u0105 esame pasireng\u0119 paslaugas teikti profesionaliai, reaguoti operatyviai ir atsiliepti \u012f \u012fvairiausius klient\u0173 poreikius.<\/p>\n<p>Atliekame tiek proaktyvius, tiek suderintus\u00a0\u012fdiegtos programin\u0117s \u012frangos patikrinimus\/pakeitimus:<\/p>\n<ul>\n<li>Konfig\u016bruojame programin\u0119 \u012frang\u0105<\/li>\n<li>Atnaujiname iki naujausios versijos<\/li>\n<li>Atliekame &#8222;sveikatos&#8221; testus (angl. Health Checks)<\/li>\n<li>Randame silpniausi\u0105 grand\u012f ir jos\u00a0poveik\u012f greitaveikai (angl. Bottleneck Points)<\/li>\n<\/ul>\n<p>R\u016bpinam\u0117s savo klientais, j\u0173 sprendimais &#8211; informuojame apie naujienas, atsiradusias ypatybes, kurios gali b\u016bti svarbios klientams ir tur\u0117t\u0173 palengvinti kasdienyb\u0119. Si\u016blome naujai atrastus b\u016bdus, kaip galima b\u016bt\u0173 optimizuoti ar pakeisti procesus, strukt\u016bras. Mokome vartotojus.<\/p>\n<p>&nbsp;<\/p>\n<\/div>\n","protected":false},"excerpt":{"rendered":"<p>Siekiame, kad m\u016bs\u0173 sukurti sprendimai bei SAP programin\u0117 \u012franga b\u016bt\u0173 ilgalaikiai, nuolat atnaujinami ir aktual\u016bs m\u016bs\u0173 klientams. Esame sertifikuotas SAP verslo analitikos programin\u0117s \u012frangos palaikymo centras. Tur\u0117dami PCOE (Partner Center&hellip; <\/p>\n","protected":false},"author":1,"featured_media":0,"parent":0,"menu_order":0,"comment_status":"closed","ping_status":"closed","template":"","meta":{"jetpack_post_was_ever_published":false,"footnotes":""},"class_list":["post-4","page","type-page","status-publish","hentry","clearfix"],"jetpack_sharing_enabled":true,"jetpack_shortlink":"https:\/\/wp.me\/P9dFXc-4","jetpack-related-posts":[{"id":117,"url":"https:\/\/www.bispectrum.lt\/?page_id=117","url_meta":{"origin":4,"position":0},"title":"Licencijos","author":"Donatas Budrys","date":"2016-03-30","format":false,"excerpt":"Nutar\u0117te \u012fsigyti SAP\u00a0analitin\u0119 sistem\u0105, ie\u0161kote patikimo, sertifikuoto partnerio, teikian\u010dio aktyv\u0173 palaikym\u0105? Sunku nuspr\u0119sti, kokio tipo licencijos tinkamiausios? Esame dedikuotas SAP\u00a0analitikos partneris, galintis suteikti Jums reikaling\u0173 \u017eini\u0173. SAP programin\u0117 \u012franga yra parduodama tiek po vien\u0105 licencij\u0105, tiek paketais. Mes padedame \u012fmon\u0117ms i\u0161siai\u0161kinti, kurios licencijos ar kurie paketai patenkint\u0173 kylan\u010dius verslo ir\u00a0IT\u2026","rel":"","context":"Similar post","block_context":{"text":"Similar post","link":""},"img":{"alt_text":"","src":"","width":0,"height":0},"classes":[]},{"id":122,"url":"https:\/\/www.bispectrum.lt\/?page_id=122","url_meta":{"origin":4,"position":1},"title":"Atsakykite \u012f sud\u0117tingus klausimus realiu laiku su SAP Analytics Cloud","author":"Donatas Budrys","date":"2016-03-30","format":false,"excerpt":"Pavargote bla\u0161kytis tarp \u012fvairi\u0173 analitini\u0173 produkt\u0173, ne\u017einote su kuria priemone geriausiai rasti atsakym\u0105? I\u0161eitis jau yra. SAP Analytics\u00a0Cloud sprendimas apjungia visas analitines galimybes\u00a0- verslo analitik\u0105 (BI), planavim\u0105, prognozavim\u0105 ir\u00a0GRC \u012f vien\u0105 visum\u0105. SAP Analytics Cloud \u2013 tai \u0161iuolaiki\u0161kas, intuityvus bei pa\u017eangus naujos kartos SAP verslo analitikos sprendimas, apr\u0117piantis visas analitikos,\u2026","rel":"","context":"Similar post","block_context":{"text":"Similar post","link":""},"img":{"alt_text":"","src":"https:\/\/i0.wp.com\/www.bispectrum.lt\/wp-content\/uploads\/2017\/09\/Arise_Slider_3_v3.jpg?resize=350%2C200&ssl=1","width":350,"height":200,"srcset":"https:\/\/i0.wp.com\/www.bispectrum.lt\/wp-content\/uploads\/2017\/09\/Arise_Slider_3_v3.jpg?resize=350%2C200&ssl=1 1x, https:\/\/i0.wp.com\/www.bispectrum.lt\/wp-content\/uploads\/2017\/09\/Arise_Slider_3_v3.jpg?resize=525%2C300&ssl=1 1.5x, https:\/\/i0.wp.com\/www.bispectrum.lt\/wp-content\/uploads\/2017\/09\/Arise_Slider_3_v3.jpg?resize=700%2C400&ssl=1 2x, https:\/\/i0.wp.com\/www.bispectrum.lt\/wp-content\/uploads\/2017\/09\/Arise_Slider_3_v3.jpg?resize=1050%2C600&ssl=1 3x, https:\/\/i0.wp.com\/www.bispectrum.lt\/wp-content\/uploads\/2017\/09\/Arise_Slider_3_v3.jpg?resize=1400%2C800&ssl=1 4x"},"classes":[]},{"id":115,"url":"https:\/\/www.bispectrum.lt\/?page_id=115","url_meta":{"origin":4,"position":2},"title":"Mokymai","author":"Donatas Budrys","date":"2016-03-30","format":false,"excerpt":"Siekiate\u00a0b\u016bti nepriklausomi, patys kurti, vystyti, tobulinti savo SAP\u00a0verslo analitikos\u00a0ar planavimo\u00a0sistem\u0105? Tai paprasta ir tuo naudojasi jau ne viena Lietuvos \u012fmon\u0117. I\u0161bandykite m\u016bs\u0173 specialist\u0173 sukurt\u0105 mokym\u0173 sistem\u0105. \u0160iandien daugelis geba puikiai naudotis informacin\u0117mis technologijomis. Senokai pra\u0117jo tie laikai, kai fotoaparatus tur\u0117jo tik vienetai, kai kompiuteriais dirbdavo specialiuose skai\u010diavimo centruose. Kuo toliau\u2026","rel":"","context":"Similar post","block_context":{"text":"Similar post","link":""},"img":{"alt_text":"","src":"","width":0,"height":0},"classes":[]},{"id":1482,"url":"https:\/\/www.bispectrum.lt\/?page_id=1482","url_meta":{"origin":4,"position":3},"title":"BI Spectrum &#8211; Rivile GAMA Analitika","author":"Donatas Budrys","date":"2021-03-26","format":false,"excerpt":"BI Spectrum - Rivile GAMA Analitika - vieningas, draugi\u0161kas vartotojui ir aplinkai, lanks\u010diai \u012fgyvendinamas ir vystomas, kokybi\u0161kas, sumaniai prisitaikantis prie l\u016bkes\u010di\u0173 ir poreiki\u0173, ypatingai greitas bei prieinamas Rivile GAMA veiklos analitikos sprendimas visiems. BI Spectrum - Rivile GAMA Analitika - Trumpas apra\u0161ymas BI Spectrum - Rivile GAMA Analitikos sprendimas sukurtas\u2026","rel":"","context":"Similar post","block_context":{"text":"Similar post","link":""},"img":{"alt_text":"","src":"https:\/\/i0.wp.com\/www.bispectrum.lt\/wp-content\/uploads\/2021\/03\/BI-Spectrum-Rivile-GAMA-Analytics-001.png?resize=350%2C200&ssl=1","width":350,"height":200,"srcset":"https:\/\/i0.wp.com\/www.bispectrum.lt\/wp-content\/uploads\/2021\/03\/BI-Spectrum-Rivile-GAMA-Analytics-001.png?resize=350%2C200&ssl=1 1x, https:\/\/i0.wp.com\/www.bispectrum.lt\/wp-content\/uploads\/2021\/03\/BI-Spectrum-Rivile-GAMA-Analytics-001.png?resize=525%2C300&ssl=1 1.5x, https:\/\/i0.wp.com\/www.bispectrum.lt\/wp-content\/uploads\/2021\/03\/BI-Spectrum-Rivile-GAMA-Analytics-001.png?resize=700%2C400&ssl=1 2x, https:\/\/i0.wp.com\/www.bispectrum.lt\/wp-content\/uploads\/2021\/03\/BI-Spectrum-Rivile-GAMA-Analytics-001.png?resize=1050%2C600&ssl=1 3x, https:\/\/i0.wp.com\/www.bispectrum.lt\/wp-content\/uploads\/2021\/03\/BI-Spectrum-Rivile-GAMA-Analytics-001.png?resize=1400%2C800&ssl=1 4x"},"classes":[]},{"id":113,"url":"https:\/\/www.bispectrum.lt\/?page_id=113","url_meta":{"origin":4,"position":4},"title":"Konsultacijos","author":"Donatas Budrys","date":"2016-03-30","format":false,"excerpt":"Nor\u0117tum\u0117te i\u0161vystyti savo verslo analiz\u0119, daryti tikslesnes \u012f\u017evalgas? Pasinaudokite m\u016bs\u0173 konsultant\u0173 daugiau nei 15 met\u0173 patirtimi tiek kuriant vizij\u0105, strategij\u0105, technin\u0119 architekt\u016br\u0105, tiek diegiant ir pri\u017ei\u016brint SAP\u00a0analitikos sprendimus. \u0160iandien stebime mil\u017eini\u0161k\u0105 duomen\u0173 kiekio augim\u0105 tiek \u012fmon\u0117se, tiek pasaulyje. Neatsilikdami nuo pasaulini\u0173 tendencij\u0173, konsultuojame \u012fmones, kaip panaudoti vis\u0105 \u0161\u012f sukaupt\u0105 lob\u012f,\u2026","rel":"","context":"Similar post","block_context":{"text":"Similar post","link":""},"img":{"alt_text":"bispectrum_sap_versloanalitika_001","src":"https:\/\/i0.wp.com\/www.bispectrum.lt\/wp-content\/uploads\/2016\/03\/bispectrum_sap_versloanalitika_001-1024x442.png?resize=350%2C200","width":350,"height":200,"srcset":"https:\/\/i0.wp.com\/www.bispectrum.lt\/wp-content\/uploads\/2016\/03\/bispectrum_sap_versloanalitika_001-1024x442.png?resize=350%2C200 1x, https:\/\/i0.wp.com\/www.bispectrum.lt\/wp-content\/uploads\/2016\/03\/bispectrum_sap_versloanalitika_001-1024x442.png?resize=525%2C300 1.5x, https:\/\/i0.wp.com\/www.bispectrum.lt\/wp-content\/uploads\/2016\/03\/bispectrum_sap_versloanalitika_001-1024x442.png?resize=700%2C400 2x"},"classes":[]},{"id":15,"url":"https:\/\/www.bispectrum.lt\/?page_id=15","url_meta":{"origin":4,"position":5},"title":"Apie mus","author":"Donatas Budrys","date":"2016-03-22","format":false,"excerpt":"BI Spectrum \u2013 patikimas J\u016bs\u0173 verslo analitikos partneris. Kartu su Jumis mes sukursime J\u016bs\u0173 poreikius atitinkan\u010di\u0105 verslo analitikos ilgalaik\u0119 vizij\u0105 ir strategij\u0105, tinkamai parinksime jos \u012fgyvendinimo etapus, b\u016bdus ir priemones. M\u016bs\u0173 ilgamet\u0117 patirtis, profesionalumas, atsakingas bei lankstus po\u017ei\u016bris \u012f partneryst\u0119 u\u017etikrins J\u016bs\u0173 verslo analitikos sprendim\u0173 kokyb\u0119 ir s\u0117km\u0119. M\u016bs\u0173 vizija\u2026","rel":"","context":"Similar post","block_context":{"text":"Similar post","link":""},"img":{"alt_text":"","src":"https:\/\/i0.wp.com\/www.bispectrum.lt\/wp-content\/uploads\/2016\/03\/About_us.jpg?resize=350%2C200&ssl=1","width":350,"height":200,"srcset":"https:\/\/i0.wp.com\/www.bispectrum.lt\/wp-content\/uploads\/2016\/03\/About_us.jpg?resize=350%2C200&ssl=1 1x, https:\/\/i0.wp.com\/www.bispectrum.lt\/wp-content\/uploads\/2016\/03\/About_us.jpg?resize=525%2C300&ssl=1 1.5x, https:\/\/i0.wp.com\/www.bispectrum.lt\/wp-content\/uploads\/2016\/03\/About_us.jpg?resize=700%2C400&ssl=1 2x, https:\/\/i0.wp.com\/www.bispectrum.lt\/wp-content\/uploads\/2016\/03\/About_us.jpg?resize=1050%2C600&ssl=1 3x, https:\/\/i0.wp.com\/www.bispectrum.lt\/wp-content\/uploads\/2016\/03\/About_us.jpg?resize=1400%2C800&ssl=1 4x"},"classes":[]}],"jetpack_likes_enabled":false,"_links":{"self":[{"href":"https:\/\/www.bispectrum.lt\/index.php?rest_route=\/wp\/v2\/pages\/4","targetHints":{"allow":["GET"]}}],"collection":[{"href":"https:\/\/www.bispectrum.lt\/index.php?rest_route=\/wp\/v2\/pages"}],"about":[{"href":"https:\/\/www.bispectrum.lt\/index.php?rest_route=\/wp\/v2\/types\/page"}],"author":[{"embeddable":true,"href":"https:\/\/www.bispectrum.lt\/index.php?rest_route=\/wp\/v2\/users\/1"}],"replies":[{"embeddable":true,"href":"https:\/\/www.bispectrum.lt\/index.php?rest_route=%2Fwp%2Fv2%2Fcomments&post=4"}],"version-history":[{"count":11,"href":"https:\/\/www.bispectrum.lt\/index.php?rest_route=\/wp\/v2\/pages\/4\/revisions"}],"predecessor-version":[{"id":282,"href":"https:\/\/www.bispectrum.lt\/index.php?rest_route=\/wp\/v2\/pages\/4\/revisions\/282"}],"wp:attachment":[{"href":"https:\/\/www.bispectrum.lt\/index.php?rest_route=%2Fwp%2Fv2%2Fmedia&parent=4"}],"curies":[{"name":"wp","href":"https:\/\/api.w.org\/{rel}","templated":true}]}}