{"id":224,"date":"2016-04-12T05:44:39","date_gmt":"2016-04-12T07:44:39","guid":{"rendered":"http:\/\/www.bispectrum.lt\/?page_id=224"},"modified":"2022-04-08T12:49:26","modified_gmt":"2022-04-08T10:49:26","slug":"naujienu-prenumerata","status":"publish","type":"page","link":"https:\/\/www.bispectrum.lt\/?page_id=224","title":{"rendered":"Naujien\u0173 prenumerata"},"content":{"rendered":"<p>Prenumeruokite ir pirmieji gaukite i\u0161skirtines naujienas apie BI Spectrum veikl\u0105 bei SAP Analitikos sprendimus ir\u00a0technologijas.<\/p>\n<noscript class=\"ninja-forms-noscript-message\">\n\tNotice: JavaScript is required for this content.<\/noscript>\n<div id=\"nf-form-6-cont\" class=\"nf-form-cont\" aria-live=\"polite\" aria-labelledby=\"nf-form-title-6\" aria-describedby=\"nf-form-errors-6\" role=\"form\">\n\n    <div class=\"nf-loading-spinner\"><\/div>\n\n<\/div>\n        <!-- That data is being printed as a workaround to page builders reordering the order of the scripts loaded-->\n        <script>var formDisplay=1;var nfForms=nfForms||[];var form=[];form.id='6';form.settings={\"objectType\":\"Form Setting\",\"editActive\":true,\"title\":\"Newsletter subscribe\",\"key\":\"\",\"created_at\":\"2017-09-18 11:50:02\",\"default_label_pos\":\"above\",\"conditions\":[],\"show_title\":\"0\",\"clear_complete\":\"1\",\"hide_complete\":\"1\",\"wrapper_class\":\"\",\"element_class\":\"\",\"add_submit\":\"1\",\"logged_in\":\"\",\"not_logged_in_msg\":\"\",\"sub_limit_number\":\"\",\"sub_limit_msg\":\"\",\"calculations\":[],\"formContentData\":[\"hr_1505724057610\",\"jus_vardas_1505477721368\",\"jus_pavard_1505477769156\",\"jus_mon_s_pavadinimas_1505477851814\",\"jus_el_pasto_adresas_1505478025326\",\"prenumeruoti_1505725328461\"],\"container_styles_background-color\":\"\",\"container_styles_border\":\"\",\"container_styles_border-style\":\"\",\"container_styles_border-color\":\"\",\"container_styles_color\":\"\",\"container_styles_height\":\"\",\"container_styles_width\":\"\",\"container_styles_font-size\":\"\",\"container_styles_margin\":\"\",\"container_styles_padding\":\"\",\"container_styles_display\":\"\",\"container_styles_float\":\"\",\"container_styles_show_advanced_css\":\"0\",\"container_styles_advanced\":\"\",\"title_styles_background-color\":\"\",\"title_styles_border\":\"\",\"title_styles_border-style\":\"\",\"title_styles_border-color\":\"\",\"title_styles_color\":\"\",\"title_styles_height\":\"\",\"title_styles_width\":\"\",\"title_styles_font-size\":\"\",\"title_styles_margin\":\"\",\"title_styles_padding\":\"\",\"title_styles_display\":\"\",\"title_styles_float\":\"\",\"title_styles_show_advanced_css\":\"0\",\"title_styles_advanced\":\"\",\"row_styles_background-color\":\"\",\"row_styles_border\":\"\",\"row_styles_border-style\":\"\",\"row_styles_border-color\":\"\",\"row_styles_color\":\"\",\"row_styles_height\":\"\",\"row_styles_width\":\"\",\"row_styles_font-size\":\"\",\"row_styles_margin\":\"\",\"row_styles_padding\":\"\",\"row_styles_display\":\"\",\"row_styles_show_advanced_css\":\"0\",\"row_styles_advanced\":\"\",\"row-odd_styles_background-color\":\"\",\"row-odd_styles_border\":\"\",\"row-odd_styles_border-style\":\"\",\"row-odd_styles_border-color\":\"\",\"row-odd_styles_color\":\"\",\"row-odd_styles_height\":\"\",\"row-odd_styles_width\":\"\",\"row-odd_styles_font-size\":\"\",\"row-odd_styles_margin\":\"\",\"row-odd_styles_padding\":\"\",\"row-odd_styles_display\":\"\",\"row-odd_styles_show_advanced_css\":\"0\",\"row-odd_styles_advanced\":\"\",\"success-msg_styles_background-color\":\"\",\"success-msg_styles_border\":\"\",\"success-msg_styles_border-style\":\"\",\"success-msg_styles_border-color\":\"\",\"success-msg_styles_color\":\"\",\"success-msg_styles_height\":\"\",\"success-msg_styles_width\":\"\",\"success-msg_styles_font-size\":\"\",\"success-msg_styles_margin\":\"\",\"success-msg_styles_padding\":\"\",\"success-msg_styles_display\":\"\",\"success-msg_styles_show_advanced_css\":\"0\",\"success-msg_styles_advanced\":\"\",\"error_msg_styles_background-color\":\"\",\"error_msg_styles_border\":\"\",\"error_msg_styles_border-style\":\"\",\"error_msg_styles_border-color\":\"\",\"error_msg_styles_color\":\"\",\"error_msg_styles_height\":\"\",\"error_msg_styles_width\":\"\",\"error_msg_styles_font-size\":\"\",\"error_msg_styles_margin\":\"\",\"error_msg_styles_padding\":\"\",\"error_msg_styles_display\":\"\",\"error_msg_styles_show_advanced_css\":\"0\",\"error_msg_styles_advanced\":\"\",\"changeEmailErrorMsg\":\"Pra\\u0161au \\u012fvesti tinkam\\u0105 el. pa\\u0161to adres\\u0105.\",\"confirmFieldErrorMsg\":\"\\u0160ie laukeliai turi sutapti.\",\"fieldNumberNumMinError\":\"Per ma\\u017eai reik\\u0161mi\\u0173.\",\"fieldNumberNumMaxError\":\"Per daug reik\\u0161mi\\u0173.\",\"fieldNumberIncrementBy\":\"Pra\\u0161ome padidinti.\",\"formErrorsCorrectErrors\":\"Pra\\u0161ome i\\u0161taisyti klaidas, kad s\\u0117kmingai i\\u0161si\\u0173stum\\u0117te J\\u016bs\\u0173 \\u017einut\\u0119.\",\"validateRequiredField\":\"\\u0160is laukelis yra privalomas.\",\"honeypotHoneypotError\":\"Klaida.\",\"fieldsMarkedRequired\":\"Laukeliai pa\\u017eym\\u0117ti * yra privalomi.\",\"currency\":\"\",\"unique_field\":\"0\",\"unique_field_error\":\"A form with this value has already been submitted.\",\"drawerDisabled\":false,\"allow_public_link\":0,\"embed_form\":\"\",\"ninjaForms\":\"Ninja Forms\",\"changeDateErrorMsg\":\"Please enter a valid date!\",\"fieldTextareaRTEInsertLink\":\"Insert Link\",\"fieldTextareaRTEInsertMedia\":\"Insert Media\",\"fieldTextareaRTESelectAFile\":\"Select a file\",\"formHoneypot\":\"If you are a human seeing this field, please leave it empty.\",\"fileUploadOldCodeFileUploadInProgress\":\"File Upload in Progress.\",\"fileUploadOldCodeFileUpload\":\"FILE UPLOAD\",\"currencySymbol\":\"&euro;\",\"thousands_sep\":\"&nbsp;\",\"decimal_point\":\",\",\"siteLocale\":\"lt_LT\",\"dateFormat\":\"Y\\\/m\\\/d\",\"startOfWeek\":\"1\",\"of\":\"of\",\"previousMonth\":\"Previous Month\",\"nextMonth\":\"Next Month\",\"months\":[\"January\",\"February\",\"March\",\"April\",\"May\",\"June\",\"July\",\"August\",\"September\",\"October\",\"November\",\"December\"],\"monthsShort\":[\"Jan\",\"Feb\",\"Mar\",\"Apr\",\"May\",\"Jun\",\"Jul\",\"Aug\",\"Sep\",\"Oct\",\"Nov\",\"Dec\"],\"weekdays\":[\"Sunday\",\"Monday\",\"Tuesday\",\"Wednesday\",\"Thursday\",\"Friday\",\"Saturday\"],\"weekdaysShort\":[\"Sun\",\"Mon\",\"Tue\",\"Wed\",\"Thu\",\"Fri\",\"Sat\"],\"weekdaysMin\":[\"Su\",\"Mo\",\"Tu\",\"We\",\"Th\",\"Fr\",\"Sa\"],\"recaptchaConsentMissing\":\"reCaptcha validation couldn&#039;t load.\",\"recaptchaMissingCookie\":\"reCaptcha v3 validation couldn&#039;t load the cookie needed to submit the form.\",\"recaptchaConsentEvent\":\"Accept reCaptcha cookies before sending the form.\",\"currency_symbol\":\"\",\"beforeForm\":\"\",\"beforeFields\":\"\",\"afterFields\":\"\",\"afterForm\":\"\"};form.fields=[{\"objectType\":\"Field\",\"objectDomain\":\"fields\",\"editActive\":false,\"order\":1,\"label\":\"Divider\",\"type\":\"hr\",\"container_class\":\"\",\"element_class\":\"\",\"key\":\"hr_1505724057610\",\"drawerDisabled\":\"\",\"id\":55,\"beforeField\":\"\",\"afterField\":\"\",\"value\":\"\",\"label_pos\":\"above\",\"parentType\":\"hr\",\"element_templates\":[\"hr\",\"input\"],\"old_classname\":\"\",\"wrap_template\":\"wrap\"},{\"objectType\":\"Field\",\"objectDomain\":\"fields\",\"editActive\":false,\"order\":2,\"label\":\"J\\u016bs\\u0173 vardas\",\"type\":\"firstname\",\"key\":\"jus_vardas_1505477721368\",\"label_pos\":\"above\",\"required\":1,\"default\":\"\",\"placeholder\":\"\",\"container_class\":\"one-half first\",\"element_class\":\"\",\"admin_label\":\"\",\"help_text\":\"\",\"desc_text\":\"\",\"drawerDisabled\":\"\",\"custom_name_attribute\":\"fname\",\"personally_identifiable\":1,\"value\":\"\",\"id\":52,\"beforeField\":\"\",\"afterField\":\"\",\"parentType\":\"firstname\",\"element_templates\":[\"firstname\",\"input\"],\"old_classname\":\"\",\"wrap_template\":\"wrap\"},{\"objectType\":\"Field\",\"objectDomain\":\"fields\",\"editActive\":false,\"order\":3,\"label\":\"J\\u016bs\\u0173 pavard\\u0117\",\"type\":\"lastname\",\"key\":\"jus_pavard_1505477769156\",\"label_pos\":\"above\",\"required\":1,\"default\":\"\",\"placeholder\":\"\",\"container_class\":\"one-half\",\"element_class\":\"\",\"admin_label\":\"\",\"help_text\":\"\",\"desc_text\":\"\",\"drawerDisabled\":\"\",\"custom_name_attribute\":\"lname\",\"personally_identifiable\":1,\"value\":\"\",\"id\":53,\"beforeField\":\"\",\"afterField\":\"\",\"parentType\":\"lastname\",\"element_templates\":[\"lastname\",\"input\"],\"old_classname\":\"\",\"wrap_template\":\"wrap\"},{\"objectType\":\"Field\",\"objectDomain\":\"fields\",\"editActive\":false,\"order\":4,\"label\":\"J\\u016bs\\u0173 \\u012fmon\\u0117s pavadinimas\",\"type\":\"textbox\",\"key\":\"jus_mon_s_pavadinimas_1505477851814\",\"label_pos\":\"above\",\"required\":1,\"default\":\"\",\"placeholder\":\"\",\"container_class\":\"one-half first\",\"element_class\":\"\",\"input_limit\":\"\",\"input_limit_type\":\"characters\",\"input_limit_msg\":\"Character(s) left\",\"manual_key\":\"\",\"disable_input\":\"\",\"admin_label\":\"\",\"help_text\":\"\",\"desc_text\":\"\",\"disable_browser_autocomplete\":\"\",\"mask\":\"\",\"custom_mask\":\"\",\"drawerDisabled\":\"\",\"custom_name_attribute\":\"\",\"personally_identifiable\":\"\",\"value\":\"\",\"id\":54,\"beforeField\":\"\",\"afterField\":\"\",\"parentType\":\"textbox\",\"element_templates\":[\"textbox\",\"input\"],\"old_classname\":\"\",\"wrap_template\":\"wrap\"},{\"objectType\":\"Field\",\"objectDomain\":\"fields\",\"editActive\":false,\"order\":5,\"label_pos\":\"above\",\"required\":1,\"placeholder\":\"\",\"default\":\"\",\"wrapper_class\":\"\",\"element_class\":\"\",\"container_class\":\"one-half\",\"admin_label\":\"\",\"help_text\":\"\",\"desc_text\":\"\",\"wrap_styles_background-color\":\"\",\"wrap_styles_border\":\"\",\"wrap_styles_border-style\":\"\",\"wrap_styles_border-color\":\"\",\"wrap_styles_color\":\"\",\"wrap_styles_height\":\"\",\"wrap_styles_width\":\"\",\"wrap_styles_font-size\":\"\",\"wrap_styles_margin\":\"\",\"wrap_styles_padding\":\"\",\"wrap_styles_display\":\"\",\"wrap_styles_float\":\"\",\"wrap_styles_show_advanced_css\":0,\"wrap_styles_advanced\":\"\",\"label_styles_background-color\":\"\",\"label_styles_border\":\"\",\"label_styles_border-style\":\"\",\"label_styles_border-color\":\"\",\"label_styles_color\":\"\",\"label_styles_height\":\"\",\"label_styles_width\":\"\",\"label_styles_font-size\":\"\",\"label_styles_margin\":\"\",\"label_styles_padding\":\"\",\"label_styles_display\":\"\",\"label_styles_float\":\"\",\"label_styles_show_advanced_css\":0,\"label_styles_advanced\":\"\",\"element_styles_background-color\":\"\",\"element_styles_border\":\"\",\"element_styles_border-style\":\"\",\"element_styles_border-color\":\"\",\"element_styles_color\":\"\",\"element_styles_height\":\"\",\"element_styles_width\":\"\",\"element_styles_font-size\":\"\",\"element_styles_margin\":\"\",\"element_styles_padding\":\"\",\"element_styles_display\":\"\",\"element_styles_float\":\"\",\"element_styles_show_advanced_css\":0,\"element_styles_advanced\":\"\",\"cellcid\":\"c3281\",\"label\":\"J\\u016bs\\u0173 el. pa\\u0161to adresas\",\"key\":\"jus_el_pasto_adresas_1505478025326\",\"type\":\"email\",\"created_at\":\"2017-09-15 10:13:43\",\"drawerDisabled\":\"\",\"custom_name_attribute\":\"email\",\"personally_identifiable\":1,\"value\":\"\",\"id\":49,\"beforeField\":\"\",\"afterField\":\"\",\"parentType\":\"email\",\"element_templates\":[\"email\",\"input\"],\"old_classname\":\"\",\"wrap_template\":\"wrap\"},{\"objectType\":\"Field\",\"objectDomain\":\"fields\",\"editActive\":false,\"order\":7,\"processing_label\":\"Prenumeruojama\",\"container_class\":\"\",\"element_class\":\"\",\"wrap_styles_background-color\":\"\",\"wrap_styles_border\":\"\",\"wrap_styles_border-style\":\"\",\"wrap_styles_border-color\":\"\",\"wrap_styles_color\":\"\",\"wrap_styles_height\":\"\",\"wrap_styles_width\":\"\",\"wrap_styles_font-size\":\"\",\"wrap_styles_margin\":\"\",\"wrap_styles_padding\":\"\",\"wrap_styles_display\":\"\",\"wrap_styles_float\":\"\",\"wrap_styles_show_advanced_css\":0,\"wrap_styles_advanced\":\"\",\"label_styles_background-color\":\"\",\"label_styles_border\":\"\",\"label_styles_border-style\":\"\",\"label_styles_border-color\":\"\",\"label_styles_color\":\"\",\"label_styles_height\":\"\",\"label_styles_width\":\"\",\"label_styles_font-size\":\"\",\"label_styles_margin\":\"\",\"label_styles_padding\":\"\",\"label_styles_display\":\"\",\"label_styles_float\":\"\",\"label_styles_show_advanced_css\":0,\"label_styles_advanced\":\"\",\"element_styles_background-color\":\"\",\"element_styles_border\":\"\",\"element_styles_border-style\":\"\",\"element_styles_border-color\":\"\",\"element_styles_color\":\"\",\"element_styles_height\":\"\",\"element_styles_width\":\"\",\"element_styles_font-size\":\"\",\"element_styles_margin\":\"\",\"element_styles_padding\":\"\",\"element_styles_display\":\"\",\"element_styles_float\":\"\",\"element_styles_show_advanced_css\":0,\"element_styles_advanced\":\"\",\"submit_element_hover_styles_background-color\":\"\",\"submit_element_hover_styles_border\":\"\",\"submit_element_hover_styles_border-style\":\"\",\"submit_element_hover_styles_border-color\":\"\",\"submit_element_hover_styles_color\":\"\",\"submit_element_hover_styles_height\":\"\",\"submit_element_hover_styles_width\":\"\",\"submit_element_hover_styles_font-size\":\"\",\"submit_element_hover_styles_margin\":\"\",\"submit_element_hover_styles_padding\":\"\",\"submit_element_hover_styles_display\":\"\",\"submit_element_hover_styles_float\":\"\",\"submit_element_hover_styles_show_advanced_css\":0,\"submit_element_hover_styles_advanced\":\"\",\"cellcid\":\"c3287\",\"label\":\"Prenumeruoti\",\"key\":\"prenumeruoti_1505725328461\",\"type\":\"submit\",\"created_at\":\"2017-09-15 10:13:43\",\"drawerDisabled\":false,\"id\":51,\"beforeField\":\"\",\"afterField\":\"\",\"value\":\"\",\"label_pos\":\"above\",\"parentType\":\"textbox\",\"element_templates\":[\"submit\",\"button\",\"input\"],\"old_classname\":\"\",\"wrap_template\":\"wrap-no-label\"}];nfForms.push(form);<\/script>\n        \n<p>Jeigu nusprend\u0117te atsisakyti BI Spectrum naujien\u0173 prenumeratos, spauskite <a href=\"http:\/\/www.bispectrum.lt\/?page_id=452\">\u010dia<\/a>.<\/p>\n<p>UAB BI Spectrum, juridinio asmens kodas 302855499, J\u016bs\u0173 pateiktus asmens duomenis (vard\u0105, pavard\u0119, \u012fmon\u0117s pavadinim\u0105 ir elektronin\u012f pa\u0161to adres\u0105) naudos tik BI Spectrum naujien\u0173 siuntimo J\u016bs\u0173 nurodytu elektroninio pa\u0161to adresu tikslu.<\/p>\n<p>&nbsp;<\/p>\n","protected":false},"excerpt":{"rendered":"<p>Prenumeruokite ir pirmieji gaukite i\u0161skirtines naujienas apie BI Spectrum veikl\u0105 bei SAP Analitikos sprendimus ir\u00a0technologijas. Jeigu nusprend\u0117te atsisakyti BI Spectrum naujien\u0173 prenumeratos, spauskite \u010dia. UAB BI Spectrum, juridinio asmens kodas&hellip; <\/p>\n","protected":false},"author":1,"featured_media":0,"parent":0,"menu_order":0,"comment_status":"closed","ping_status":"closed","template":"","meta":{"jetpack_post_was_ever_published":false,"footnotes":""},"class_list":["post-224","page","type-page","status-publish","hentry","clearfix"],"jetpack_sharing_enabled":true,"jetpack_shortlink":"https:\/\/wp.me\/P9dFXc-3C","jetpack-related-posts":[{"id":194,"url":"https:\/\/www.bispectrum.lt\/?page_id=194","url_meta":{"origin":224,"position":0},"title":"BI Spectrum","author":"Donatas Budrys","date":"2016-04-01","format":false,"excerpt":"BI Spectrum \u2013 patikimas J\u016bs\u0173 verslo analitikos partneris. Kartu su Jumis mes sukursime J\u016bs\u0173 poreikius atitinkan\u010di\u0105 verslo analitikos ilgalaik\u0119 vizij\u0105 ir strategij\u0105, tinkamai parinksime jos \u012fgyvendinimo etapus, b\u016bdus ir priemones. M\u016bs\u0173 ilgamet\u0117 patirtis, profesionalumas, atsakingas bei lankstus po\u017ei\u016bris \u012f partneryst\u0119 u\u017etikrins J\u016bs\u0173 verslo analitikos sprendim\u0173 kokyb\u0119 ir s\u0117km\u0119","rel":"","context":"Similar post","block_context":{"text":"Similar post","link":""},"img":{"alt_text":"","src":"","width":0,"height":0},"classes":[]},{"id":15,"url":"https:\/\/www.bispectrum.lt\/?page_id=15","url_meta":{"origin":224,"position":1},"title":"Apie mus","author":"Donatas Budrys","date":"2016-03-22","format":false,"excerpt":"BI Spectrum \u2013 patikimas J\u016bs\u0173 verslo analitikos partneris. Kartu su Jumis mes sukursime J\u016bs\u0173 poreikius atitinkan\u010di\u0105 verslo analitikos ilgalaik\u0119 vizij\u0105 ir strategij\u0105, tinkamai parinksime jos \u012fgyvendinimo etapus, b\u016bdus ir priemones. M\u016bs\u0173 ilgamet\u0117 patirtis, profesionalumas, atsakingas bei lankstus po\u017ei\u016bris \u012f partneryst\u0119 u\u017etikrins J\u016bs\u0173 verslo analitikos sprendim\u0173 kokyb\u0119 ir s\u0117km\u0119. M\u016bs\u0173 vizija\u2026","rel":"","context":"Similar post","block_context":{"text":"Similar post","link":""},"img":{"alt_text":"","src":"https:\/\/i0.wp.com\/www.bispectrum.lt\/wp-content\/uploads\/2016\/03\/About_us.jpg?resize=350%2C200&ssl=1","width":350,"height":200,"srcset":"https:\/\/i0.wp.com\/www.bispectrum.lt\/wp-content\/uploads\/2016\/03\/About_us.jpg?resize=350%2C200&ssl=1 1x, https:\/\/i0.wp.com\/www.bispectrum.lt\/wp-content\/uploads\/2016\/03\/About_us.jpg?resize=525%2C300&ssl=1 1.5x, https:\/\/i0.wp.com\/www.bispectrum.lt\/wp-content\/uploads\/2016\/03\/About_us.jpg?resize=700%2C400&ssl=1 2x, https:\/\/i0.wp.com\/www.bispectrum.lt\/wp-content\/uploads\/2016\/03\/About_us.jpg?resize=1050%2C600&ssl=1 3x, https:\/\/i0.wp.com\/www.bispectrum.lt\/wp-content\/uploads\/2016\/03\/About_us.jpg?resize=1400%2C800&ssl=1 4x"},"classes":[]},{"id":1482,"url":"https:\/\/www.bispectrum.lt\/?page_id=1482","url_meta":{"origin":224,"position":2},"title":"BI Spectrum &#8211; Rivile GAMA Analitika","author":"Donatas Budrys","date":"2021-03-26","format":false,"excerpt":"BI Spectrum - Rivile GAMA Analitika - vieningas, draugi\u0161kas vartotojui ir aplinkai, lanks\u010diai \u012fgyvendinamas ir vystomas, kokybi\u0161kas, sumaniai prisitaikantis prie l\u016bkes\u010di\u0173 ir poreiki\u0173, ypatingai greitas bei prieinamas Rivile GAMA veiklos analitikos sprendimas visiems. BI Spectrum - Rivile GAMA Analitika - Trumpas apra\u0161ymas BI Spectrum - Rivile GAMA Analitikos sprendimas sukurtas\u2026","rel":"","context":"Similar post","block_context":{"text":"Similar post","link":""},"img":{"alt_text":"","src":"https:\/\/i0.wp.com\/www.bispectrum.lt\/wp-content\/uploads\/2021\/03\/BI-Spectrum-Rivile-GAMA-Analytics-001.png?resize=350%2C200&ssl=1","width":350,"height":200,"srcset":"https:\/\/i0.wp.com\/www.bispectrum.lt\/wp-content\/uploads\/2021\/03\/BI-Spectrum-Rivile-GAMA-Analytics-001.png?resize=350%2C200&ssl=1 1x, https:\/\/i0.wp.com\/www.bispectrum.lt\/wp-content\/uploads\/2021\/03\/BI-Spectrum-Rivile-GAMA-Analytics-001.png?resize=525%2C300&ssl=1 1.5x, https:\/\/i0.wp.com\/www.bispectrum.lt\/wp-content\/uploads\/2021\/03\/BI-Spectrum-Rivile-GAMA-Analytics-001.png?resize=700%2C400&ssl=1 2x, https:\/\/i0.wp.com\/www.bispectrum.lt\/wp-content\/uploads\/2021\/03\/BI-Spectrum-Rivile-GAMA-Analytics-001.png?resize=1050%2C600&ssl=1 3x, https:\/\/i0.wp.com\/www.bispectrum.lt\/wp-content\/uploads\/2021\/03\/BI-Spectrum-Rivile-GAMA-Analytics-001.png?resize=1400%2C800&ssl=1 4x"},"classes":[]},{"id":465,"url":"https:\/\/www.bispectrum.lt\/?page_id=465","url_meta":{"origin":224,"position":3},"title":"BI Spectrum renginys &#8211; SAP Analytics Cloud &#8211; 2017-11-17","author":"Donatas Budrys","date":"2017-09-18","format":false,"excerpt":"Kvie\u010diame Jus \u012f BI Spectrum organizuojam\u0105 nemokam\u0105 seminar\u0105 internete \u2014 SAP Analytics Cloud \u2013 verslo analitika visiems. SAP Analytics Cloud \u2013 tai \u0161iuolaiki\u0161kas, intuityvus bei pa\u017eangus naujos kartos SAP verslo analitikos sprendimas, apr\u0117piantis visas analitikos, prognozavimo, planavimo ir bendradarbiavimo galimybes vieningoje SaaS aplinkoje. Seminare ap\u017evelgsime verslo analitikams aktualias SAP Analytics\u2026","rel":"","context":"Similar post","block_context":{"text":"Similar post","link":""},"img":{"alt_text":"","src":"https:\/\/i0.wp.com\/www.bispectrum.lt\/wp-content\/uploads\/2017\/10\/BISpectrum_Event_SAPAnalyticsCloud_20171117.png?resize=350%2C200","width":350,"height":200,"srcset":"https:\/\/i0.wp.com\/www.bispectrum.lt\/wp-content\/uploads\/2017\/10\/BISpectrum_Event_SAPAnalyticsCloud_20171117.png?resize=350%2C200 1x, https:\/\/i0.wp.com\/www.bispectrum.lt\/wp-content\/uploads\/2017\/10\/BISpectrum_Event_SAPAnalyticsCloud_20171117.png?resize=525%2C300 1.5x, https:\/\/i0.wp.com\/www.bispectrum.lt\/wp-content\/uploads\/2017\/10\/BISpectrum_Event_SAPAnalyticsCloud_20171117.png?resize=700%2C400 2x, https:\/\/i0.wp.com\/www.bispectrum.lt\/wp-content\/uploads\/2017\/10\/BISpectrum_Event_SAPAnalyticsCloud_20171117.png?resize=1050%2C600 3x"},"classes":[]},{"id":181,"url":"https:\/\/www.bispectrum.lt\/?page_id=181","url_meta":{"origin":224,"position":4},"title":"SAP Crystal partneris","author":"Donatas Budrys","date":"2016-03-31","format":false,"excerpt":"BI Spectrum yra SAP\u00ae Crystal partneris SAP\u00ae Crystal partneryst\u0117 mums atveria naujas galimybes Jums pasi\u016blyti pa\u017eangius ir inovatyvius SAP\u00ae Verslo Analitikos sprendimus ir technologijas Jums palankiausiomis s\u0105lygomis, kad J\u016bs\u0173 pirmieji \u017eingsniai Verslo Analitikos kelyje b\u016bt\u0173 tvirti, saug\u016bs ir u\u017etikrinti. Daugiau informacijos apie SAP\u00ae rasite http:\/\/www.sap.com.","rel":"","context":"Similar post","block_context":{"text":"Similar post","link":""},"img":{"alt_text":"sapcrystal_partner_logo","src":"https:\/\/i0.wp.com\/www.bispectrum.lt\/wp-content\/uploads\/2016\/03\/sapcrystal_partner_logo.png?resize=350%2C200","width":350,"height":200},"classes":[]},{"id":177,"url":"https:\/\/www.bispectrum.lt\/?page_id=177","url_meta":{"origin":224,"position":5},"title":"SAP partneris","author":"Donatas Budrys","date":"2016-03-31","format":false,"excerpt":"BI Spectrum yra SAP\u00ae partneris Mes esame pasireng\u0119 Jums suteikti vis\u0105 spektr\u0105 SAP\u00ae Verslo Analitikos paslaug\u0173, \u012fskaitant licencij\u0173 ir licencinio palaikymo \u012fsigijim\u0105, konsultacijas, verslo analitini\u0173 sistem\u0173 projektavim\u0105, diegim\u0105, k\u016brim\u0105, prie\u017ei\u016br\u0105 ir vystym\u0105. Daugiau informacijos apie SAP\u00ae rasite http:\/\/www.sap.com . Apdovanojimai BI Spectrum - SAP Newcomer of the Year 2013 \u2013\u2026","rel":"","context":"Similar post","block_context":{"text":"Similar post","link":""},"img":{"alt_text":"","src":"https:\/\/i0.wp.com\/www.bispectrum.lt\/wp-content\/uploads\/2016\/03\/sap_partner_logo.png?resize=350%2C200","width":350,"height":200},"classes":[]}],"jetpack_likes_enabled":false,"_links":{"self":[{"href":"https:\/\/www.bispectrum.lt\/index.php?rest_route=\/wp\/v2\/pages\/224","targetHints":{"allow":["GET"]}}],"collection":[{"href":"https:\/\/www.bispectrum.lt\/index.php?rest_route=\/wp\/v2\/pages"}],"about":[{"href":"https:\/\/www.bispectrum.lt\/index.php?rest_route=\/wp\/v2\/types\/page"}],"author":[{"embeddable":true,"href":"https:\/\/www.bispectrum.lt\/index.php?rest_route=\/wp\/v2\/users\/1"}],"replies":[{"embeddable":true,"href":"https:\/\/www.bispectrum.lt\/index.php?rest_route=%2Fwp%2Fv2%2Fcomments&post=224"}],"version-history":[{"count":6,"href":"https:\/\/www.bispectrum.lt\/index.php?rest_route=\/wp\/v2\/pages\/224\/revisions"}],"predecessor-version":[{"id":715,"href":"https:\/\/www.bispectrum.lt\/index.php?rest_route=\/wp\/v2\/pages\/224\/revisions\/715"}],"wp:attachment":[{"href":"https:\/\/www.bispectrum.lt\/index.php?rest_route=%2Fwp%2Fv2%2Fmedia&parent=224"}],"curies":[{"name":"wp","href":"https:\/\/api.w.org\/{rel}","templated":true}]}}