{"id":1829,"date":"2022-01-10T17:12:36","date_gmt":"2022-01-10T15:12:36","guid":{"rendered":"http:\/\/www.bispectrum.lt\/?page_id=1829"},"modified":"2022-04-08T12:49:26","modified_gmt":"2022-04-08T10:49:26","slug":"need4viz-partneris","status":"publish","type":"page","link":"https:\/\/www.bispectrum.lt\/?page_id=1829","title":{"rendered":"Need4Viz partneris"},"content":{"rendered":"\n<p><strong>BI Spectrum yra Need4Viz partneris<\/strong><\/p>\n\n\n\n<!--more-->\n\n\n\n<p><strong>Need4Viz<\/strong> &#8211; papildomos Web Intelligence (SAP BusinessObjects) vizualizacijos, suteikian\u010dios Web Intelligence priemonei dar daugiau interaktyvios duomen\u0173 analiz\u0117s ir informacijos vaizdavimo galimybi\u0173.<\/p>\n\n\n\n<p><strong>BI Spectrum yra Need4Viz partneris<\/strong>. Mes esame pasireng\u0119 Jums suteikti vis\u0105 spektr\u0105 Need4Viz sukurt\u0173 SAP BusinessObjects Web Intelligence interaktyvios duomen\u0173 analiz\u0117s element\u0173 ir vizualizacij\u0173 pardavimo, diegimo bei naudojimo mokym\u0173 paslaug\u0173.<\/p>\n\n\n\n<figure class=\"wp-block-image size-large\"><img loading=\"lazy\" decoding=\"async\" width=\"1024\" height=\"576\" data-attachment-id=\"1836\" data-permalink=\"https:\/\/www.bispectrum.lt\/?attachment_id=1836\" data-orig-file=\"https:\/\/www.bispectrum.lt\/wp-content\/uploads\/2022\/01\/Need4Viz_001.jpeg\" data-orig-size=\"1920,1080\" data-comments-opened=\"0\" data-image-meta=\"{&quot;aperture&quot;:&quot;0&quot;,&quot;credit&quot;:&quot;&quot;,&quot;camera&quot;:&quot;&quot;,&quot;caption&quot;:&quot;&quot;,&quot;created_timestamp&quot;:&quot;0&quot;,&quot;copyright&quot;:&quot;&quot;,&quot;focal_length&quot;:&quot;0&quot;,&quot;iso&quot;:&quot;0&quot;,&quot;shutter_speed&quot;:&quot;0&quot;,&quot;title&quot;:&quot;&quot;,&quot;orientation&quot;:&quot;0&quot;}\" data-image-title=\"Need4Viz_001\" data-image-description=\"\" data-image-caption=\"\" data-medium-file=\"https:\/\/www.bispectrum.lt\/wp-content\/uploads\/2022\/01\/Need4Viz_001-300x169.jpeg\" data-large-file=\"https:\/\/www.bispectrum.lt\/wp-content\/uploads\/2022\/01\/Need4Viz_001-1024x576.jpeg\" src=\"http:\/\/www.bispectrum.lt\/wp-content\/uploads\/2022\/01\/Need4Viz_001-1024x576.jpeg\" alt=\"\" class=\"wp-image-1836\" srcset=\"https:\/\/www.bispectrum.lt\/wp-content\/uploads\/2022\/01\/Need4Viz_001-1024x576.jpeg 1024w, https:\/\/www.bispectrum.lt\/wp-content\/uploads\/2022\/01\/Need4Viz_001-300x169.jpeg 300w, https:\/\/www.bispectrum.lt\/wp-content\/uploads\/2022\/01\/Need4Viz_001-768x432.jpeg 768w, https:\/\/www.bispectrum.lt\/wp-content\/uploads\/2022\/01\/Need4Viz_001-1536x864.jpeg 1536w, https:\/\/www.bispectrum.lt\/wp-content\/uploads\/2022\/01\/Need4Viz_001.jpeg 1920w\" sizes=\"auto, (max-width: 1024px) 100vw, 1024px\" \/><\/figure>\n\n\n\n<p>Daugiau informacijos apie Need4Viz rasite <a href=\"https:\/\/www.need4viz.com\" target=\"_blank\" rel=\"noreferrer noopener\">https:\/\/www.need4viz.com<\/a> .<\/p>\n\n\n\n<figure class=\"wp-block-image size-full\"><img loading=\"lazy\" decoding=\"async\" width=\"600\" height=\"193\" data-attachment-id=\"1834\" data-permalink=\"https:\/\/www.bispectrum.lt\/?attachment_id=1834\" data-orig-file=\"https:\/\/www.bispectrum.lt\/wp-content\/uploads\/2022\/01\/Need4Viz_Partner_Logo_002.png\" data-orig-size=\"600,193\" data-comments-opened=\"0\" data-image-meta=\"{&quot;aperture&quot;:&quot;0&quot;,&quot;credit&quot;:&quot;&quot;,&quot;camera&quot;:&quot;&quot;,&quot;caption&quot;:&quot;&quot;,&quot;created_timestamp&quot;:&quot;0&quot;,&quot;copyright&quot;:&quot;&quot;,&quot;focal_length&quot;:&quot;0&quot;,&quot;iso&quot;:&quot;0&quot;,&quot;shutter_speed&quot;:&quot;0&quot;,&quot;title&quot;:&quot;&quot;,&quot;orientation&quot;:&quot;0&quot;}\" data-image-title=\"Need4Viz_Partner_Logo_002\" data-image-description=\"\" data-image-caption=\"\" data-medium-file=\"https:\/\/www.bispectrum.lt\/wp-content\/uploads\/2022\/01\/Need4Viz_Partner_Logo_002-300x97.png\" data-large-file=\"https:\/\/www.bispectrum.lt\/wp-content\/uploads\/2022\/01\/Need4Viz_Partner_Logo_002.png\" src=\"http:\/\/www.bispectrum.lt\/wp-content\/uploads\/2022\/01\/Need4Viz_Partner_Logo_002.png\" alt=\"\" class=\"wp-image-1834\" srcset=\"https:\/\/www.bispectrum.lt\/wp-content\/uploads\/2022\/01\/Need4Viz_Partner_Logo_002.png 600w, https:\/\/www.bispectrum.lt\/wp-content\/uploads\/2022\/01\/Need4Viz_Partner_Logo_002-300x97.png 300w\" sizes=\"auto, (max-width: 600px) 100vw, 600px\" \/><\/figure>\n","protected":false},"excerpt":{"rendered":"<p>BI Spectrum yra Need4Viz partneris<\/p>\n","protected":false},"author":1,"featured_media":1833,"parent":0,"menu_order":0,"comment_status":"closed","ping_status":"closed","template":"","meta":{"jetpack_post_was_ever_published":false,"footnotes":""},"class_list":["post-1829","page","type-page","status-publish","has-post-thumbnail","hentry","clearfix"],"jetpack_sharing_enabled":true,"jetpack_shortlink":"https:\/\/wp.me\/P9dFXc-tv","jetpack-related-posts":[{"id":1709,"url":"https:\/\/www.bispectrum.lt\/?page_id=1709","url_meta":{"origin":1829,"position":0},"title":"Wiiisdom partneris","author":"Donatas Budrys","date":"2021-09-21","format":false,"excerpt":"BI Spectrum yra Wiiisdom partneris Lietuvoje Naudodami draugi\u0161kas vartotojui, lanks\u010dias ir galingas Wiiisdom sukurtas papildomas i\u0161pl\u0117stines SAP\u00ae BusinessObjects\u2122 sistem\u0173 administravimo, saugumo, interaktyvi\u0173 rezervini\u0173 kopij\u0173 k\u016brimo, automatinio ataskait\u0173 publikavimo, metaduomen\u0173 analiz\u0117s, versijavimo, audito ir licencij\u0173 suderinamumo priemones bei pritaikytuosius portalus (360 Suite), mes esame pasireng\u0119 i\u0161pl\u0117sti Jums teikiam\u0173 paslaug\u0173 ir sprendim\u0173\u2026","rel":"","context":"Similar post","block_context":{"text":"Similar post","link":""},"img":{"alt_text":"","src":"https:\/\/i0.wp.com\/www.bispectrum.lt\/wp-content\/uploads\/2021\/09\/Wiiisdom_Partner_Logo_600x169.png?resize=350%2C200","width":350,"height":200,"srcset":"https:\/\/i0.wp.com\/www.bispectrum.lt\/wp-content\/uploads\/2021\/09\/Wiiisdom_Partner_Logo_600x169.png?resize=350%2C200 1x, https:\/\/i0.wp.com\/www.bispectrum.lt\/wp-content\/uploads\/2021\/09\/Wiiisdom_Partner_Logo_600x169.png?resize=525%2C300 1.5x"},"classes":[]},{"id":179,"url":"https:\/\/www.bispectrum.lt\/?page_id=179","url_meta":{"origin":1829,"position":1},"title":"GB&#038;Smith partneris","author":"Donatas Budrys","date":"2016-03-31","format":false,"excerpt":"BI Spectrum yra GB and Smith partneris Lietuvoje Naudodami draugi\u0161kas vartotojui, lanks\u010dias ir galingas GB and Smith sukurtas papildomas i\u0161pl\u0117stines SAP\u00ae BusinessObjects\u2122 sistem\u0173 administravimo, saugumo, interaktyvi\u0173 rezervini\u0173 kopij\u0173 k\u016brimo, automatinio ataskait\u0173 publikavimo, metaduomen\u0173 analiz\u0117s, versijavimo, audito ir licencij\u0173 suderinamumo priemones bei pritaikytuosius portalus, mes esame pasireng\u0119 i\u0161pl\u0117sti Jums teikiam\u0173 paslaug\u0173\u2026","rel":"","context":"Similar post","block_context":{"text":"Similar post","link":""},"img":{"alt_text":"gbandsmith_partner_logo","src":"https:\/\/i0.wp.com\/www.bispectrum.lt\/wp-content\/uploads\/2016\/03\/gbandsmith_partner_logo.png?resize=350%2C200","width":350,"height":200},"classes":[]},{"id":1482,"url":"https:\/\/www.bispectrum.lt\/?page_id=1482","url_meta":{"origin":1829,"position":2},"title":"BI Spectrum &#8211; Rivile GAMA Analitika","author":"Donatas Budrys","date":"2021-03-26","format":false,"excerpt":"BI Spectrum - Rivile GAMA Analitika - vieningas, draugi\u0161kas vartotojui ir aplinkai, lanks\u010diai \u012fgyvendinamas ir vystomas, kokybi\u0161kas, sumaniai prisitaikantis prie l\u016bkes\u010di\u0173 ir poreiki\u0173, ypatingai greitas bei prieinamas Rivile GAMA veiklos analitikos sprendimas visiems. BI Spectrum - Rivile GAMA Analitika - Trumpas apra\u0161ymas BI Spectrum - Rivile GAMA Analitikos sprendimas sukurtas\u2026","rel":"","context":"Similar post","block_context":{"text":"Similar post","link":""},"img":{"alt_text":"","src":"https:\/\/i0.wp.com\/www.bispectrum.lt\/wp-content\/uploads\/2021\/03\/BI-Spectrum-Rivile-GAMA-Analytics-001.png?resize=350%2C200&ssl=1","width":350,"height":200,"srcset":"https:\/\/i0.wp.com\/www.bispectrum.lt\/wp-content\/uploads\/2021\/03\/BI-Spectrum-Rivile-GAMA-Analytics-001.png?resize=350%2C200&ssl=1 1x, https:\/\/i0.wp.com\/www.bispectrum.lt\/wp-content\/uploads\/2021\/03\/BI-Spectrum-Rivile-GAMA-Analytics-001.png?resize=525%2C300&ssl=1 1.5x, https:\/\/i0.wp.com\/www.bispectrum.lt\/wp-content\/uploads\/2021\/03\/BI-Spectrum-Rivile-GAMA-Analytics-001.png?resize=700%2C400&ssl=1 2x, https:\/\/i0.wp.com\/www.bispectrum.lt\/wp-content\/uploads\/2021\/03\/BI-Spectrum-Rivile-GAMA-Analytics-001.png?resize=1050%2C600&ssl=1 3x, https:\/\/i0.wp.com\/www.bispectrum.lt\/wp-content\/uploads\/2021\/03\/BI-Spectrum-Rivile-GAMA-Analytics-001.png?resize=1400%2C800&ssl=1 4x"},"classes":[]},{"id":177,"url":"https:\/\/www.bispectrum.lt\/?page_id=177","url_meta":{"origin":1829,"position":3},"title":"SAP partneris","author":"Donatas Budrys","date":"2016-03-31","format":false,"excerpt":"BI Spectrum yra SAP\u00ae partneris Mes esame pasireng\u0119 Jums suteikti vis\u0105 spektr\u0105 SAP\u00ae Verslo Analitikos paslaug\u0173, \u012fskaitant licencij\u0173 ir licencinio palaikymo \u012fsigijim\u0105, konsultacijas, verslo analitini\u0173 sistem\u0173 projektavim\u0105, diegim\u0105, k\u016brim\u0105, prie\u017ei\u016br\u0105 ir vystym\u0105. Daugiau informacijos apie SAP\u00ae rasite http:\/\/www.sap.com . Apdovanojimai BI Spectrum - SAP Newcomer of the Year 2013 \u2013\u2026","rel":"","context":"Similar post","block_context":{"text":"Similar post","link":""},"img":{"alt_text":"","src":"https:\/\/i0.wp.com\/www.bispectrum.lt\/wp-content\/uploads\/2016\/03\/sap_partner_logo.png?resize=350%2C200","width":350,"height":200},"classes":[]},{"id":181,"url":"https:\/\/www.bispectrum.lt\/?page_id=181","url_meta":{"origin":1829,"position":4},"title":"SAP Crystal partneris","author":"Donatas Budrys","date":"2016-03-31","format":false,"excerpt":"BI Spectrum yra SAP\u00ae Crystal partneris SAP\u00ae Crystal partneryst\u0117 mums atveria naujas galimybes Jums pasi\u016blyti pa\u017eangius ir inovatyvius SAP\u00ae Verslo Analitikos sprendimus ir technologijas Jums palankiausiomis s\u0105lygomis, kad J\u016bs\u0173 pirmieji \u017eingsniai Verslo Analitikos kelyje b\u016bt\u0173 tvirti, saug\u016bs ir u\u017etikrinti. Daugiau informacijos apie SAP\u00ae rasite http:\/\/www.sap.com.","rel":"","context":"Similar post","block_context":{"text":"Similar post","link":""},"img":{"alt_text":"sapcrystal_partner_logo","src":"https:\/\/i0.wp.com\/www.bispectrum.lt\/wp-content\/uploads\/2016\/03\/sapcrystal_partner_logo.png?resize=350%2C200","width":350,"height":200},"classes":[]},{"id":465,"url":"https:\/\/www.bispectrum.lt\/?page_id=465","url_meta":{"origin":1829,"position":5},"title":"BI Spectrum renginys &#8211; SAP Analytics Cloud &#8211; 2017-11-17","author":"Donatas Budrys","date":"2017-09-18","format":false,"excerpt":"Kvie\u010diame Jus \u012f BI Spectrum organizuojam\u0105 nemokam\u0105 seminar\u0105 internete \u2014 SAP Analytics Cloud \u2013 verslo analitika visiems. SAP Analytics Cloud \u2013 tai \u0161iuolaiki\u0161kas, intuityvus bei pa\u017eangus naujos kartos SAP verslo analitikos sprendimas, apr\u0117piantis visas analitikos, prognozavimo, planavimo ir bendradarbiavimo galimybes vieningoje SaaS aplinkoje. Seminare ap\u017evelgsime verslo analitikams aktualias SAP Analytics\u2026","rel":"","context":"Similar post","block_context":{"text":"Similar post","link":""},"img":{"alt_text":"","src":"https:\/\/i0.wp.com\/www.bispectrum.lt\/wp-content\/uploads\/2017\/10\/BISpectrum_Event_SAPAnalyticsCloud_20171117.png?resize=350%2C200","width":350,"height":200,"srcset":"https:\/\/i0.wp.com\/www.bispectrum.lt\/wp-content\/uploads\/2017\/10\/BISpectrum_Event_SAPAnalyticsCloud_20171117.png?resize=350%2C200 1x, https:\/\/i0.wp.com\/www.bispectrum.lt\/wp-content\/uploads\/2017\/10\/BISpectrum_Event_SAPAnalyticsCloud_20171117.png?resize=525%2C300 1.5x, https:\/\/i0.wp.com\/www.bispectrum.lt\/wp-content\/uploads\/2017\/10\/BISpectrum_Event_SAPAnalyticsCloud_20171117.png?resize=700%2C400 2x, https:\/\/i0.wp.com\/www.bispectrum.lt\/wp-content\/uploads\/2017\/10\/BISpectrum_Event_SAPAnalyticsCloud_20171117.png?resize=1050%2C600 3x"},"classes":[]}],"jetpack_likes_enabled":false,"_links":{"self":[{"href":"https:\/\/www.bispectrum.lt\/index.php?rest_route=\/wp\/v2\/pages\/1829","targetHints":{"allow":["GET"]}}],"collection":[{"href":"https:\/\/www.bispectrum.lt\/index.php?rest_route=\/wp\/v2\/pages"}],"about":[{"href":"https:\/\/www.bispectrum.lt\/index.php?rest_route=\/wp\/v2\/types\/page"}],"author":[{"embeddable":true,"href":"https:\/\/www.bispectrum.lt\/index.php?rest_route=\/wp\/v2\/users\/1"}],"replies":[{"embeddable":true,"href":"https:\/\/www.bispectrum.lt\/index.php?rest_route=%2Fwp%2Fv2%2Fcomments&post=1829"}],"version-history":[{"count":3,"href":"https:\/\/www.bispectrum.lt\/index.php?rest_route=\/wp\/v2\/pages\/1829\/revisions"}],"predecessor-version":[{"id":1838,"href":"https:\/\/www.bispectrum.lt\/index.php?rest_route=\/wp\/v2\/pages\/1829\/revisions\/1838"}],"wp:featuredmedia":[{"embeddable":true,"href":"https:\/\/www.bispectrum.lt\/index.php?rest_route=\/wp\/v2\/media\/1833"}],"wp:attachment":[{"href":"https:\/\/www.bispectrum.lt\/index.php?rest_route=%2Fwp%2Fv2%2Fmedia&parent=1829"}],"curies":[{"name":"wp","href":"https:\/\/api.w.org\/{rel}","templated":true}]}}