{"id":181,"date":"2016-03-31T09:26:38","date_gmt":"2016-03-31T11:26:38","guid":{"rendered":"http:\/\/www.bispectrum.lt\/?page_id=181"},"modified":"2016-05-09T06:56:29","modified_gmt":"2016-05-09T08:56:29","slug":"sap-crystal-partneris","status":"publish","type":"page","link":"https:\/\/www.bispectrum.lt\/?page_id=181","title":{"rendered":"SAP Crystal partneris"},"content":{"rendered":"<p><b>BI Spectrum yra SAP\u00ae Crystal partneris<\/b><!--more--><\/p>\n<p>SAP\u00ae Crystal partneryst\u0117 mums atveria naujas galimybes Jums pasi\u016blyti pa\u017eangius ir inovatyvius SAP\u00ae Verslo Analitikos sprendimus ir technologijas Jums palankiausiomis s\u0105lygomis, kad J\u016bs\u0173 pirmieji \u017eingsniai Verslo Analitikos kelyje b\u016bt\u0173 tvirti, saug\u016bs ir u\u017etikrinti.<\/p>\n<p>Daugiau informacijos apie SAP\u00ae rasite <a href=\"https:\/\/href.li\/?http:\/\/www.sap.com\" target=\"_blank\" rel=\"noreferrer\"><u><span style=\"color: #0066cc;\">http:\/\/www.sap.com<\/span><\/u><\/a>.<\/p>\n<p><img loading=\"lazy\" decoding=\"async\" data-attachment-id=\"190\" data-permalink=\"https:\/\/www.bispectrum.lt\/?attachment_id=190\" data-orig-file=\"https:\/\/www.bispectrum.lt\/wp-content\/uploads\/2016\/03\/sapcrystal_partner_logo.png\" data-orig-size=\"204,120\" data-comments-opened=\"1\" data-image-meta=\"{&quot;aperture&quot;:&quot;0&quot;,&quot;credit&quot;:&quot;&quot;,&quot;camera&quot;:&quot;&quot;,&quot;caption&quot;:&quot;&quot;,&quot;created_timestamp&quot;:&quot;0&quot;,&quot;copyright&quot;:&quot;&quot;,&quot;focal_length&quot;:&quot;0&quot;,&quot;iso&quot;:&quot;0&quot;,&quot;shutter_speed&quot;:&quot;0&quot;,&quot;title&quot;:&quot;&quot;,&quot;orientation&quot;:&quot;0&quot;}\" data-image-title=\"sapcrystal_partner_logo\" data-image-description=\"\" data-image-caption=\"\" data-medium-file=\"https:\/\/www.bispectrum.lt\/wp-content\/uploads\/2016\/03\/sapcrystal_partner_logo.png\" data-large-file=\"https:\/\/www.bispectrum.lt\/wp-content\/uploads\/2016\/03\/sapcrystal_partner_logo.png\" class=\"alignnone size-full wp-image-190\" src=\"http:\/\/www.bispectrum.lt\/wp-content\/uploads\/2016\/03\/sapcrystal_partner_logo.png\" alt=\"sapcrystal_partner_logo\" width=\"204\" height=\"120\" \/><\/p>\n","protected":false},"excerpt":{"rendered":"<p>BI Spectrum yra SAP\u00ae Crystal partneris<\/p>\n","protected":false},"author":1,"featured_media":190,"parent":0,"menu_order":0,"comment_status":"closed","ping_status":"closed","template":"","meta":{"jetpack_post_was_ever_published":false,"footnotes":""},"class_list":["post-181","page","type-page","status-publish","has-post-thumbnail","hentry","clearfix"],"jetpack_sharing_enabled":true,"jetpack_shortlink":"https:\/\/wp.me\/P9dFXc-2V","jetpack-related-posts":[{"id":177,"url":"https:\/\/www.bispectrum.lt\/?page_id=177","url_meta":{"origin":181,"position":0},"title":"SAP partneris","author":"Donatas Budrys","date":"2016-03-31","format":false,"excerpt":"BI Spectrum yra SAP\u00ae partneris Mes esame pasireng\u0119 Jums suteikti vis\u0105 spektr\u0105 SAP\u00ae Verslo Analitikos paslaug\u0173, \u012fskaitant licencij\u0173 ir licencinio palaikymo \u012fsigijim\u0105, konsultacijas, verslo analitini\u0173 sistem\u0173 projektavim\u0105, diegim\u0105, k\u016brim\u0105, prie\u017ei\u016br\u0105 ir vystym\u0105. Daugiau informacijos apie SAP\u00ae rasite http:\/\/www.sap.com . Apdovanojimai BI Spectrum - SAP Newcomer of the Year 2013 \u2013\u2026","rel":"","context":"Similar post","block_context":{"text":"Similar post","link":""},"img":{"alt_text":"","src":"https:\/\/i0.wp.com\/www.bispectrum.lt\/wp-content\/uploads\/2016\/03\/sap_partner_logo.png?resize=350%2C200","width":350,"height":200},"classes":[]},{"id":117,"url":"https:\/\/www.bispectrum.lt\/?page_id=117","url_meta":{"origin":181,"position":1},"title":"Licencijos","author":"Donatas Budrys","date":"2016-03-30","format":false,"excerpt":"Nutar\u0117te \u012fsigyti SAP\u00a0analitin\u0119 sistem\u0105, ie\u0161kote patikimo, sertifikuoto partnerio, teikian\u010dio aktyv\u0173 palaikym\u0105? Sunku nuspr\u0119sti, kokio tipo licencijos tinkamiausios? Esame dedikuotas SAP\u00a0analitikos partneris, galintis suteikti Jums reikaling\u0173 \u017eini\u0173. SAP programin\u0117 \u012franga yra parduodama tiek po vien\u0105 licencij\u0105, tiek paketais. Mes padedame \u012fmon\u0117ms i\u0161siai\u0161kinti, kurios licencijos ar kurie paketai patenkint\u0173 kylan\u010dius verslo ir\u00a0IT\u2026","rel":"","context":"Similar post","block_context":{"text":"Similar post","link":""},"img":{"alt_text":"","src":"","width":0,"height":0},"classes":[]},{"id":15,"url":"https:\/\/www.bispectrum.lt\/?page_id=15","url_meta":{"origin":181,"position":2},"title":"Apie mus","author":"Donatas Budrys","date":"2016-03-22","format":false,"excerpt":"BI Spectrum \u2013 patikimas J\u016bs\u0173 verslo analitikos partneris. Kartu su Jumis mes sukursime J\u016bs\u0173 poreikius atitinkan\u010di\u0105 verslo analitikos ilgalaik\u0119 vizij\u0105 ir strategij\u0105, tinkamai parinksime jos \u012fgyvendinimo etapus, b\u016bdus ir priemones. M\u016bs\u0173 ilgamet\u0117 patirtis, profesionalumas, atsakingas bei lankstus po\u017ei\u016bris \u012f partneryst\u0119 u\u017etikrins J\u016bs\u0173 verslo analitikos sprendim\u0173 kokyb\u0119 ir s\u0117km\u0119. M\u016bs\u0173 vizija\u2026","rel":"","context":"Similar post","block_context":{"text":"Similar post","link":""},"img":{"alt_text":"","src":"https:\/\/i0.wp.com\/www.bispectrum.lt\/wp-content\/uploads\/2016\/03\/About_us.jpg?resize=350%2C200&ssl=1","width":350,"height":200,"srcset":"https:\/\/i0.wp.com\/www.bispectrum.lt\/wp-content\/uploads\/2016\/03\/About_us.jpg?resize=350%2C200&ssl=1 1x, https:\/\/i0.wp.com\/www.bispectrum.lt\/wp-content\/uploads\/2016\/03\/About_us.jpg?resize=525%2C300&ssl=1 1.5x, https:\/\/i0.wp.com\/www.bispectrum.lt\/wp-content\/uploads\/2016\/03\/About_us.jpg?resize=700%2C400&ssl=1 2x, https:\/\/i0.wp.com\/www.bispectrum.lt\/wp-content\/uploads\/2016\/03\/About_us.jpg?resize=1050%2C600&ssl=1 3x, https:\/\/i0.wp.com\/www.bispectrum.lt\/wp-content\/uploads\/2016\/03\/About_us.jpg?resize=1400%2C800&ssl=1 4x"},"classes":[]},{"id":122,"url":"https:\/\/www.bispectrum.lt\/?page_id=122","url_meta":{"origin":181,"position":3},"title":"Atsakykite \u012f sud\u0117tingus klausimus realiu laiku su SAP Analytics Cloud","author":"Donatas Budrys","date":"2016-03-30","format":false,"excerpt":"Pavargote bla\u0161kytis tarp \u012fvairi\u0173 analitini\u0173 produkt\u0173, ne\u017einote su kuria priemone geriausiai rasti atsakym\u0105? I\u0161eitis jau yra. SAP Analytics\u00a0Cloud sprendimas apjungia visas analitines galimybes\u00a0- verslo analitik\u0105 (BI), planavim\u0105, prognozavim\u0105 ir\u00a0GRC \u012f vien\u0105 visum\u0105. SAP Analytics Cloud \u2013 tai \u0161iuolaiki\u0161kas, intuityvus bei pa\u017eangus naujos kartos SAP verslo analitikos sprendimas, apr\u0117piantis visas analitikos,\u2026","rel":"","context":"Similar post","block_context":{"text":"Similar post","link":""},"img":{"alt_text":"","src":"https:\/\/i0.wp.com\/www.bispectrum.lt\/wp-content\/uploads\/2017\/09\/Arise_Slider_3_v3.jpg?resize=350%2C200&ssl=1","width":350,"height":200,"srcset":"https:\/\/i0.wp.com\/www.bispectrum.lt\/wp-content\/uploads\/2017\/09\/Arise_Slider_3_v3.jpg?resize=350%2C200&ssl=1 1x, https:\/\/i0.wp.com\/www.bispectrum.lt\/wp-content\/uploads\/2017\/09\/Arise_Slider_3_v3.jpg?resize=525%2C300&ssl=1 1.5x, https:\/\/i0.wp.com\/www.bispectrum.lt\/wp-content\/uploads\/2017\/09\/Arise_Slider_3_v3.jpg?resize=700%2C400&ssl=1 2x, https:\/\/i0.wp.com\/www.bispectrum.lt\/wp-content\/uploads\/2017\/09\/Arise_Slider_3_v3.jpg?resize=1050%2C600&ssl=1 3x, https:\/\/i0.wp.com\/www.bispectrum.lt\/wp-content\/uploads\/2017\/09\/Arise_Slider_3_v3.jpg?resize=1400%2C800&ssl=1 4x"},"classes":[]},{"id":465,"url":"https:\/\/www.bispectrum.lt\/?page_id=465","url_meta":{"origin":181,"position":4},"title":"BI Spectrum renginys &#8211; SAP Analytics Cloud &#8211; 2017-11-17","author":"Donatas Budrys","date":"2017-09-18","format":false,"excerpt":"Kvie\u010diame Jus \u012f BI Spectrum organizuojam\u0105 nemokam\u0105 seminar\u0105 internete \u2014 SAP Analytics Cloud \u2013 verslo analitika visiems. SAP Analytics Cloud \u2013 tai \u0161iuolaiki\u0161kas, intuityvus bei pa\u017eangus naujos kartos SAP verslo analitikos sprendimas, apr\u0117piantis visas analitikos, prognozavimo, planavimo ir bendradarbiavimo galimybes vieningoje SaaS aplinkoje. Seminare ap\u017evelgsime verslo analitikams aktualias SAP Analytics\u2026","rel":"","context":"Similar post","block_context":{"text":"Similar post","link":""},"img":{"alt_text":"","src":"https:\/\/i0.wp.com\/www.bispectrum.lt\/wp-content\/uploads\/2017\/10\/BISpectrum_Event_SAPAnalyticsCloud_20171117.png?resize=350%2C200","width":350,"height":200,"srcset":"https:\/\/i0.wp.com\/www.bispectrum.lt\/wp-content\/uploads\/2017\/10\/BISpectrum_Event_SAPAnalyticsCloud_20171117.png?resize=350%2C200 1x, https:\/\/i0.wp.com\/www.bispectrum.lt\/wp-content\/uploads\/2017\/10\/BISpectrum_Event_SAPAnalyticsCloud_20171117.png?resize=525%2C300 1.5x, https:\/\/i0.wp.com\/www.bispectrum.lt\/wp-content\/uploads\/2017\/10\/BISpectrum_Event_SAPAnalyticsCloud_20171117.png?resize=700%2C400 2x, https:\/\/i0.wp.com\/www.bispectrum.lt\/wp-content\/uploads\/2017\/10\/BISpectrum_Event_SAPAnalyticsCloud_20171117.png?resize=1050%2C600 3x"},"classes":[]},{"id":1829,"url":"https:\/\/www.bispectrum.lt\/?page_id=1829","url_meta":{"origin":181,"position":5},"title":"Need4Viz partneris","author":"Donatas Budrys","date":"2022-01-10","format":false,"excerpt":"BI Spectrum yra Need4Viz partneris Need4Viz - papildomos Web Intelligence (SAP BusinessObjects) vizualizacijos, suteikian\u010dios Web Intelligence priemonei dar daugiau interaktyvios duomen\u0173 analiz\u0117s ir informacijos vaizdavimo galimybi\u0173. BI Spectrum yra Need4Viz partneris. Mes esame pasireng\u0119 Jums suteikti vis\u0105 spektr\u0105 Need4Viz sukurt\u0173 SAP BusinessObjects Web Intelligence interaktyvios duomen\u0173 analiz\u0117s element\u0173 ir vizualizacij\u0173\u2026","rel":"","context":"Similar post","block_context":{"text":"Similar post","link":""},"img":{"alt_text":"","src":"https:\/\/i0.wp.com\/www.bispectrum.lt\/wp-content\/uploads\/2022\/01\/Need4Viz_001.jpeg?resize=350%2C200&ssl=1","width":350,"height":200,"srcset":"https:\/\/i0.wp.com\/www.bispectrum.lt\/wp-content\/uploads\/2022\/01\/Need4Viz_001.jpeg?resize=350%2C200&ssl=1 1x, https:\/\/i0.wp.com\/www.bispectrum.lt\/wp-content\/uploads\/2022\/01\/Need4Viz_001.jpeg?resize=525%2C300&ssl=1 1.5x, https:\/\/i0.wp.com\/www.bispectrum.lt\/wp-content\/uploads\/2022\/01\/Need4Viz_001.jpeg?resize=700%2C400&ssl=1 2x, https:\/\/i0.wp.com\/www.bispectrum.lt\/wp-content\/uploads\/2022\/01\/Need4Viz_001.jpeg?resize=1050%2C600&ssl=1 3x, https:\/\/i0.wp.com\/www.bispectrum.lt\/wp-content\/uploads\/2022\/01\/Need4Viz_001.jpeg?resize=1400%2C800&ssl=1 4x"},"classes":[]}],"jetpack_likes_enabled":false,"_links":{"self":[{"href":"https:\/\/www.bispectrum.lt\/index.php?rest_route=\/wp\/v2\/pages\/181","targetHints":{"allow":["GET"]}}],"collection":[{"href":"https:\/\/www.bispectrum.lt\/index.php?rest_route=\/wp\/v2\/pages"}],"about":[{"href":"https:\/\/www.bispectrum.lt\/index.php?rest_route=\/wp\/v2\/types\/page"}],"author":[{"embeddable":true,"href":"https:\/\/www.bispectrum.lt\/index.php?rest_route=\/wp\/v2\/users\/1"}],"replies":[{"embeddable":true,"href":"https:\/\/www.bispectrum.lt\/index.php?rest_route=%2Fwp%2Fv2%2Fcomments&post=181"}],"version-history":[{"count":6,"href":"https:\/\/www.bispectrum.lt\/index.php?rest_route=\/wp\/v2\/pages\/181\/revisions"}],"predecessor-version":[{"id":272,"href":"https:\/\/www.bispectrum.lt\/index.php?rest_route=\/wp\/v2\/pages\/181\/revisions\/272"}],"wp:featuredmedia":[{"embeddable":true,"href":"https:\/\/www.bispectrum.lt\/index.php?rest_route=\/wp\/v2\/media\/190"}],"wp:attachment":[{"href":"https:\/\/www.bispectrum.lt\/index.php?rest_route=%2Fwp%2Fv2%2Fmedia&parent=181"}],"curies":[{"name":"wp","href":"https:\/\/api.w.org\/{rel}","templated":true}]}}