{"id":15,"date":"2016-03-22T06:03:54","date_gmt":"2016-03-22T08:03:54","guid":{"rendered":"http:\/\/www.bispectrum.lt\/?page_id=15"},"modified":"2022-04-08T12:49:26","modified_gmt":"2022-04-08T10:49:26","slug":"apie-mus","status":"publish","type":"page","link":"https:\/\/www.bispectrum.lt\/?page_id=15","title":{"rendered":"Apie mus"},"content":{"rendered":"<p style=\"text-align: left;\"><strong>BI Spectrum<\/strong> \u2013 patikimas J\u016bs\u0173 verslo analitikos partneris. Kartu su Jumis mes sukursime J\u016bs\u0173 poreikius atitinkan\u010di\u0105 verslo analitikos ilgalaik\u0119 vizij\u0105 ir strategij\u0105, tinkamai parinksime jos \u012fgyvendinimo etapus, b\u016bdus ir priemones. M\u016bs\u0173 ilgamet\u0117 patirtis, profesionalumas, atsakingas bei lankstus po\u017ei\u016bris \u012f partneryst\u0119 u\u017etikrins J\u016bs\u0173 verslo analitikos sprendim\u0173 kokyb\u0119 ir s\u0117km\u0119.<\/p>\n<p style=\"text-align: left;\"><strong>M\u016bs\u0173 vizija <\/strong>\u2013 verslo analitika visiems.<\/p>\n<p style=\"text-align: left;\"><strong>M\u016bs\u0173 misija<\/strong> &#8211; siekiame, kad funkcionali, lanksti, patogi verslo analitikos sistema b\u016bt\u0173 prieinama visoms \u012fmon\u0117ms, nuo ma\u017eiausios iki did\u017eiausios.<\/p>\n<p style=\"text-align: left;\"><strong>BI Spectrum yra SAP\u00ae partneris<\/strong>.<\/p>\n<p style=\"text-align: left;\">J\u016bs\u0173 verslo analitin\u0117s sistemos analize, projektavimu, k\u016brimu, prie\u017ei\u016bra, palaikymu bei J\u016bs\u0173 darbuotoj\u0173 mokymu r\u016bpinsis <strong>auk\u0161\u010diausios kvalifikacijos Verslo Analitikos konsultantai<\/strong>, turintys daugiau nei 15 met\u0173 profesionalaus darbo su SAP Analitikos sprendimais bei sukauptos \u201egeros praktikos\u201c patirties.<\/p>\n<p style=\"text-align: left;\"><strong>Mes projektavome, vyst\u0117me Verslo Analitines sistemas bei sukaup\u0117me patirt\u012f:<\/strong><\/p>\n<ul>\n<li style=\"text-align: left;\">Did\u017eiosiose Lietuvos ma\u017emenin\u0117s prekybos \u012fmon\u0117se<\/li>\n<li style=\"text-align: left;\">Vidutinio dyd\u017eio Lietuvos ma\u017emenin\u0117s prekybos \u012fmon\u0117se<\/li>\n<li style=\"text-align: left;\">Didmenin\u0117s prekybos \u012fmon\u0117se<\/li>\n<li style=\"text-align: left;\">Bankin\u0117se ir finansin\u0117se institucijose<\/li>\n<li style=\"text-align: left;\">Gamybos \u012fmon\u0117se<\/li>\n<li style=\"text-align: left;\">Keli\u0173 tiesimo bei tilt\u0173 statymo \u012fmon\u0117se<\/li>\n<li style=\"text-align: left;\">Lietuvos valstybin\u0117se institucijose<\/li>\n<\/ul>\n<p><img loading=\"lazy\" decoding=\"async\" data-attachment-id=\"221\" data-permalink=\"https:\/\/www.bispectrum.lt\/?attachment_id=221\" data-orig-file=\"https:\/\/www.bispectrum.lt\/wp-content\/uploads\/2016\/03\/bispectrum_sap_versloanalitikavisiems1.png\" data-orig-size=\"986,652\" data-comments-opened=\"1\" data-image-meta=\"{&quot;aperture&quot;:&quot;0&quot;,&quot;credit&quot;:&quot;&quot;,&quot;camera&quot;:&quot;&quot;,&quot;caption&quot;:&quot;&quot;,&quot;created_timestamp&quot;:&quot;0&quot;,&quot;copyright&quot;:&quot;&quot;,&quot;focal_length&quot;:&quot;0&quot;,&quot;iso&quot;:&quot;0&quot;,&quot;shutter_speed&quot;:&quot;0&quot;,&quot;title&quot;:&quot;&quot;,&quot;orientation&quot;:&quot;0&quot;}\" data-image-title=\"bispectrum_sap_versloanalitikavisiems1\" data-image-description=\"\" data-image-caption=\"\" data-medium-file=\"https:\/\/www.bispectrum.lt\/wp-content\/uploads\/2016\/03\/bispectrum_sap_versloanalitikavisiems1-300x198.png\" data-large-file=\"https:\/\/www.bispectrum.lt\/wp-content\/uploads\/2016\/03\/bispectrum_sap_versloanalitikavisiems1.png\" class=\"alignnone wp-image-221 size-full\" src=\"http:\/\/www.bispectrum.lt\/wp-content\/uploads\/2016\/03\/bispectrum_sap_versloanalitikavisiems1.png\" alt=\"bispectrum_sap_versloanalitikavisiems1\" width=\"986\" height=\"652\" srcset=\"https:\/\/www.bispectrum.lt\/wp-content\/uploads\/2016\/03\/bispectrum_sap_versloanalitikavisiems1.png 986w, https:\/\/www.bispectrum.lt\/wp-content\/uploads\/2016\/03\/bispectrum_sap_versloanalitikavisiems1-300x198.png 300w, https:\/\/www.bispectrum.lt\/wp-content\/uploads\/2016\/03\/bispectrum_sap_versloanalitikavisiems1-768x508.png 768w\" sizes=\"auto, (max-width: 986px) 100vw, 986px\" \/><\/p>\n","protected":false},"excerpt":{"rendered":"<p>BI Spectrum \u2013 patikimas J\u016bs\u0173 verslo analitikos partneris. Kartu su Jumis mes sukursime J\u016bs\u0173 poreikius atitinkan\u010di\u0105 verslo analitikos ilgalaik\u0119 vizij\u0105 ir strategij\u0105, tinkamai parinksime jos \u012fgyvendinimo etapus, b\u016bdus ir priemones.&hellip; <\/p>\n","protected":false},"author":1,"featured_media":23,"parent":0,"menu_order":0,"comment_status":"closed","ping_status":"closed","template":"","meta":{"jetpack_post_was_ever_published":false,"footnotes":""},"class_list":["post-15","page","type-page","status-publish","has-post-thumbnail","hentry","clearfix"],"jetpack_sharing_enabled":true,"jetpack_shortlink":"https:\/\/wp.me\/P9dFXc-f","jetpack-related-posts":[{"id":194,"url":"https:\/\/www.bispectrum.lt\/?page_id=194","url_meta":{"origin":15,"position":0},"title":"BI Spectrum","author":"Donatas Budrys","date":"2016-04-01","format":false,"excerpt":"BI Spectrum \u2013 patikimas J\u016bs\u0173 verslo analitikos partneris. Kartu su Jumis mes sukursime J\u016bs\u0173 poreikius atitinkan\u010di\u0105 verslo analitikos ilgalaik\u0119 vizij\u0105 ir strategij\u0105, tinkamai parinksime jos \u012fgyvendinimo etapus, b\u016bdus ir priemones. M\u016bs\u0173 ilgamet\u0117 patirtis, profesionalumas, atsakingas bei lankstus po\u017ei\u016bris \u012f partneryst\u0119 u\u017etikrins J\u016bs\u0173 verslo analitikos sprendim\u0173 kokyb\u0119 ir s\u0117km\u0119","rel":"","context":"Similar post","block_context":{"text":"Similar post","link":""},"img":{"alt_text":"","src":"","width":0,"height":0},"classes":[]},{"id":181,"url":"https:\/\/www.bispectrum.lt\/?page_id=181","url_meta":{"origin":15,"position":1},"title":"SAP Crystal partneris","author":"Donatas Budrys","date":"2016-03-31","format":false,"excerpt":"BI Spectrum yra SAP\u00ae Crystal partneris SAP\u00ae Crystal partneryst\u0117 mums atveria naujas galimybes Jums pasi\u016blyti pa\u017eangius ir inovatyvius SAP\u00ae Verslo Analitikos sprendimus ir technologijas Jums palankiausiomis s\u0105lygomis, kad J\u016bs\u0173 pirmieji \u017eingsniai Verslo Analitikos kelyje b\u016bt\u0173 tvirti, saug\u016bs ir u\u017etikrinti. Daugiau informacijos apie SAP\u00ae rasite http:\/\/www.sap.com.","rel":"","context":"Similar post","block_context":{"text":"Similar post","link":""},"img":{"alt_text":"sapcrystal_partner_logo","src":"https:\/\/i0.wp.com\/www.bispectrum.lt\/wp-content\/uploads\/2016\/03\/sapcrystal_partner_logo.png?resize=350%2C200","width":350,"height":200},"classes":[]},{"id":113,"url":"https:\/\/www.bispectrum.lt\/?page_id=113","url_meta":{"origin":15,"position":2},"title":"Konsultacijos","author":"Donatas Budrys","date":"2016-03-30","format":false,"excerpt":"Nor\u0117tum\u0117te i\u0161vystyti savo verslo analiz\u0119, daryti tikslesnes \u012f\u017evalgas? Pasinaudokite m\u016bs\u0173 konsultant\u0173 daugiau nei 15 met\u0173 patirtimi tiek kuriant vizij\u0105, strategij\u0105, technin\u0119 architekt\u016br\u0105, tiek diegiant ir pri\u017ei\u016brint SAP\u00a0analitikos sprendimus. \u0160iandien stebime mil\u017eini\u0161k\u0105 duomen\u0173 kiekio augim\u0105 tiek \u012fmon\u0117se, tiek pasaulyje. Neatsilikdami nuo pasaulini\u0173 tendencij\u0173, konsultuojame \u012fmones, kaip panaudoti vis\u0105 \u0161\u012f sukaupt\u0105 lob\u012f,\u2026","rel":"","context":"Similar post","block_context":{"text":"Similar post","link":""},"img":{"alt_text":"bispectrum_sap_versloanalitika_001","src":"https:\/\/i0.wp.com\/www.bispectrum.lt\/wp-content\/uploads\/2016\/03\/bispectrum_sap_versloanalitika_001-1024x442.png?resize=350%2C200","width":350,"height":200,"srcset":"https:\/\/i0.wp.com\/www.bispectrum.lt\/wp-content\/uploads\/2016\/03\/bispectrum_sap_versloanalitika_001-1024x442.png?resize=350%2C200 1x, https:\/\/i0.wp.com\/www.bispectrum.lt\/wp-content\/uploads\/2016\/03\/bispectrum_sap_versloanalitika_001-1024x442.png?resize=525%2C300 1.5x, https:\/\/i0.wp.com\/www.bispectrum.lt\/wp-content\/uploads\/2016\/03\/bispectrum_sap_versloanalitika_001-1024x442.png?resize=700%2C400 2x"},"classes":[]},{"id":122,"url":"https:\/\/www.bispectrum.lt\/?page_id=122","url_meta":{"origin":15,"position":3},"title":"Atsakykite \u012f sud\u0117tingus klausimus realiu laiku su SAP Analytics Cloud","author":"Donatas Budrys","date":"2016-03-30","format":false,"excerpt":"Pavargote bla\u0161kytis tarp \u012fvairi\u0173 analitini\u0173 produkt\u0173, ne\u017einote su kuria priemone geriausiai rasti atsakym\u0105? I\u0161eitis jau yra. SAP Analytics\u00a0Cloud sprendimas apjungia visas analitines galimybes\u00a0- verslo analitik\u0105 (BI), planavim\u0105, prognozavim\u0105 ir\u00a0GRC \u012f vien\u0105 visum\u0105. SAP Analytics Cloud \u2013 tai \u0161iuolaiki\u0161kas, intuityvus bei pa\u017eangus naujos kartos SAP verslo analitikos sprendimas, apr\u0117piantis visas analitikos,\u2026","rel":"","context":"Similar post","block_context":{"text":"Similar post","link":""},"img":{"alt_text":"","src":"https:\/\/i0.wp.com\/www.bispectrum.lt\/wp-content\/uploads\/2017\/09\/Arise_Slider_3_v3.jpg?resize=350%2C200&ssl=1","width":350,"height":200,"srcset":"https:\/\/i0.wp.com\/www.bispectrum.lt\/wp-content\/uploads\/2017\/09\/Arise_Slider_3_v3.jpg?resize=350%2C200&ssl=1 1x, https:\/\/i0.wp.com\/www.bispectrum.lt\/wp-content\/uploads\/2017\/09\/Arise_Slider_3_v3.jpg?resize=525%2C300&ssl=1 1.5x, https:\/\/i0.wp.com\/www.bispectrum.lt\/wp-content\/uploads\/2017\/09\/Arise_Slider_3_v3.jpg?resize=700%2C400&ssl=1 2x, https:\/\/i0.wp.com\/www.bispectrum.lt\/wp-content\/uploads\/2017\/09\/Arise_Slider_3_v3.jpg?resize=1050%2C600&ssl=1 3x, https:\/\/i0.wp.com\/www.bispectrum.lt\/wp-content\/uploads\/2017\/09\/Arise_Slider_3_v3.jpg?resize=1400%2C800&ssl=1 4x"},"classes":[]},{"id":465,"url":"https:\/\/www.bispectrum.lt\/?page_id=465","url_meta":{"origin":15,"position":4},"title":"BI Spectrum renginys &#8211; SAP Analytics Cloud &#8211; 2017-11-17","author":"Donatas Budrys","date":"2017-09-18","format":false,"excerpt":"Kvie\u010diame Jus \u012f BI Spectrum organizuojam\u0105 nemokam\u0105 seminar\u0105 internete \u2014 SAP Analytics Cloud \u2013 verslo analitika visiems. SAP Analytics Cloud \u2013 tai \u0161iuolaiki\u0161kas, intuityvus bei pa\u017eangus naujos kartos SAP verslo analitikos sprendimas, apr\u0117piantis visas analitikos, prognozavimo, planavimo ir bendradarbiavimo galimybes vieningoje SaaS aplinkoje. Seminare ap\u017evelgsime verslo analitikams aktualias SAP Analytics\u2026","rel":"","context":"Similar post","block_context":{"text":"Similar post","link":""},"img":{"alt_text":"","src":"https:\/\/i0.wp.com\/www.bispectrum.lt\/wp-content\/uploads\/2017\/10\/BISpectrum_Event_SAPAnalyticsCloud_20171117.png?resize=350%2C200","width":350,"height":200,"srcset":"https:\/\/i0.wp.com\/www.bispectrum.lt\/wp-content\/uploads\/2017\/10\/BISpectrum_Event_SAPAnalyticsCloud_20171117.png?resize=350%2C200 1x, https:\/\/i0.wp.com\/www.bispectrum.lt\/wp-content\/uploads\/2017\/10\/BISpectrum_Event_SAPAnalyticsCloud_20171117.png?resize=525%2C300 1.5x, https:\/\/i0.wp.com\/www.bispectrum.lt\/wp-content\/uploads\/2017\/10\/BISpectrum_Event_SAPAnalyticsCloud_20171117.png?resize=700%2C400 2x, https:\/\/i0.wp.com\/www.bispectrum.lt\/wp-content\/uploads\/2017\/10\/BISpectrum_Event_SAPAnalyticsCloud_20171117.png?resize=1050%2C600 3x"},"classes":[]},{"id":115,"url":"https:\/\/www.bispectrum.lt\/?page_id=115","url_meta":{"origin":15,"position":5},"title":"Mokymai","author":"Donatas Budrys","date":"2016-03-30","format":false,"excerpt":"Siekiate\u00a0b\u016bti nepriklausomi, patys kurti, vystyti, tobulinti savo SAP\u00a0verslo analitikos\u00a0ar planavimo\u00a0sistem\u0105? Tai paprasta ir tuo naudojasi jau ne viena Lietuvos \u012fmon\u0117. I\u0161bandykite m\u016bs\u0173 specialist\u0173 sukurt\u0105 mokym\u0173 sistem\u0105. \u0160iandien daugelis geba puikiai naudotis informacin\u0117mis technologijomis. Senokai pra\u0117jo tie laikai, kai fotoaparatus tur\u0117jo tik vienetai, kai kompiuteriais dirbdavo specialiuose skai\u010diavimo centruose. Kuo toliau\u2026","rel":"","context":"Similar post","block_context":{"text":"Similar post","link":""},"img":{"alt_text":"","src":"","width":0,"height":0},"classes":[]}],"jetpack_likes_enabled":false,"_links":{"self":[{"href":"https:\/\/www.bispectrum.lt\/index.php?rest_route=\/wp\/v2\/pages\/15","targetHints":{"allow":["GET"]}}],"collection":[{"href":"https:\/\/www.bispectrum.lt\/index.php?rest_route=\/wp\/v2\/pages"}],"about":[{"href":"https:\/\/www.bispectrum.lt\/index.php?rest_route=\/wp\/v2\/types\/page"}],"author":[{"embeddable":true,"href":"https:\/\/www.bispectrum.lt\/index.php?rest_route=\/wp\/v2\/users\/1"}],"replies":[{"embeddable":true,"href":"https:\/\/www.bispectrum.lt\/index.php?rest_route=%2Fwp%2Fv2%2Fcomments&post=15"}],"version-history":[{"count":7,"href":"https:\/\/www.bispectrum.lt\/index.php?rest_route=\/wp\/v2\/pages\/15\/revisions"}],"predecessor-version":[{"id":422,"href":"https:\/\/www.bispectrum.lt\/index.php?rest_route=\/wp\/v2\/pages\/15\/revisions\/422"}],"wp:featuredmedia":[{"embeddable":true,"href":"https:\/\/www.bispectrum.lt\/index.php?rest_route=\/wp\/v2\/media\/23"}],"wp:attachment":[{"href":"https:\/\/www.bispectrum.lt\/index.php?rest_route=%2Fwp%2Fv2%2Fmedia&parent=15"}],"curies":[{"name":"wp","href":"https:\/\/api.w.org\/{rel}","templated":true}]}}