{"id":1482,"date":"2021-03-26T15:55:22","date_gmt":"2021-03-26T13:55:22","guid":{"rendered":"http:\/\/www.bispectrum.lt\/?page_id=1482"},"modified":"2022-04-08T12:49:26","modified_gmt":"2022-04-08T10:49:26","slug":"bi-spectrum-rivile-gama-analitika","status":"publish","type":"page","link":"https:\/\/www.bispectrum.lt\/?page_id=1482","title":{"rendered":"BI Spectrum &#8211; Rivile GAMA Analitika"},"content":{"rendered":"\n<p><strong>BI Spectrum &#8211; Rivile GAMA<\/strong> <strong>Analitika<\/strong> &#8211; vieningas, draugi\u0161kas vartotojui ir aplinkai, lanks\u010diai \u012fgyvendinamas ir vystomas, kokybi\u0161kas, sumaniai prisitaikantis prie l\u016bkes\u010di\u0173 ir poreiki\u0173, ypatingai greitas bei prieinamas Rivile GAMA veiklos analitikos sprendimas visiems.<\/p>\n\n\n\n<div class=\"wp-block-image\"><figure class=\"aligncenter size-large\"><img loading=\"lazy\" decoding=\"async\" width=\"1024\" height=\"576\" data-attachment-id=\"1568\" data-permalink=\"https:\/\/www.bispectrum.lt\/?attachment_id=1568\" data-orig-file=\"https:\/\/www.bispectrum.lt\/wp-content\/uploads\/2021\/03\/BI-Spectrum-Rivile-GAMA-Analytics-001.png\" data-orig-size=\"1920,1080\" data-comments-opened=\"0\" data-image-meta=\"{&quot;aperture&quot;:&quot;0&quot;,&quot;credit&quot;:&quot;&quot;,&quot;camera&quot;:&quot;&quot;,&quot;caption&quot;:&quot;&quot;,&quot;created_timestamp&quot;:&quot;0&quot;,&quot;copyright&quot;:&quot;&quot;,&quot;focal_length&quot;:&quot;0&quot;,&quot;iso&quot;:&quot;0&quot;,&quot;shutter_speed&quot;:&quot;0&quot;,&quot;title&quot;:&quot;&quot;,&quot;orientation&quot;:&quot;0&quot;}\" data-image-title=\"BI-Spectrum-Rivile-GAMA-Analytics-001\" data-image-description=\"\" data-image-caption=\"\" data-medium-file=\"https:\/\/www.bispectrum.lt\/wp-content\/uploads\/2021\/03\/BI-Spectrum-Rivile-GAMA-Analytics-001-300x169.png\" data-large-file=\"https:\/\/www.bispectrum.lt\/wp-content\/uploads\/2021\/03\/BI-Spectrum-Rivile-GAMA-Analytics-001-1024x576.png\" src=\"http:\/\/www.bispectrum.lt\/wp-content\/uploads\/2021\/03\/BI-Spectrum-Rivile-GAMA-Analytics-001-1024x576.png\" alt=\"\" class=\"wp-image-1568\" srcset=\"https:\/\/www.bispectrum.lt\/wp-content\/uploads\/2021\/03\/BI-Spectrum-Rivile-GAMA-Analytics-001-1024x576.png 1024w, https:\/\/www.bispectrum.lt\/wp-content\/uploads\/2021\/03\/BI-Spectrum-Rivile-GAMA-Analytics-001-300x169.png 300w, https:\/\/www.bispectrum.lt\/wp-content\/uploads\/2021\/03\/BI-Spectrum-Rivile-GAMA-Analytics-001-768x432.png 768w, https:\/\/www.bispectrum.lt\/wp-content\/uploads\/2021\/03\/BI-Spectrum-Rivile-GAMA-Analytics-001-1536x864.png 1536w, https:\/\/www.bispectrum.lt\/wp-content\/uploads\/2021\/03\/BI-Spectrum-Rivile-GAMA-Analytics-001.png 1920w\" sizes=\"auto, (max-width: 1024px) 100vw, 1024px\" \/><figcaption>BI Spectrum &#8211; Rivile GAMA Analitika &#8211; Trumpas apra\u0161ymas<\/figcaption><\/figure><\/div>\n\n\n\n<p><strong>BI Spectrum &#8211; Rivile GAMA<\/strong> <strong>Analitikos<\/strong> sprendimas sukurtas naudojant m\u016bs\u0173 ilgamet\u0119 patirt\u012f bei SAP Analitikos priemones &#8211; SAP IQ, SAP Data Services, SAP BusinessObjects BI, Web Intelligence ir SAP Analytics Cloud.<\/p>\n\n\n\n<p><strong>BI Spectrum &#8211; Rivile GAMA<\/strong> <strong>Analitika<\/strong> &#8211; oficialus sertifikuotas Rivil\u0117s sprendimas. Daugiau informacijos galima rasti <a href=\"https:\/\/www.rivile.lt\/rivileapps\/bi-spectrum-rivile-gama-analitika\/\" data-type=\"URL\" data-id=\"https:\/\/www.rivile.lt\/rivileapps\/bi-spectrum-rivile-gama-analitika\/\" target=\"_blank\" rel=\"noreferrer noopener\">Rivil\u0117s oficiali\u0173 sprendim\u0173 svetain\u0117je<\/a>.<\/p>\n\n\n\n<h3 class=\"wp-block-heading\">Savyb\u0117s<\/h3>\n\n\n\n<ul class=\"wp-block-list\"><li><strong>Vieningas<\/strong> sprendimas, apimantis vis\u0105 analitikos spektr\u0105 nuo analitin\u0117s duomen\u0173 saugyklos ir informacijos valdymo proces\u0173 iki veiklos analiz\u0117s, informacijos platinimo bei prognozavimo.<\/li><li><strong>Draugi\u0161ka <\/strong>vartotojo aplinka, suteikianti galimyb\u0119 visiems lengvai vystyti ir tobulinti analitin\u0119 aplink\u0105. Analitik\u0173 savaranki\u0161kum\u0105 u\u017etikrina veiklos analitinis s\u0105vok\u0173 s\u0105ra\u0161as.<\/li><li><strong>Suman\u016bs <\/strong>prognozavimo bei analitini\u0173 \u012f\u017evalg\u0173 sprendimai suteiks galimyb\u0119 atrasti tai, kas slypi j\u016bs\u0173 informacijos kloduose.<\/li><li><strong>Greitas <\/strong>sprendimas visuose analitikos gyvavimo etapuose \u2013 greitas \u012fdiegimas, greitas vystymas ir \u017einoma greita analiz\u0117.<\/li><li><strong>Lanks\u010dios <\/strong>galimyb\u0117s kurti ir vystyti analitin\u0119 sistem\u0105 arba i\u0161mokti tai daryti patiems tiek u\u017esakovo, tiek \u201edebesijos\u201c aplinkose.<\/li><li><strong>Kokyb\u0117s <\/strong>u\u017etikrinimas nuo pat pirmojo analitinio sprendimo \u012fgyvendinimo \u017eingsnio.<\/li><li><strong>Prieinamas <\/strong>veiklos analitikos sprendimas visiems.<\/li><\/ul>\n\n\n\n<figure class=\"wp-block-image size-large is-resized\"><img loading=\"lazy\" decoding=\"async\" data-attachment-id=\"1638\" data-permalink=\"https:\/\/www.bispectrum.lt\/?attachment_id=1638\" data-orig-file=\"https:\/\/www.bispectrum.lt\/wp-content\/uploads\/2021\/06\/BI-Spectrum-Rivile-GAMA-Analytics-003.png\" data-orig-size=\"3840,2160\" data-comments-opened=\"0\" data-image-meta=\"{&quot;aperture&quot;:&quot;0&quot;,&quot;credit&quot;:&quot;&quot;,&quot;camera&quot;:&quot;&quot;,&quot;caption&quot;:&quot;&quot;,&quot;created_timestamp&quot;:&quot;0&quot;,&quot;copyright&quot;:&quot;&quot;,&quot;focal_length&quot;:&quot;0&quot;,&quot;iso&quot;:&quot;0&quot;,&quot;shutter_speed&quot;:&quot;0&quot;,&quot;title&quot;:&quot;&quot;,&quot;orientation&quot;:&quot;0&quot;}\" data-image-title=\"BI-Spectrum-Rivile-GAMA-Analytics-003\" data-image-description=\"\" data-image-caption=\"\" data-medium-file=\"https:\/\/www.bispectrum.lt\/wp-content\/uploads\/2021\/06\/BI-Spectrum-Rivile-GAMA-Analytics-003-300x169.png\" data-large-file=\"https:\/\/www.bispectrum.lt\/wp-content\/uploads\/2021\/06\/BI-Spectrum-Rivile-GAMA-Analytics-003-1024x576.png\" src=\"http:\/\/www.bispectrum.lt\/wp-content\/uploads\/2021\/06\/BI-Spectrum-Rivile-GAMA-Analytics-003-1024x576.png\" alt=\"\" class=\"wp-image-1638\" width=\"840\" height=\"472\" srcset=\"https:\/\/www.bispectrum.lt\/wp-content\/uploads\/2021\/06\/BI-Spectrum-Rivile-GAMA-Analytics-003-1024x576.png 1024w, https:\/\/www.bispectrum.lt\/wp-content\/uploads\/2021\/06\/BI-Spectrum-Rivile-GAMA-Analytics-003-300x169.png 300w, https:\/\/www.bispectrum.lt\/wp-content\/uploads\/2021\/06\/BI-Spectrum-Rivile-GAMA-Analytics-003-768x432.png 768w, https:\/\/www.bispectrum.lt\/wp-content\/uploads\/2021\/06\/BI-Spectrum-Rivile-GAMA-Analytics-003-1536x864.png 1536w, https:\/\/www.bispectrum.lt\/wp-content\/uploads\/2021\/06\/BI-Spectrum-Rivile-GAMA-Analytics-003-2048x1152.png 2048w, https:\/\/www.bispectrum.lt\/wp-content\/uploads\/2021\/06\/BI-Spectrum-Rivile-GAMA-Analytics-003-1920x1080.png 1920w\" sizes=\"auto, (max-width: 840px) 100vw, 840px\" \/><figcaption>BI Spectrum &#8211; Rivile GAMA Analitika &#8211; Vizualus ekranas<\/figcaption><\/figure>\n\n\n\n<h3 class=\"wp-block-heading\">Rodikliai<\/h3>\n\n\n\n<ul class=\"wp-block-list\"><li><strong>28 <\/strong>analitin\u0117s <strong>dimensijos<\/strong> informacijos pateikimui, filtravimui ir grupavimui.<\/li><li><strong>20 <\/strong>analitini\u0173 <strong>fakt\u0173<\/strong> veiklos \u012f\u017evalgoms.<\/li><li><strong>2220+<\/strong> analitini\u0173 <strong>s\u0105vok\u0173 <\/strong>visavertei veiklos analizei.<\/li><li><strong>15 <\/strong>darbo <strong>dien\u0173<\/strong> sprendimo \u012fdiegimo trukm\u0117.<\/li><li><strong>8000 <\/strong>EUR be PVM pradin\u0117 sprendimo \u012fdiegimo kaina.<\/li><li><strong>12%<\/strong> metinis sprendimo palaikymas.<\/li><li><strong>1 tiesa <\/strong>naudojant viening\u0105 analitin\u0119 aplink\u0105 &#8211; duomen\u0173 saugykl\u0105, informacijos valdymo procesus ir analitin\u012f s\u0105vok\u0173 s\u0105ra\u0161\u0105.<\/li><\/ul>\n\n\n\n<h3 class=\"wp-block-heading\">Apimtis<\/h3>\n\n\n\n<ul class=\"wp-block-list\"><li><strong>Analitin\u0117 duomen\u0173 saugykla <\/strong>&#8211; SAP IQ duomen\u0173 baz\u0117s aplinkoje sukurta Analitin\u0117 duomen\u0173 saugykla.<\/li><li><strong>Informacijos valdymo procesai<\/strong> &#8211; SAP Data Services priemone sukurti informacijos i\u0161traukimo, apdorojimo bei i\u0161saugojimo procesai.<\/li><li><strong>Analitinis s\u0105vok\u0173 s\u0105ra\u0161as <\/strong>&#8211; SAP BusinessObjects BI priemone sukurtas analitinis vieningas s\u0105vok\u0173 s\u0105ra\u0161as.<\/li><li><strong>Analitinis vizualus ekranas<\/strong> &#8211; SAP BusinessObjects BI ir SAP Analytics Cloud priemon\u0117mis sukurtas pradinis analitinis vizualus ekranas.<\/li><li><strong>\u012ediegimas <\/strong>&#8211; Sprendimo pradinio \u012fdiegimo paslauga.<\/li><li><strong>Mokymai <\/strong>&#8211; Sprendimo naudojimo pradinio apmokymo paslauga.<\/li><li><strong>Licencijos <\/strong>&#8211; SAP BusinessObjects BI, SAP IQ, SAP Data Services ir SAP Analytics Cloud for BI licencijos \u012f sprendimo kain\u0105 ne\u012feina.<\/li><\/ul>\n\n\n\n<h3 class=\"wp-block-heading\">Straipsniai<\/h3>\n\n\n\n<ul class=\"wp-block-list\"><li><a href=\"https:\/\/www.vz.lt\/paslaugos\/2021\/06\/29\/lietuviai-sujunge-sap-verslo-analitikos-sprendima-su-rivile-gama-verslo-valdymo-sistema\" data-type=\"URL\" data-id=\"https:\/\/www.vz.lt\/paslaugos\/2021\/06\/29\/lietuviai-sujunge-sap-verslo-analitikos-sprendima-su-rivile-gama-verslo-valdymo-sistema\" target=\"_blank\" rel=\"noreferrer noopener\">Verslo \u017dinios<\/a><\/li><li><a rel=\"noreferrer noopener\" href=\"http:\/\/www.elektronika.lt\/produktai\/programos\/78563\/lietuviai-sujunge-sap-verslo-analitikos-sprendima-su-rivile-gama-verslo-valdymo-sistema\/\" data-type=\"URL\" data-id=\"http:\/\/www.elektronika.lt\/produktai\/programos\/78563\/lietuviai-sujunge-sap-verslo-analitikos-sprendima-su-rivile-gama-verslo-valdymo-sistema\/\" target=\"_blank\">Elektronika.lt<\/a><\/li><\/ul>\n\n\n\n<h3 class=\"wp-block-heading\">Pristatymas<\/h3>\n\n\n\n<div class=\"wp-block-image\"><figure class=\"aligncenter size-large\"><a href=\"http:\/\/www.bispectrum.lt\/?attachment_id=1569\" target=\"_blank\" rel=\"noopener\"><img loading=\"lazy\" decoding=\"async\" width=\"1024\" height=\"576\" data-attachment-id=\"1569\" data-permalink=\"https:\/\/www.bispectrum.lt\/?attachment_id=1569\" data-orig-file=\"https:\/\/www.bispectrum.lt\/wp-content\/uploads\/2021\/03\/BI-Spectrum-Rivile-GAMA-Analytics-002.png\" data-orig-size=\"1920,1080\" data-comments-opened=\"0\" data-image-meta=\"{&quot;aperture&quot;:&quot;0&quot;,&quot;credit&quot;:&quot;&quot;,&quot;camera&quot;:&quot;&quot;,&quot;caption&quot;:&quot;&quot;,&quot;created_timestamp&quot;:&quot;0&quot;,&quot;copyright&quot;:&quot;&quot;,&quot;focal_length&quot;:&quot;0&quot;,&quot;iso&quot;:&quot;0&quot;,&quot;shutter_speed&quot;:&quot;0&quot;,&quot;title&quot;:&quot;&quot;,&quot;orientation&quot;:&quot;0&quot;}\" data-image-title=\"BI-Spectrum-Rivile-GAMA-Analytics-002\" data-image-description=\"\" data-image-caption=\"\" data-medium-file=\"https:\/\/www.bispectrum.lt\/wp-content\/uploads\/2021\/03\/BI-Spectrum-Rivile-GAMA-Analytics-002-300x169.png\" data-large-file=\"https:\/\/www.bispectrum.lt\/wp-content\/uploads\/2021\/03\/BI-Spectrum-Rivile-GAMA-Analytics-002-1024x576.png\" src=\"http:\/\/www.bispectrum.lt\/wp-content\/uploads\/2021\/03\/BI-Spectrum-Rivile-GAMA-Analytics-002-1024x576.png\" alt=\"\" class=\"wp-image-1569\" srcset=\"https:\/\/www.bispectrum.lt\/wp-content\/uploads\/2021\/03\/BI-Spectrum-Rivile-GAMA-Analytics-002-1024x576.png 1024w, https:\/\/www.bispectrum.lt\/wp-content\/uploads\/2021\/03\/BI-Spectrum-Rivile-GAMA-Analytics-002-300x169.png 300w, https:\/\/www.bispectrum.lt\/wp-content\/uploads\/2021\/03\/BI-Spectrum-Rivile-GAMA-Analytics-002-768x432.png 768w, https:\/\/www.bispectrum.lt\/wp-content\/uploads\/2021\/03\/BI-Spectrum-Rivile-GAMA-Analytics-002-1536x864.png 1536w, https:\/\/www.bispectrum.lt\/wp-content\/uploads\/2021\/03\/BI-Spectrum-Rivile-GAMA-Analytics-002.png 1920w\" sizes=\"auto, (max-width: 1024px) 100vw, 1024px\" \/><\/a><figcaption>BI Spectrum &#8211; Rivile GAMA Analitika &#8211; Detalus apra\u0161ymas<\/figcaption><\/figure><\/div>\n\n\n\n<figure class=\"wp-block-embed is-type-video is-provider-youtube wp-block-embed-youtube wp-embed-aspect-16-9 wp-has-aspect-ratio\"><div class=\"wp-block-embed__wrapper\">\n<iframe loading=\"lazy\" title=\"BI Spectrum - Rivile GAMA Analitika - Sprendimo ap\u017evalga\" width=\"790\" height=\"444\" src=\"https:\/\/www.youtube.com\/embed\/bp1ZgLNDKbM?feature=oembed\" frameborder=\"0\" allow=\"accelerometer; autoplay; clipboard-write; encrypted-media; gyroscope; picture-in-picture; web-share\" referrerpolicy=\"strict-origin-when-cross-origin\" allowfullscreen><\/iframe>\n<\/div><figcaption>BI Spectrum &#8211; Rivile GAMA Analitika &#8211; Sprendimo ap\u017evalga<\/figcaption><\/figure>\n\n\n\n<p><\/p>\n","protected":false},"excerpt":{"rendered":"<p>BI Spectrum &#8211; Rivile GAMA Analitika &#8211; vieningas, draugi\u0161kas vartotojui ir aplinkai, lanks\u010diai \u012fgyvendinamas ir vystomas, kokybi\u0161kas, sumaniai prisitaikantis prie l\u016bkes\u010di\u0173 ir poreiki\u0173, ypatingai greitas bei prieinamas Rivile GAMA veiklos&hellip; <\/p>\n","protected":false},"author":1,"featured_media":1568,"parent":0,"menu_order":0,"comment_status":"closed","ping_status":"closed","template":"","meta":{"jetpack_post_was_ever_published":false,"footnotes":""},"class_list":["post-1482","page","type-page","status-publish","has-post-thumbnail","hentry","clearfix"],"jetpack_sharing_enabled":true,"jetpack_shortlink":"https:\/\/wp.me\/P9dFXc-nU","jetpack-related-posts":[{"id":465,"url":"https:\/\/www.bispectrum.lt\/?page_id=465","url_meta":{"origin":1482,"position":0},"title":"BI Spectrum renginys &#8211; SAP Analytics Cloud &#8211; 2017-11-17","author":"Donatas Budrys","date":"2017-09-18","format":false,"excerpt":"Kvie\u010diame Jus \u012f BI Spectrum organizuojam\u0105 nemokam\u0105 seminar\u0105 internete \u2014 SAP Analytics Cloud \u2013 verslo analitika visiems. SAP Analytics Cloud \u2013 tai \u0161iuolaiki\u0161kas, intuityvus bei pa\u017eangus naujos kartos SAP verslo analitikos sprendimas, apr\u0117piantis visas analitikos, prognozavimo, planavimo ir bendradarbiavimo galimybes vieningoje SaaS aplinkoje. Seminare ap\u017evelgsime verslo analitikams aktualias SAP Analytics\u2026","rel":"","context":"Similar post","block_context":{"text":"Similar post","link":""},"img":{"alt_text":"","src":"https:\/\/i0.wp.com\/www.bispectrum.lt\/wp-content\/uploads\/2017\/10\/BISpectrum_Event_SAPAnalyticsCloud_20171117.png?resize=350%2C200","width":350,"height":200,"srcset":"https:\/\/i0.wp.com\/www.bispectrum.lt\/wp-content\/uploads\/2017\/10\/BISpectrum_Event_SAPAnalyticsCloud_20171117.png?resize=350%2C200 1x, https:\/\/i0.wp.com\/www.bispectrum.lt\/wp-content\/uploads\/2017\/10\/BISpectrum_Event_SAPAnalyticsCloud_20171117.png?resize=525%2C300 1.5x, https:\/\/i0.wp.com\/www.bispectrum.lt\/wp-content\/uploads\/2017\/10\/BISpectrum_Event_SAPAnalyticsCloud_20171117.png?resize=700%2C400 2x, https:\/\/i0.wp.com\/www.bispectrum.lt\/wp-content\/uploads\/2017\/10\/BISpectrum_Event_SAPAnalyticsCloud_20171117.png?resize=1050%2C600 3x"},"classes":[]},{"id":122,"url":"https:\/\/www.bispectrum.lt\/?page_id=122","url_meta":{"origin":1482,"position":1},"title":"Atsakykite \u012f sud\u0117tingus klausimus realiu laiku su SAP Analytics Cloud","author":"Donatas Budrys","date":"2016-03-30","format":false,"excerpt":"Pavargote bla\u0161kytis tarp \u012fvairi\u0173 analitini\u0173 produkt\u0173, ne\u017einote su kuria priemone geriausiai rasti atsakym\u0105? I\u0161eitis jau yra. SAP Analytics\u00a0Cloud sprendimas apjungia visas analitines galimybes\u00a0- verslo analitik\u0105 (BI), planavim\u0105, prognozavim\u0105 ir\u00a0GRC \u012f vien\u0105 visum\u0105. SAP Analytics Cloud \u2013 tai \u0161iuolaiki\u0161kas, intuityvus bei pa\u017eangus naujos kartos SAP verslo analitikos sprendimas, apr\u0117piantis visas analitikos,\u2026","rel":"","context":"Similar post","block_context":{"text":"Similar post","link":""},"img":{"alt_text":"","src":"https:\/\/i0.wp.com\/www.bispectrum.lt\/wp-content\/uploads\/2017\/09\/Arise_Slider_3_v3.jpg?resize=350%2C200&ssl=1","width":350,"height":200,"srcset":"https:\/\/i0.wp.com\/www.bispectrum.lt\/wp-content\/uploads\/2017\/09\/Arise_Slider_3_v3.jpg?resize=350%2C200&ssl=1 1x, https:\/\/i0.wp.com\/www.bispectrum.lt\/wp-content\/uploads\/2017\/09\/Arise_Slider_3_v3.jpg?resize=525%2C300&ssl=1 1.5x, https:\/\/i0.wp.com\/www.bispectrum.lt\/wp-content\/uploads\/2017\/09\/Arise_Slider_3_v3.jpg?resize=700%2C400&ssl=1 2x, https:\/\/i0.wp.com\/www.bispectrum.lt\/wp-content\/uploads\/2017\/09\/Arise_Slider_3_v3.jpg?resize=1050%2C600&ssl=1 3x, https:\/\/i0.wp.com\/www.bispectrum.lt\/wp-content\/uploads\/2017\/09\/Arise_Slider_3_v3.jpg?resize=1400%2C800&ssl=1 4x"},"classes":[]},{"id":15,"url":"https:\/\/www.bispectrum.lt\/?page_id=15","url_meta":{"origin":1482,"position":2},"title":"Apie mus","author":"Donatas Budrys","date":"2016-03-22","format":false,"excerpt":"BI Spectrum \u2013 patikimas J\u016bs\u0173 verslo analitikos partneris. Kartu su Jumis mes sukursime J\u016bs\u0173 poreikius atitinkan\u010di\u0105 verslo analitikos ilgalaik\u0119 vizij\u0105 ir strategij\u0105, tinkamai parinksime jos \u012fgyvendinimo etapus, b\u016bdus ir priemones. M\u016bs\u0173 ilgamet\u0117 patirtis, profesionalumas, atsakingas bei lankstus po\u017ei\u016bris \u012f partneryst\u0119 u\u017etikrins J\u016bs\u0173 verslo analitikos sprendim\u0173 kokyb\u0119 ir s\u0117km\u0119. M\u016bs\u0173 vizija\u2026","rel":"","context":"Similar post","block_context":{"text":"Similar post","link":""},"img":{"alt_text":"","src":"https:\/\/i0.wp.com\/www.bispectrum.lt\/wp-content\/uploads\/2016\/03\/About_us.jpg?resize=350%2C200&ssl=1","width":350,"height":200,"srcset":"https:\/\/i0.wp.com\/www.bispectrum.lt\/wp-content\/uploads\/2016\/03\/About_us.jpg?resize=350%2C200&ssl=1 1x, https:\/\/i0.wp.com\/www.bispectrum.lt\/wp-content\/uploads\/2016\/03\/About_us.jpg?resize=525%2C300&ssl=1 1.5x, https:\/\/i0.wp.com\/www.bispectrum.lt\/wp-content\/uploads\/2016\/03\/About_us.jpg?resize=700%2C400&ssl=1 2x, https:\/\/i0.wp.com\/www.bispectrum.lt\/wp-content\/uploads\/2016\/03\/About_us.jpg?resize=1050%2C600&ssl=1 3x, https:\/\/i0.wp.com\/www.bispectrum.lt\/wp-content\/uploads\/2016\/03\/About_us.jpg?resize=1400%2C800&ssl=1 4x"},"classes":[]},{"id":177,"url":"https:\/\/www.bispectrum.lt\/?page_id=177","url_meta":{"origin":1482,"position":3},"title":"SAP partneris","author":"Donatas Budrys","date":"2016-03-31","format":false,"excerpt":"BI Spectrum yra SAP\u00ae partneris Mes esame pasireng\u0119 Jums suteikti vis\u0105 spektr\u0105 SAP\u00ae Verslo Analitikos paslaug\u0173, \u012fskaitant licencij\u0173 ir licencinio palaikymo \u012fsigijim\u0105, konsultacijas, verslo analitini\u0173 sistem\u0173 projektavim\u0105, diegim\u0105, k\u016brim\u0105, prie\u017ei\u016br\u0105 ir vystym\u0105. Daugiau informacijos apie SAP\u00ae rasite http:\/\/www.sap.com . Apdovanojimai BI Spectrum - SAP Newcomer of the Year 2013 \u2013\u2026","rel":"","context":"Similar post","block_context":{"text":"Similar post","link":""},"img":{"alt_text":"","src":"https:\/\/i0.wp.com\/www.bispectrum.lt\/wp-content\/uploads\/2016\/03\/sap_partner_logo.png?resize=350%2C200","width":350,"height":200},"classes":[]},{"id":181,"url":"https:\/\/www.bispectrum.lt\/?page_id=181","url_meta":{"origin":1482,"position":4},"title":"SAP Crystal partneris","author":"Donatas Budrys","date":"2016-03-31","format":false,"excerpt":"BI Spectrum yra SAP\u00ae Crystal partneris SAP\u00ae Crystal partneryst\u0117 mums atveria naujas galimybes Jums pasi\u016blyti pa\u017eangius ir inovatyvius SAP\u00ae Verslo Analitikos sprendimus ir technologijas Jums palankiausiomis s\u0105lygomis, kad J\u016bs\u0173 pirmieji \u017eingsniai Verslo Analitikos kelyje b\u016bt\u0173 tvirti, saug\u016bs ir u\u017etikrinti. Daugiau informacijos apie SAP\u00ae rasite http:\/\/www.sap.com.","rel":"","context":"Similar post","block_context":{"text":"Similar post","link":""},"img":{"alt_text":"sapcrystal_partner_logo","src":"https:\/\/i0.wp.com\/www.bispectrum.lt\/wp-content\/uploads\/2016\/03\/sapcrystal_partner_logo.png?resize=350%2C200","width":350,"height":200},"classes":[]},{"id":224,"url":"https:\/\/www.bispectrum.lt\/?page_id=224","url_meta":{"origin":1482,"position":5},"title":"Naujien\u0173 prenumerata","author":"Donatas Budrys","date":"2016-04-12","format":false,"excerpt":"Prenumeruokite ir pirmieji gaukite i\u0161skirtines naujienas apie BI Spectrum veikl\u0105 bei SAP Analitikos sprendimus ir\u00a0technologijas. Jeigu nusprend\u0117te atsisakyti BI Spectrum naujien\u0173 prenumeratos, spauskite \u010dia. UAB BI Spectrum, juridinio asmens kodas 302855499, J\u016bs\u0173 pateiktus asmens duomenis (vard\u0105, pavard\u0119, \u012fmon\u0117s pavadinim\u0105 ir elektronin\u012f pa\u0161to adres\u0105) naudos tik BI Spectrum naujien\u0173 siuntimo J\u016bs\u0173\u2026","rel":"","context":"Similar post","block_context":{"text":"Similar post","link":""},"img":{"alt_text":"","src":"","width":0,"height":0},"classes":[]}],"jetpack_likes_enabled":false,"_links":{"self":[{"href":"https:\/\/www.bispectrum.lt\/index.php?rest_route=\/wp\/v2\/pages\/1482","targetHints":{"allow":["GET"]}}],"collection":[{"href":"https:\/\/www.bispectrum.lt\/index.php?rest_route=\/wp\/v2\/pages"}],"about":[{"href":"https:\/\/www.bispectrum.lt\/index.php?rest_route=\/wp\/v2\/types\/page"}],"author":[{"embeddable":true,"href":"https:\/\/www.bispectrum.lt\/index.php?rest_route=\/wp\/v2\/users\/1"}],"replies":[{"embeddable":true,"href":"https:\/\/www.bispectrum.lt\/index.php?rest_route=%2Fwp%2Fv2%2Fcomments&post=1482"}],"version-history":[{"count":17,"href":"https:\/\/www.bispectrum.lt\/index.php?rest_route=\/wp\/v2\/pages\/1482\/revisions"}],"predecessor-version":[{"id":1650,"href":"https:\/\/www.bispectrum.lt\/index.php?rest_route=\/wp\/v2\/pages\/1482\/revisions\/1650"}],"wp:featuredmedia":[{"embeddable":true,"href":"https:\/\/www.bispectrum.lt\/index.php?rest_route=\/wp\/v2\/media\/1568"}],"wp:attachment":[{"href":"https:\/\/www.bispectrum.lt\/index.php?rest_route=%2Fwp%2Fv2%2Fmedia&parent=1482"}],"curies":[{"name":"wp","href":"https:\/\/api.w.org\/{rel}","templated":true}]}}