{"id":125,"date":"2016-03-30T09:21:19","date_gmt":"2016-03-30T11:21:19","guid":{"rendered":"http:\/\/www.bispectrum.lt\/?page_id=125"},"modified":"2017-09-21T13:46:08","modified_gmt":"2017-09-21T15:46:08","slug":"slider-page-template-4","status":"publish","type":"page","link":"https:\/\/www.bispectrum.lt\/?page_id=125","title":{"rendered":"Steb\u0117kite visk\u0105, kas vyksta, realiu laiku su SAP HANA"},"content":{"rendered":"<p>Kiek kart\u0173 yra tek\u0119 laukti, kol duomen\u0173 baz\u0117 &#8222;atsakys&#8221; ir pateiks skubiai reikaling\u0105 informacij\u0105?<\/p>\n<p>Naujos kartos duomen\u0173 apdorojimo platforma <strong>SAP HANA<\/strong> tokias problemas leid\u017eia palikti praei\u010diai.<\/p>\n<p>SAP HANA &#8222;In-Memory&#8221; technologija leid\u017eia verslo valdymo ir analitin\u0117ms aplikacijoms veikti protingiau, grei\u010diau vykdyti verslo procesus, ir tur\u0117ti paprastesn\u0119 infrastrukt\u016br\u0105. Nebereikia tur\u0117ti daugyb\u0117s skirting\u0173 duomen\u0173 bazi\u0173 atskiriems u\u017edaviniams spr\u0119sti.<\/p>\n<p>Daugiau apie SAP HANA:<br \/>\n<a href=\"https:\/\/www.sap.com\/products\/hana.html\" target=\"_blank\" rel=\"noopener\">https:\/\/www.sap.com\/products\/hana.html<\/a><\/p>\n<p>Arba susisiekite su mumis &#8211; <a href=\"mailto:contact@bispectrum.lt\" target=\"_blank\" rel=\"noopener\">contact@bispectrum.lt<\/a> .<\/p>\n","protected":false},"excerpt":{"rendered":"<p>Kiek kart\u0173 yra tek\u0119 laukti, kol duomen\u0173 baz\u0117 &#8222;atsakys&#8221; ir pateiks skubiai reikaling\u0105 informacij\u0105? Naujos kartos duomen\u0173 apdorojimo platforma SAP HANA tokias problemas leid\u017eia palikti praei\u010diai. SAP HANA &#8222;In-Memory&#8221; technologija&hellip; <\/p>\n","protected":false},"author":1,"featured_media":494,"parent":0,"menu_order":0,"comment_status":"closed","ping_status":"closed","template":"","meta":{"jetpack_post_was_ever_published":false,"footnotes":""},"class_list":["post-125","page","type-page","status-publish","has-post-thumbnail","hentry","clearfix"],"jetpack_sharing_enabled":true,"jetpack_shortlink":"https:\/\/wp.me\/P9dFXc-21","jetpack-related-posts":[{"id":122,"url":"https:\/\/www.bispectrum.lt\/?page_id=122","url_meta":{"origin":125,"position":0},"title":"Atsakykite \u012f sud\u0117tingus klausimus realiu laiku su SAP Analytics Cloud","author":"Donatas Budrys","date":"2016-03-30","format":false,"excerpt":"Pavargote bla\u0161kytis tarp \u012fvairi\u0173 analitini\u0173 produkt\u0173, ne\u017einote su kuria priemone geriausiai rasti atsakym\u0105? I\u0161eitis jau yra. SAP Analytics\u00a0Cloud sprendimas apjungia visas analitines galimybes\u00a0- verslo analitik\u0105 (BI), planavim\u0105, prognozavim\u0105 ir\u00a0GRC \u012f vien\u0105 visum\u0105. SAP Analytics Cloud \u2013 tai \u0161iuolaiki\u0161kas, intuityvus bei pa\u017eangus naujos kartos SAP verslo analitikos sprendimas, apr\u0117piantis visas analitikos,\u2026","rel":"","context":"Similar post","block_context":{"text":"Similar post","link":""},"img":{"alt_text":"","src":"https:\/\/i0.wp.com\/www.bispectrum.lt\/wp-content\/uploads\/2017\/09\/Arise_Slider_3_v3.jpg?resize=350%2C200&ssl=1","width":350,"height":200,"srcset":"https:\/\/i0.wp.com\/www.bispectrum.lt\/wp-content\/uploads\/2017\/09\/Arise_Slider_3_v3.jpg?resize=350%2C200&ssl=1 1x, https:\/\/i0.wp.com\/www.bispectrum.lt\/wp-content\/uploads\/2017\/09\/Arise_Slider_3_v3.jpg?resize=525%2C300&ssl=1 1.5x, https:\/\/i0.wp.com\/www.bispectrum.lt\/wp-content\/uploads\/2017\/09\/Arise_Slider_3_v3.jpg?resize=700%2C400&ssl=1 2x, https:\/\/i0.wp.com\/www.bispectrum.lt\/wp-content\/uploads\/2017\/09\/Arise_Slider_3_v3.jpg?resize=1050%2C600&ssl=1 3x, https:\/\/i0.wp.com\/www.bispectrum.lt\/wp-content\/uploads\/2017\/09\/Arise_Slider_3_v3.jpg?resize=1400%2C800&ssl=1 4x"},"classes":[]},{"id":121,"url":"https:\/\/www.bispectrum.lt\/?page_id=121","url_meta":{"origin":125,"position":1},"title":"Atraskite savo verslo ateit\u012f su SAP Predictive Analytics","author":"Donatas Budrys","date":"2016-03-30","format":false,"excerpt":"Pavargote \u017evalgytis \u012f praeities tendencijas, nor\u0117tum\u0117te pa\u017evelgti \u012f ateit\u012f, jos perspektyvas, prognozuoti ar atlikti statistin\u0119 analiz\u0119? SAP Predictive Analytics - intuityvi priemon\u0117, skirta \u012fvairi\u0173 \u012fg\u016bd\u017ei\u0173 darbuotojams, suteikianti galimybes atlikti sofistikuot\u0105, orientuot\u0105 \u012f ateit\u012f statistin\u0119 analiz\u0119. Duomenis tam galima nesunkiai panaudoti i\u0161 \u012fvairiausi\u0173 \u0161altini\u0173 - SAP HANA, SAP IQ, Big Data,\u2026","rel":"","context":"Similar post","block_context":{"text":"Similar post","link":""},"img":{"alt_text":"","src":"https:\/\/i0.wp.com\/www.bispectrum.lt\/wp-content\/uploads\/2017\/09\/Arise_Slider_2_v3.jpg?resize=350%2C200&ssl=1","width":350,"height":200,"srcset":"https:\/\/i0.wp.com\/www.bispectrum.lt\/wp-content\/uploads\/2017\/09\/Arise_Slider_2_v3.jpg?resize=350%2C200&ssl=1 1x, https:\/\/i0.wp.com\/www.bispectrum.lt\/wp-content\/uploads\/2017\/09\/Arise_Slider_2_v3.jpg?resize=525%2C300&ssl=1 1.5x, https:\/\/i0.wp.com\/www.bispectrum.lt\/wp-content\/uploads\/2017\/09\/Arise_Slider_2_v3.jpg?resize=700%2C400&ssl=1 2x, https:\/\/i0.wp.com\/www.bispectrum.lt\/wp-content\/uploads\/2017\/09\/Arise_Slider_2_v3.jpg?resize=1050%2C600&ssl=1 3x, https:\/\/i0.wp.com\/www.bispectrum.lt\/wp-content\/uploads\/2017\/09\/Arise_Slider_2_v3.jpg?resize=1400%2C800&ssl=1 4x"},"classes":[]},{"id":113,"url":"https:\/\/www.bispectrum.lt\/?page_id=113","url_meta":{"origin":125,"position":2},"title":"Konsultacijos","author":"Donatas Budrys","date":"2016-03-30","format":false,"excerpt":"Nor\u0117tum\u0117te i\u0161vystyti savo verslo analiz\u0119, daryti tikslesnes \u012f\u017evalgas? Pasinaudokite m\u016bs\u0173 konsultant\u0173 daugiau nei 15 met\u0173 patirtimi tiek kuriant vizij\u0105, strategij\u0105, technin\u0119 architekt\u016br\u0105, tiek diegiant ir pri\u017ei\u016brint SAP\u00a0analitikos sprendimus. \u0160iandien stebime mil\u017eini\u0161k\u0105 duomen\u0173 kiekio augim\u0105 tiek \u012fmon\u0117se, tiek pasaulyje. Neatsilikdami nuo pasaulini\u0173 tendencij\u0173, konsultuojame \u012fmones, kaip panaudoti vis\u0105 \u0161\u012f sukaupt\u0105 lob\u012f,\u2026","rel":"","context":"Similar post","block_context":{"text":"Similar post","link":""},"img":{"alt_text":"bispectrum_sap_versloanalitika_001","src":"https:\/\/i0.wp.com\/www.bispectrum.lt\/wp-content\/uploads\/2016\/03\/bispectrum_sap_versloanalitika_001-1024x442.png?resize=350%2C200","width":350,"height":200,"srcset":"https:\/\/i0.wp.com\/www.bispectrum.lt\/wp-content\/uploads\/2016\/03\/bispectrum_sap_versloanalitika_001-1024x442.png?resize=350%2C200 1x, https:\/\/i0.wp.com\/www.bispectrum.lt\/wp-content\/uploads\/2016\/03\/bispectrum_sap_versloanalitika_001-1024x442.png?resize=525%2C300 1.5x, https:\/\/i0.wp.com\/www.bispectrum.lt\/wp-content\/uploads\/2016\/03\/bispectrum_sap_versloanalitika_001-1024x442.png?resize=700%2C400 2x"},"classes":[]},{"id":115,"url":"https:\/\/www.bispectrum.lt\/?page_id=115","url_meta":{"origin":125,"position":3},"title":"Mokymai","author":"Donatas Budrys","date":"2016-03-30","format":false,"excerpt":"Siekiate\u00a0b\u016bti nepriklausomi, patys kurti, vystyti, tobulinti savo SAP\u00a0verslo analitikos\u00a0ar planavimo\u00a0sistem\u0105? Tai paprasta ir tuo naudojasi jau ne viena Lietuvos \u012fmon\u0117. I\u0161bandykite m\u016bs\u0173 specialist\u0173 sukurt\u0105 mokym\u0173 sistem\u0105. \u0160iandien daugelis geba puikiai naudotis informacin\u0117mis technologijomis. Senokai pra\u0117jo tie laikai, kai fotoaparatus tur\u0117jo tik vienetai, kai kompiuteriais dirbdavo specialiuose skai\u010diavimo centruose. Kuo toliau\u2026","rel":"","context":"Similar post","block_context":{"text":"Similar post","link":""},"img":{"alt_text":"","src":"","width":0,"height":0},"classes":[]},{"id":465,"url":"https:\/\/www.bispectrum.lt\/?page_id=465","url_meta":{"origin":125,"position":4},"title":"BI Spectrum renginys &#8211; SAP Analytics Cloud &#8211; 2017-11-17","author":"Donatas Budrys","date":"2017-09-18","format":false,"excerpt":"Kvie\u010diame Jus \u012f BI Spectrum organizuojam\u0105 nemokam\u0105 seminar\u0105 internete \u2014 SAP Analytics Cloud \u2013 verslo analitika visiems. SAP Analytics Cloud \u2013 tai \u0161iuolaiki\u0161kas, intuityvus bei pa\u017eangus naujos kartos SAP verslo analitikos sprendimas, apr\u0117piantis visas analitikos, prognozavimo, planavimo ir bendradarbiavimo galimybes vieningoje SaaS aplinkoje. Seminare ap\u017evelgsime verslo analitikams aktualias SAP Analytics\u2026","rel":"","context":"Similar post","block_context":{"text":"Similar post","link":""},"img":{"alt_text":"","src":"https:\/\/i0.wp.com\/www.bispectrum.lt\/wp-content\/uploads\/2017\/10\/BISpectrum_Event_SAPAnalyticsCloud_20171117.png?resize=350%2C200","width":350,"height":200,"srcset":"https:\/\/i0.wp.com\/www.bispectrum.lt\/wp-content\/uploads\/2017\/10\/BISpectrum_Event_SAPAnalyticsCloud_20171117.png?resize=350%2C200 1x, https:\/\/i0.wp.com\/www.bispectrum.lt\/wp-content\/uploads\/2017\/10\/BISpectrum_Event_SAPAnalyticsCloud_20171117.png?resize=525%2C300 1.5x, https:\/\/i0.wp.com\/www.bispectrum.lt\/wp-content\/uploads\/2017\/10\/BISpectrum_Event_SAPAnalyticsCloud_20171117.png?resize=700%2C400 2x, https:\/\/i0.wp.com\/www.bispectrum.lt\/wp-content\/uploads\/2017\/10\/BISpectrum_Event_SAPAnalyticsCloud_20171117.png?resize=1050%2C600 3x"},"classes":[]},{"id":1482,"url":"https:\/\/www.bispectrum.lt\/?page_id=1482","url_meta":{"origin":125,"position":5},"title":"BI Spectrum &#8211; Rivile GAMA Analitika","author":"Donatas Budrys","date":"2021-03-26","format":false,"excerpt":"BI Spectrum - Rivile GAMA Analitika - vieningas, draugi\u0161kas vartotojui ir aplinkai, lanks\u010diai \u012fgyvendinamas ir vystomas, kokybi\u0161kas, sumaniai prisitaikantis prie l\u016bkes\u010di\u0173 ir poreiki\u0173, ypatingai greitas bei prieinamas Rivile GAMA veiklos analitikos sprendimas visiems. BI Spectrum - Rivile GAMA Analitika - Trumpas apra\u0161ymas BI Spectrum - Rivile GAMA Analitikos sprendimas sukurtas\u2026","rel":"","context":"Similar post","block_context":{"text":"Similar post","link":""},"img":{"alt_text":"","src":"https:\/\/i0.wp.com\/www.bispectrum.lt\/wp-content\/uploads\/2021\/03\/BI-Spectrum-Rivile-GAMA-Analytics-001.png?resize=350%2C200&ssl=1","width":350,"height":200,"srcset":"https:\/\/i0.wp.com\/www.bispectrum.lt\/wp-content\/uploads\/2021\/03\/BI-Spectrum-Rivile-GAMA-Analytics-001.png?resize=350%2C200&ssl=1 1x, https:\/\/i0.wp.com\/www.bispectrum.lt\/wp-content\/uploads\/2021\/03\/BI-Spectrum-Rivile-GAMA-Analytics-001.png?resize=525%2C300&ssl=1 1.5x, https:\/\/i0.wp.com\/www.bispectrum.lt\/wp-content\/uploads\/2021\/03\/BI-Spectrum-Rivile-GAMA-Analytics-001.png?resize=700%2C400&ssl=1 2x, https:\/\/i0.wp.com\/www.bispectrum.lt\/wp-content\/uploads\/2021\/03\/BI-Spectrum-Rivile-GAMA-Analytics-001.png?resize=1050%2C600&ssl=1 3x, https:\/\/i0.wp.com\/www.bispectrum.lt\/wp-content\/uploads\/2021\/03\/BI-Spectrum-Rivile-GAMA-Analytics-001.png?resize=1400%2C800&ssl=1 4x"},"classes":[]}],"jetpack_likes_enabled":false,"_links":{"self":[{"href":"https:\/\/www.bispectrum.lt\/index.php?rest_route=\/wp\/v2\/pages\/125","targetHints":{"allow":["GET"]}}],"collection":[{"href":"https:\/\/www.bispectrum.lt\/index.php?rest_route=\/wp\/v2\/pages"}],"about":[{"href":"https:\/\/www.bispectrum.lt\/index.php?rest_route=\/wp\/v2\/types\/page"}],"author":[{"embeddable":true,"href":"https:\/\/www.bispectrum.lt\/index.php?rest_route=\/wp\/v2\/users\/1"}],"replies":[{"embeddable":true,"href":"https:\/\/www.bispectrum.lt\/index.php?rest_route=%2Fwp%2Fv2%2Fcomments&post=125"}],"version-history":[{"count":10,"href":"https:\/\/www.bispectrum.lt\/index.php?rest_route=\/wp\/v2\/pages\/125\/revisions"}],"predecessor-version":[{"id":485,"href":"https:\/\/www.bispectrum.lt\/index.php?rest_route=\/wp\/v2\/pages\/125\/revisions\/485"}],"wp:featuredmedia":[{"embeddable":true,"href":"https:\/\/www.bispectrum.lt\/index.php?rest_route=\/wp\/v2\/media\/494"}],"wp:attachment":[{"href":"https:\/\/www.bispectrum.lt\/index.php?rest_route=%2Fwp%2Fv2%2Fmedia&parent=125"}],"curies":[{"name":"wp","href":"https:\/\/api.w.org\/{rel}","templated":true}]}}