{"id":122,"date":"2016-03-30T09:20:17","date_gmt":"2016-03-30T11:20:17","guid":{"rendered":"http:\/\/www.bispectrum.lt\/?page_id=122"},"modified":"2022-04-08T12:49:26","modified_gmt":"2022-04-08T10:49:26","slug":"slider-page-template-3","status":"publish","type":"page","link":"https:\/\/www.bispectrum.lt\/?page_id=122","title":{"rendered":"Atsakykite \u012f sud\u0117tingus klausimus realiu laiku su SAP Analytics Cloud"},"content":{"rendered":"<p><img loading=\"lazy\" decoding=\"async\" data-attachment-id=\"601\" data-permalink=\"https:\/\/www.bispectrum.lt\/?attachment_id=601\" data-orig-file=\"https:\/\/www.bispectrum.lt\/wp-content\/uploads\/2018\/02\/SAPAnalyticsCloud_3Monitors.png\" data-orig-size=\"1053,443\" data-comments-opened=\"1\" data-image-meta=\"{&quot;aperture&quot;:&quot;0&quot;,&quot;credit&quot;:&quot;&quot;,&quot;camera&quot;:&quot;&quot;,&quot;caption&quot;:&quot;&quot;,&quot;created_timestamp&quot;:&quot;0&quot;,&quot;copyright&quot;:&quot;&quot;,&quot;focal_length&quot;:&quot;0&quot;,&quot;iso&quot;:&quot;0&quot;,&quot;shutter_speed&quot;:&quot;0&quot;,&quot;title&quot;:&quot;&quot;,&quot;orientation&quot;:&quot;0&quot;}\" data-image-title=\"SAPAnalyticsCloud_3Monitors\" data-image-description=\"\" data-image-caption=\"\" data-medium-file=\"https:\/\/www.bispectrum.lt\/wp-content\/uploads\/2018\/02\/SAPAnalyticsCloud_3Monitors-300x126.png\" data-large-file=\"https:\/\/www.bispectrum.lt\/wp-content\/uploads\/2018\/02\/SAPAnalyticsCloud_3Monitors-1024x431.png\" class=\"aligncenter size-large wp-image-601\" src=\"http:\/\/www.bispectrum.lt\/wp-content\/uploads\/2018\/02\/SAPAnalyticsCloud_3Monitors-1024x431.png\" alt=\"\" width=\"790\" height=\"333\" srcset=\"https:\/\/www.bispectrum.lt\/wp-content\/uploads\/2018\/02\/SAPAnalyticsCloud_3Monitors-1024x431.png 1024w, https:\/\/www.bispectrum.lt\/wp-content\/uploads\/2018\/02\/SAPAnalyticsCloud_3Monitors-300x126.png 300w, https:\/\/www.bispectrum.lt\/wp-content\/uploads\/2018\/02\/SAPAnalyticsCloud_3Monitors-768x323.png 768w, https:\/\/www.bispectrum.lt\/wp-content\/uploads\/2018\/02\/SAPAnalyticsCloud_3Monitors.png 1053w\" sizes=\"auto, (max-width: 790px) 100vw, 790px\" \/><\/p>\n<p>Pavargote bla\u0161kytis tarp \u012fvairi\u0173 analitini\u0173 produkt\u0173, ne\u017einote su kuria priemone geriausiai rasti atsakym\u0105? I\u0161eitis jau yra.<\/p>\n<p><strong>SAP Analytics\u00a0Cloud<\/strong> sprendimas apjungia visas analitines galimybes\u00a0&#8211; verslo analitik\u0105 (BI), planavim\u0105, prognozavim\u0105 ir\u00a0GRC \u012f vien\u0105 visum\u0105.<\/p>\n<p><strong>SAP Analytics Cloud<\/strong> \u2013 tai \u0161iuolaiki\u0161kas, intuityvus bei pa\u017eangus naujos kartos SAP verslo analitikos sprendimas, apr\u0117piantis visas analitikos, prognozavimo, planavimo ir bendradarbiavimo galimybes vieningoje \u201edebesijos\u201c aplinkoje.<\/p>\n<p>Sukurta, naudojant \u0161iuolaikines SAP Cloud Platform SaaS technologijas, SAP Analytics Cloud duomenis kaupia ir saugo SAP HANA &#8222;In-Memory&#8221; duomen\u0173 platformoje. Tai suteikia galimyb\u0119 j\u016bs\u0173 informacij\u0105 apdoroti, vizualizuoti bei analizuoti ypatingai greitai, patogiai ir lanks\u010diai.<\/p>\n<p>\u012esigij\u0119 m\u0117nesinio mok\u0117jimo (\u201eSubscription\u201c) licencij\u0105, J\u016bs i\u0161 karto gal\u0117site prad\u0117ti naudotis SAP Analytics Cloud galimyb\u0117mis. Jums nereikia tur\u0117ti savo Analitikos serveri\u0173, diegti bei naujinti programin\u0117s \u012frangos \u2014 viskuo saugiai pasir\u016bpinta SAP duomen\u0173 centruose. Naudodami SAP Analytics Cloud J\u016bs gal\u0117site pasiekti, vizualizuoti bei analizuoti vis\u0105 savo analitin\u0119 informacij\u0105 \u2014 i\u0161 SAP Universe, SAP HANA, SAP BW, SAP S4HANA, SAP BW4HANA, \u012fvairi\u0173 SQL duomen\u0173 bazi\u0173, vietini\u0173 laikmen\u0173 bei \u012fvairi\u0173 internetini\u0173 sprendim\u0173.<\/p>\n<p>Negana to, naudodami\u00a0SAP Analytics Cloud, savo \u012fmon\u0117s analitik\u0105 pasieksite i\u0161 bet kurio \u012frenginio, bet kuriame pasaulio kampelyje.<\/p>\n<p><strong>Daugiau apie SAP Analytics Cloud:<\/strong><\/p>\n<ul>\n<li><a href=\"https:\/\/www.sapanalytics.cloud\/\" target=\"_blank\" rel=\"noopener\">Oficialusis SAP Analytics Cloud puslapis<\/a><\/li>\n<li><a href=\"https:\/\/discover.sapanalytics.cloud\/trialrequest-auto-1\/\" target=\"_blank\" rel=\"noopener\">I\u0161bandykite SAP Analytics Cloud nemokamai<\/a><\/li>\n<li><a href=\"https:\/\/www.sapanalytics.cloud\/learning\/\" target=\"_blank\" rel=\"noopener\">I\u0161mokite bei prad\u0117kite naudoti SAP Analytics Cloud<\/a><\/li>\n<li><a href=\"https:\/\/youtu.be\/ECDnI75PvEc\" target=\"_blank\" rel=\"noopener\">Trumpas vaizdo \u012fra\u0161as apie tai, kaip sukurti nauj\u0105 analitin\u0119 istorij\u0105 SAP Analytics Cloud aplinkoje.<\/a><\/li>\n<\/ul>\n<p><iframe loading=\"lazy\" title=\"SAP Analytics Cloud \u2013 Analytical Story\" width=\"790\" height=\"444\" src=\"https:\/\/www.youtube.com\/embed\/ECDnI75PvEc?feature=oembed\" frameborder=\"0\" allow=\"accelerometer; autoplay; clipboard-write; encrypted-media; gyroscope; picture-in-picture; web-share\" allowfullscreen><\/iframe><\/p>\n<p>2018 m. vasario m\u0117n. <a href=\"http:\/\/blog-sap.com\/analytics\/2018\/02\/07\/a-deeper-look-into-saps-bi-and-analytics-strategy\/\" target=\"_blank\" rel=\"noopener\">SAP pristat\u0117 atnaujint\u0105 vizij\u0105 d\u0117l SAP verslo analitikos sprendim\u0173 ateities<\/a>. \u0160ioje vizijoje SAP Analytics Cloud teko i\u0161skirtinis vaidmuo \u2013 jis paskelbtas pagrindine SAP interaktyvios bei vizualios duomen\u0173 analiz\u0117s priemone. Kartu su integruotomis prognozavimo, planavimo ir bendradarbiavimo galimyb\u0117mis SAP Analytics Cloud ilgainiui tur\u0117t\u0173 tapti pagrindiniu SAP atsakymu \u012f visus verslo analitikos klausimus ir i\u0161\u0161\u016bkius.<\/p>\n<p>Nor\u0117tum\u0117te apie SAP Analytics Cloud su\u017einoti daugiau &#8211; <a href=\"http:\/\/www.bispectrum.lt\/?page_id=9\">susisiekite su mumis<\/a> &#8211; arba para\u0161ykite <a href=\"mailto:contact@bispectrum.lt\" target=\"_blank\" rel=\"noopener\">contact@bispectrum.lt<\/a> .<\/p>\n","protected":false},"excerpt":{"rendered":"<p>Pavargote bla\u0161kytis tarp \u012fvairi\u0173 analitini\u0173 produkt\u0173, ne\u017einote su kuria priemone geriausiai rasti atsakym\u0105? I\u0161eitis jau yra. SAP Analytics\u00a0Cloud sprendimas apjungia visas analitines galimybes\u00a0&#8211; verslo analitik\u0105 (BI), planavim\u0105, prognozavim\u0105 ir\u00a0GRC \u012f&hellip; <\/p>\n","protected":false},"author":1,"featured_media":493,"parent":0,"menu_order":0,"comment_status":"closed","ping_status":"closed","template":"","meta":{"jetpack_post_was_ever_published":false,"footnotes":""},"class_list":["post-122","page","type-page","status-publish","has-post-thumbnail","hentry","clearfix"],"jetpack_sharing_enabled":true,"jetpack_shortlink":"https:\/\/wp.me\/P9dFXc-1Y","jetpack-related-posts":[{"id":465,"url":"https:\/\/www.bispectrum.lt\/?page_id=465","url_meta":{"origin":122,"position":0},"title":"BI Spectrum renginys &#8211; SAP Analytics Cloud &#8211; 2017-11-17","author":"Donatas Budrys","date":"2017-09-18","format":false,"excerpt":"Kvie\u010diame Jus \u012f BI Spectrum organizuojam\u0105 nemokam\u0105 seminar\u0105 internete \u2014 SAP Analytics Cloud \u2013 verslo analitika visiems. SAP Analytics Cloud \u2013 tai \u0161iuolaiki\u0161kas, intuityvus bei pa\u017eangus naujos kartos SAP verslo analitikos sprendimas, apr\u0117piantis visas analitikos, prognozavimo, planavimo ir bendradarbiavimo galimybes vieningoje SaaS aplinkoje. Seminare ap\u017evelgsime verslo analitikams aktualias SAP Analytics\u2026","rel":"","context":"Similar post","block_context":{"text":"Similar post","link":""},"img":{"alt_text":"","src":"https:\/\/i0.wp.com\/www.bispectrum.lt\/wp-content\/uploads\/2017\/10\/BISpectrum_Event_SAPAnalyticsCloud_20171117.png?resize=350%2C200","width":350,"height":200,"srcset":"https:\/\/i0.wp.com\/www.bispectrum.lt\/wp-content\/uploads\/2017\/10\/BISpectrum_Event_SAPAnalyticsCloud_20171117.png?resize=350%2C200 1x, https:\/\/i0.wp.com\/www.bispectrum.lt\/wp-content\/uploads\/2017\/10\/BISpectrum_Event_SAPAnalyticsCloud_20171117.png?resize=525%2C300 1.5x, https:\/\/i0.wp.com\/www.bispectrum.lt\/wp-content\/uploads\/2017\/10\/BISpectrum_Event_SAPAnalyticsCloud_20171117.png?resize=700%2C400 2x, https:\/\/i0.wp.com\/www.bispectrum.lt\/wp-content\/uploads\/2017\/10\/BISpectrum_Event_SAPAnalyticsCloud_20171117.png?resize=1050%2C600 3x"},"classes":[]},{"id":1482,"url":"https:\/\/www.bispectrum.lt\/?page_id=1482","url_meta":{"origin":122,"position":1},"title":"BI Spectrum &#8211; Rivile GAMA Analitika","author":"Donatas Budrys","date":"2021-03-26","format":false,"excerpt":"BI Spectrum - Rivile GAMA Analitika - vieningas, draugi\u0161kas vartotojui ir aplinkai, lanks\u010diai \u012fgyvendinamas ir vystomas, kokybi\u0161kas, sumaniai prisitaikantis prie l\u016bkes\u010di\u0173 ir poreiki\u0173, ypatingai greitas bei prieinamas Rivile GAMA veiklos analitikos sprendimas visiems. BI Spectrum - Rivile GAMA Analitika - Trumpas apra\u0161ymas BI Spectrum - Rivile GAMA Analitikos sprendimas sukurtas\u2026","rel":"","context":"Similar post","block_context":{"text":"Similar post","link":""},"img":{"alt_text":"","src":"https:\/\/i0.wp.com\/www.bispectrum.lt\/wp-content\/uploads\/2021\/03\/BI-Spectrum-Rivile-GAMA-Analytics-001.png?resize=350%2C200&ssl=1","width":350,"height":200,"srcset":"https:\/\/i0.wp.com\/www.bispectrum.lt\/wp-content\/uploads\/2021\/03\/BI-Spectrum-Rivile-GAMA-Analytics-001.png?resize=350%2C200&ssl=1 1x, https:\/\/i0.wp.com\/www.bispectrum.lt\/wp-content\/uploads\/2021\/03\/BI-Spectrum-Rivile-GAMA-Analytics-001.png?resize=525%2C300&ssl=1 1.5x, https:\/\/i0.wp.com\/www.bispectrum.lt\/wp-content\/uploads\/2021\/03\/BI-Spectrum-Rivile-GAMA-Analytics-001.png?resize=700%2C400&ssl=1 2x, https:\/\/i0.wp.com\/www.bispectrum.lt\/wp-content\/uploads\/2021\/03\/BI-Spectrum-Rivile-GAMA-Analytics-001.png?resize=1050%2C600&ssl=1 3x, https:\/\/i0.wp.com\/www.bispectrum.lt\/wp-content\/uploads\/2021\/03\/BI-Spectrum-Rivile-GAMA-Analytics-001.png?resize=1400%2C800&ssl=1 4x"},"classes":[]},{"id":121,"url":"https:\/\/www.bispectrum.lt\/?page_id=121","url_meta":{"origin":122,"position":2},"title":"Atraskite savo verslo ateit\u012f su SAP Predictive Analytics","author":"Donatas Budrys","date":"2016-03-30","format":false,"excerpt":"Pavargote \u017evalgytis \u012f praeities tendencijas, nor\u0117tum\u0117te pa\u017evelgti \u012f ateit\u012f, jos perspektyvas, prognozuoti ar atlikti statistin\u0119 analiz\u0119? SAP Predictive Analytics - intuityvi priemon\u0117, skirta \u012fvairi\u0173 \u012fg\u016bd\u017ei\u0173 darbuotojams, suteikianti galimybes atlikti sofistikuot\u0105, orientuot\u0105 \u012f ateit\u012f statistin\u0119 analiz\u0119. Duomenis tam galima nesunkiai panaudoti i\u0161 \u012fvairiausi\u0173 \u0161altini\u0173 - SAP HANA, SAP IQ, Big Data,\u2026","rel":"","context":"Similar post","block_context":{"text":"Similar post","link":""},"img":{"alt_text":"","src":"https:\/\/i0.wp.com\/www.bispectrum.lt\/wp-content\/uploads\/2017\/09\/Arise_Slider_2_v3.jpg?resize=350%2C200&ssl=1","width":350,"height":200,"srcset":"https:\/\/i0.wp.com\/www.bispectrum.lt\/wp-content\/uploads\/2017\/09\/Arise_Slider_2_v3.jpg?resize=350%2C200&ssl=1 1x, https:\/\/i0.wp.com\/www.bispectrum.lt\/wp-content\/uploads\/2017\/09\/Arise_Slider_2_v3.jpg?resize=525%2C300&ssl=1 1.5x, https:\/\/i0.wp.com\/www.bispectrum.lt\/wp-content\/uploads\/2017\/09\/Arise_Slider_2_v3.jpg?resize=700%2C400&ssl=1 2x, https:\/\/i0.wp.com\/www.bispectrum.lt\/wp-content\/uploads\/2017\/09\/Arise_Slider_2_v3.jpg?resize=1050%2C600&ssl=1 3x, https:\/\/i0.wp.com\/www.bispectrum.lt\/wp-content\/uploads\/2017\/09\/Arise_Slider_2_v3.jpg?resize=1400%2C800&ssl=1 4x"},"classes":[]},{"id":181,"url":"https:\/\/www.bispectrum.lt\/?page_id=181","url_meta":{"origin":122,"position":3},"title":"SAP Crystal partneris","author":"Donatas Budrys","date":"2016-03-31","format":false,"excerpt":"BI Spectrum yra SAP\u00ae Crystal partneris SAP\u00ae Crystal partneryst\u0117 mums atveria naujas galimybes Jums pasi\u016blyti pa\u017eangius ir inovatyvius SAP\u00ae Verslo Analitikos sprendimus ir technologijas Jums palankiausiomis s\u0105lygomis, kad J\u016bs\u0173 pirmieji \u017eingsniai Verslo Analitikos kelyje b\u016bt\u0173 tvirti, saug\u016bs ir u\u017etikrinti. Daugiau informacijos apie SAP\u00ae rasite http:\/\/www.sap.com.","rel":"","context":"Similar post","block_context":{"text":"Similar post","link":""},"img":{"alt_text":"sapcrystal_partner_logo","src":"https:\/\/i0.wp.com\/www.bispectrum.lt\/wp-content\/uploads\/2016\/03\/sapcrystal_partner_logo.png?resize=350%2C200","width":350,"height":200},"classes":[]},{"id":15,"url":"https:\/\/www.bispectrum.lt\/?page_id=15","url_meta":{"origin":122,"position":4},"title":"Apie mus","author":"Donatas Budrys","date":"2016-03-22","format":false,"excerpt":"BI Spectrum \u2013 patikimas J\u016bs\u0173 verslo analitikos partneris. Kartu su Jumis mes sukursime J\u016bs\u0173 poreikius atitinkan\u010di\u0105 verslo analitikos ilgalaik\u0119 vizij\u0105 ir strategij\u0105, tinkamai parinksime jos \u012fgyvendinimo etapus, b\u016bdus ir priemones. M\u016bs\u0173 ilgamet\u0117 patirtis, profesionalumas, atsakingas bei lankstus po\u017ei\u016bris \u012f partneryst\u0119 u\u017etikrins J\u016bs\u0173 verslo analitikos sprendim\u0173 kokyb\u0119 ir s\u0117km\u0119. M\u016bs\u0173 vizija\u2026","rel":"","context":"Similar post","block_context":{"text":"Similar post","link":""},"img":{"alt_text":"","src":"https:\/\/i0.wp.com\/www.bispectrum.lt\/wp-content\/uploads\/2016\/03\/About_us.jpg?resize=350%2C200&ssl=1","width":350,"height":200,"srcset":"https:\/\/i0.wp.com\/www.bispectrum.lt\/wp-content\/uploads\/2016\/03\/About_us.jpg?resize=350%2C200&ssl=1 1x, https:\/\/i0.wp.com\/www.bispectrum.lt\/wp-content\/uploads\/2016\/03\/About_us.jpg?resize=525%2C300&ssl=1 1.5x, https:\/\/i0.wp.com\/www.bispectrum.lt\/wp-content\/uploads\/2016\/03\/About_us.jpg?resize=700%2C400&ssl=1 2x, https:\/\/i0.wp.com\/www.bispectrum.lt\/wp-content\/uploads\/2016\/03\/About_us.jpg?resize=1050%2C600&ssl=1 3x, https:\/\/i0.wp.com\/www.bispectrum.lt\/wp-content\/uploads\/2016\/03\/About_us.jpg?resize=1400%2C800&ssl=1 4x"},"classes":[]},{"id":117,"url":"https:\/\/www.bispectrum.lt\/?page_id=117","url_meta":{"origin":122,"position":5},"title":"Licencijos","author":"Donatas Budrys","date":"2016-03-30","format":false,"excerpt":"Nutar\u0117te \u012fsigyti SAP\u00a0analitin\u0119 sistem\u0105, ie\u0161kote patikimo, sertifikuoto partnerio, teikian\u010dio aktyv\u0173 palaikym\u0105? Sunku nuspr\u0119sti, kokio tipo licencijos tinkamiausios? Esame dedikuotas SAP\u00a0analitikos partneris, galintis suteikti Jums reikaling\u0173 \u017eini\u0173. SAP programin\u0117 \u012franga yra parduodama tiek po vien\u0105 licencij\u0105, tiek paketais. Mes padedame \u012fmon\u0117ms i\u0161siai\u0161kinti, kurios licencijos ar kurie paketai patenkint\u0173 kylan\u010dius verslo ir\u00a0IT\u2026","rel":"","context":"Similar post","block_context":{"text":"Similar post","link":""},"img":{"alt_text":"","src":"","width":0,"height":0},"classes":[]}],"jetpack_likes_enabled":false,"_links":{"self":[{"href":"https:\/\/www.bispectrum.lt\/index.php?rest_route=\/wp\/v2\/pages\/122","targetHints":{"allow":["GET"]}}],"collection":[{"href":"https:\/\/www.bispectrum.lt\/index.php?rest_route=\/wp\/v2\/pages"}],"about":[{"href":"https:\/\/www.bispectrum.lt\/index.php?rest_route=\/wp\/v2\/types\/page"}],"author":[{"embeddable":true,"href":"https:\/\/www.bispectrum.lt\/index.php?rest_route=\/wp\/v2\/users\/1"}],"replies":[{"embeddable":true,"href":"https:\/\/www.bispectrum.lt\/index.php?rest_route=%2Fwp%2Fv2%2Fcomments&post=122"}],"version-history":[{"count":17,"href":"https:\/\/www.bispectrum.lt\/index.php?rest_route=\/wp\/v2\/pages\/122\/revisions"}],"predecessor-version":[{"id":687,"href":"https:\/\/www.bispectrum.lt\/index.php?rest_route=\/wp\/v2\/pages\/122\/revisions\/687"}],"wp:featuredmedia":[{"embeddable":true,"href":"https:\/\/www.bispectrum.lt\/index.php?rest_route=\/wp\/v2\/media\/493"}],"wp:attachment":[{"href":"https:\/\/www.bispectrum.lt\/index.php?rest_route=%2Fwp%2Fv2%2Fmedia&parent=122"}],"curies":[{"name":"wp","href":"https:\/\/api.w.org\/{rel}","templated":true}]}}