{"id":115,"date":"2016-03-30T08:52:04","date_gmt":"2016-03-30T10:52:04","guid":{"rendered":"http:\/\/www.bispectrum.lt\/?page_id=115"},"modified":"2022-04-08T12:49:26","modified_gmt":"2022-04-08T10:49:26","slug":"mokymai","status":"publish","type":"page","link":"https:\/\/www.bispectrum.lt\/?page_id=115","title":{"rendered":"Mokymai"},"content":{"rendered":"<p>Siekiate\u00a0b\u016bti nepriklausomi, patys kurti, vystyti, tobulinti savo SAP\u00a0verslo analitikos\u00a0ar planavimo\u00a0sistem\u0105? Tai paprasta ir tuo naudojasi jau ne viena Lietuvos \u012fmon\u0117. I\u0161bandykite m\u016bs\u0173 specialist\u0173 sukurt\u0105 mokym\u0173 sistem\u0105.<!--more--><\/p>\n<p>\u0160iandien daugelis geba puikiai naudotis informacin\u0117mis technologijomis. Senokai pra\u0117jo tie laikai, kai fotoaparatus tur\u0117jo tik vienetai, kai kompiuteriais dirbdavo specialiuose skai\u010diavimo centruose. Kuo toliau tuo lengviau verslo analitikams ir \u012fmon\u0117s IT specialistams patiems kurti, vystyti ir pri\u017ei\u016br\u0117ti verslo analitikos sistemas patiems, nelaukiant i\u0161orini\u0173 specialist\u0173 pagalbos.<\/p>\n<p>Tuo tikslu <strong>mes pareng\u0117me bei s\u0117kmingai projektuose pasitvirtinome nauj\u0105 Verslo Analitini\u0173 sistem\u0173 \u012fgyvendinimo mokymo metodik\u0105<\/strong>. Tuo pa\u010diu metu mokydami U\u017esakovo darbuotojus, suteikdami Jiems ilgamet\u0119 m\u016bs\u0173 patirt\u012f bei lanks\u010diai (angl. Agile) kurdami verslo analitin\u0119 sistem\u0105, mes nuo pat pirm\u0173j\u0173 verslo analitin\u0117s sistemos k\u016brimo akimirk\u0173 padedame U\u017esakovui \u012fsisavinti verslo analitikos teikiam\u0105 naud\u0105 bei siekti strategini\u0173 verslo analitikos tiksl\u0173.<\/p>\n<p>M\u016bs\u0173 mokym\u0173 pagrindas <strong>yra suteikti galimyb\u0119 U\u017esakovo IT ir verslo naudotojams savaranki\u0161kai, lengvai, vizualiai ir efektyviai kurti, pri\u017ei\u016br\u0117ti, vystyti ir administruoti vis\u0105 Analitin\u0119 sistem\u0105<\/strong>. Tai leid\u017eia i\u0161 esm\u0117s pakeisti verslo analitin\u0117s sistemos k\u016brimo ir vystymo principus, atsisakant Vykdytojo paslaug\u0173 bei susikoncentruojant \u012f lankst\u0173 ir dinami\u0161k\u0105 visos verslo analitin\u0117s sistemos pl\u0117tojim\u0105 U\u017esakovo darbuotoj\u0173 paj\u0117gomis.<\/p>\n<p><strong>M\u016bs\u0173 si\u016blomi kursai pad\u0117s \u012fmon\u0117ms:<\/strong><\/p>\n<ul>\n<li>Kurti, vystyti ir pri\u017ei\u016br\u0117ti Duomen\u0173 saugyklas.<\/li>\n<li>Valdyti analitin\u0119 informacij\u0105 ir duomen\u0173 kokyb\u0119.<\/li>\n<li>Kurti viening\u0105 \u012fmon\u0117s verslo analitini\u0173 rodikli\u0173 semantin\u012f sluoksn\u012f.<\/li>\n<li>Vizualizuoti duomenis.<\/li>\n<li>Kurti standartines ir analitines ataskaitas.<\/li>\n<li>Kurti \u012fmon\u0117s veiklos efektyvumo rodikli\u0173 steb\u0117senos vizualius ekranus.<\/li>\n<li>Automatizuoti biud\u017eetavimo, planavimo ir konsolidavimo procesus.<\/li>\n<\/ul>\n","protected":false},"excerpt":{"rendered":"<p>Siekiate\u00a0b\u016bti nepriklausomi, patys kurti, vystyti, tobulinti savo SAP\u00a0verslo analitikos\u00a0ar planavimo\u00a0sistem\u0105? Tai paprasta ir tuo naudojasi jau ne viena Lietuvos \u012fmon\u0117. I\u0161bandykite m\u016bs\u0173 specialist\u0173 sukurt\u0105 mokym\u0173 sistem\u0105.<\/p>\n","protected":false},"author":1,"featured_media":92,"parent":0,"menu_order":0,"comment_status":"closed","ping_status":"closed","template":"","meta":{"jetpack_post_was_ever_published":false,"footnotes":""},"class_list":["post-115","page","type-page","status-publish","has-post-thumbnail","hentry","clearfix"],"jetpack_sharing_enabled":true,"jetpack_shortlink":"https:\/\/wp.me\/P9dFXc-1R","jetpack-related-posts":[{"id":15,"url":"https:\/\/www.bispectrum.lt\/?page_id=15","url_meta":{"origin":115,"position":0},"title":"Apie mus","author":"Donatas Budrys","date":"2016-03-22","format":false,"excerpt":"BI Spectrum \u2013 patikimas J\u016bs\u0173 verslo analitikos partneris. Kartu su Jumis mes sukursime J\u016bs\u0173 poreikius atitinkan\u010di\u0105 verslo analitikos ilgalaik\u0119 vizij\u0105 ir strategij\u0105, tinkamai parinksime jos \u012fgyvendinimo etapus, b\u016bdus ir priemones. M\u016bs\u0173 ilgamet\u0117 patirtis, profesionalumas, atsakingas bei lankstus po\u017ei\u016bris \u012f partneryst\u0119 u\u017etikrins J\u016bs\u0173 verslo analitikos sprendim\u0173 kokyb\u0119 ir s\u0117km\u0119. M\u016bs\u0173 vizija\u2026","rel":"","context":"Similar post","block_context":{"text":"Similar post","link":""},"img":{"alt_text":"","src":"https:\/\/i0.wp.com\/www.bispectrum.lt\/wp-content\/uploads\/2016\/03\/About_us.jpg?resize=350%2C200&ssl=1","width":350,"height":200,"srcset":"https:\/\/i0.wp.com\/www.bispectrum.lt\/wp-content\/uploads\/2016\/03\/About_us.jpg?resize=350%2C200&ssl=1 1x, https:\/\/i0.wp.com\/www.bispectrum.lt\/wp-content\/uploads\/2016\/03\/About_us.jpg?resize=525%2C300&ssl=1 1.5x, https:\/\/i0.wp.com\/www.bispectrum.lt\/wp-content\/uploads\/2016\/03\/About_us.jpg?resize=700%2C400&ssl=1 2x, https:\/\/i0.wp.com\/www.bispectrum.lt\/wp-content\/uploads\/2016\/03\/About_us.jpg?resize=1050%2C600&ssl=1 3x, https:\/\/i0.wp.com\/www.bispectrum.lt\/wp-content\/uploads\/2016\/03\/About_us.jpg?resize=1400%2C800&ssl=1 4x"},"classes":[]},{"id":113,"url":"https:\/\/www.bispectrum.lt\/?page_id=113","url_meta":{"origin":115,"position":1},"title":"Konsultacijos","author":"Donatas Budrys","date":"2016-03-30","format":false,"excerpt":"Nor\u0117tum\u0117te i\u0161vystyti savo verslo analiz\u0119, daryti tikslesnes \u012f\u017evalgas? Pasinaudokite m\u016bs\u0173 konsultant\u0173 daugiau nei 15 met\u0173 patirtimi tiek kuriant vizij\u0105, strategij\u0105, technin\u0119 architekt\u016br\u0105, tiek diegiant ir pri\u017ei\u016brint SAP\u00a0analitikos sprendimus. \u0160iandien stebime mil\u017eini\u0161k\u0105 duomen\u0173 kiekio augim\u0105 tiek \u012fmon\u0117se, tiek pasaulyje. Neatsilikdami nuo pasaulini\u0173 tendencij\u0173, konsultuojame \u012fmones, kaip panaudoti vis\u0105 \u0161\u012f sukaupt\u0105 lob\u012f,\u2026","rel":"","context":"Similar post","block_context":{"text":"Similar post","link":""},"img":{"alt_text":"bispectrum_sap_versloanalitika_001","src":"https:\/\/i0.wp.com\/www.bispectrum.lt\/wp-content\/uploads\/2016\/03\/bispectrum_sap_versloanalitika_001-1024x442.png?resize=350%2C200","width":350,"height":200,"srcset":"https:\/\/i0.wp.com\/www.bispectrum.lt\/wp-content\/uploads\/2016\/03\/bispectrum_sap_versloanalitika_001-1024x442.png?resize=350%2C200 1x, https:\/\/i0.wp.com\/www.bispectrum.lt\/wp-content\/uploads\/2016\/03\/bispectrum_sap_versloanalitika_001-1024x442.png?resize=525%2C300 1.5x, https:\/\/i0.wp.com\/www.bispectrum.lt\/wp-content\/uploads\/2016\/03\/bispectrum_sap_versloanalitika_001-1024x442.png?resize=700%2C400 2x"},"classes":[]},{"id":194,"url":"https:\/\/www.bispectrum.lt\/?page_id=194","url_meta":{"origin":115,"position":2},"title":"BI Spectrum","author":"Donatas Budrys","date":"2016-04-01","format":false,"excerpt":"BI Spectrum \u2013 patikimas J\u016bs\u0173 verslo analitikos partneris. Kartu su Jumis mes sukursime J\u016bs\u0173 poreikius atitinkan\u010di\u0105 verslo analitikos ilgalaik\u0119 vizij\u0105 ir strategij\u0105, tinkamai parinksime jos \u012fgyvendinimo etapus, b\u016bdus ir priemones. M\u016bs\u0173 ilgamet\u0117 patirtis, profesionalumas, atsakingas bei lankstus po\u017ei\u016bris \u012f partneryst\u0119 u\u017etikrins J\u016bs\u0173 verslo analitikos sprendim\u0173 kokyb\u0119 ir s\u0117km\u0119","rel":"","context":"Similar post","block_context":{"text":"Similar post","link":""},"img":{"alt_text":"","src":"","width":0,"height":0},"classes":[]},{"id":117,"url":"https:\/\/www.bispectrum.lt\/?page_id=117","url_meta":{"origin":115,"position":3},"title":"Licencijos","author":"Donatas Budrys","date":"2016-03-30","format":false,"excerpt":"Nutar\u0117te \u012fsigyti SAP\u00a0analitin\u0119 sistem\u0105, ie\u0161kote patikimo, sertifikuoto partnerio, teikian\u010dio aktyv\u0173 palaikym\u0105? Sunku nuspr\u0119sti, kokio tipo licencijos tinkamiausios? Esame dedikuotas SAP\u00a0analitikos partneris, galintis suteikti Jums reikaling\u0173 \u017eini\u0173. SAP programin\u0117 \u012franga yra parduodama tiek po vien\u0105 licencij\u0105, tiek paketais. Mes padedame \u012fmon\u0117ms i\u0161siai\u0161kinti, kurios licencijos ar kurie paketai patenkint\u0173 kylan\u010dius verslo ir\u00a0IT\u2026","rel":"","context":"Similar post","block_context":{"text":"Similar post","link":""},"img":{"alt_text":"","src":"","width":0,"height":0},"classes":[]},{"id":1482,"url":"https:\/\/www.bispectrum.lt\/?page_id=1482","url_meta":{"origin":115,"position":4},"title":"BI Spectrum &#8211; Rivile GAMA Analitika","author":"Donatas Budrys","date":"2021-03-26","format":false,"excerpt":"BI Spectrum - Rivile GAMA Analitika - vieningas, draugi\u0161kas vartotojui ir aplinkai, lanks\u010diai \u012fgyvendinamas ir vystomas, kokybi\u0161kas, sumaniai prisitaikantis prie l\u016bkes\u010di\u0173 ir poreiki\u0173, ypatingai greitas bei prieinamas Rivile GAMA veiklos analitikos sprendimas visiems. BI Spectrum - Rivile GAMA Analitika - Trumpas apra\u0161ymas BI Spectrum - Rivile GAMA Analitikos sprendimas sukurtas\u2026","rel":"","context":"Similar post","block_context":{"text":"Similar post","link":""},"img":{"alt_text":"","src":"https:\/\/i0.wp.com\/www.bispectrum.lt\/wp-content\/uploads\/2021\/03\/BI-Spectrum-Rivile-GAMA-Analytics-001.png?resize=350%2C200&ssl=1","width":350,"height":200,"srcset":"https:\/\/i0.wp.com\/www.bispectrum.lt\/wp-content\/uploads\/2021\/03\/BI-Spectrum-Rivile-GAMA-Analytics-001.png?resize=350%2C200&ssl=1 1x, https:\/\/i0.wp.com\/www.bispectrum.lt\/wp-content\/uploads\/2021\/03\/BI-Spectrum-Rivile-GAMA-Analytics-001.png?resize=525%2C300&ssl=1 1.5x, https:\/\/i0.wp.com\/www.bispectrum.lt\/wp-content\/uploads\/2021\/03\/BI-Spectrum-Rivile-GAMA-Analytics-001.png?resize=700%2C400&ssl=1 2x, https:\/\/i0.wp.com\/www.bispectrum.lt\/wp-content\/uploads\/2021\/03\/BI-Spectrum-Rivile-GAMA-Analytics-001.png?resize=1050%2C600&ssl=1 3x, https:\/\/i0.wp.com\/www.bispectrum.lt\/wp-content\/uploads\/2021\/03\/BI-Spectrum-Rivile-GAMA-Analytics-001.png?resize=1400%2C800&ssl=1 4x"},"classes":[]},{"id":2,"url":"https:\/\/www.bispectrum.lt\/","url_meta":{"origin":115,"position":5},"title":"Verslo Analitika visiems","author":"Donatas Budrys","date":"2016-03-21","format":false,"excerpt":"Tai testinis puslapis. Puslapis skiriasi nuo \u012fra\u0161o, nes jis visuomet liks toje pa\u010dioje vietoje J\u016bs\u0173 tinklalapyje, bei daugumoje tem\u0173 bus rodomas kaip meniu punktas. Da\u017eniausiai tinklalapiai pradedami kurti nuo puslapio \"Apie\", kuriame tinklalapis pristatomas jo lankytojams. Pavyzd\u017eiui, tokiame puslapyje gali b\u016bti para\u0161yta: Sveiki! Dienomis a\u0161 dirbu dvira\u010di\u0173 kurjeriu, vakarais bandau\u2026","rel":"","context":"Similar post","block_context":{"text":"Similar post","link":""},"img":{"alt_text":"","src":"https:\/\/i0.wp.com\/www.bispectrum.lt\/wp-content\/uploads\/2016\/03\/Support.jpg?resize=350%2C200&ssl=1","width":350,"height":200,"srcset":"https:\/\/i0.wp.com\/www.bispectrum.lt\/wp-content\/uploads\/2016\/03\/Support.jpg?resize=350%2C200&ssl=1 1x, https:\/\/i0.wp.com\/www.bispectrum.lt\/wp-content\/uploads\/2016\/03\/Support.jpg?resize=525%2C300&ssl=1 1.5x, https:\/\/i0.wp.com\/www.bispectrum.lt\/wp-content\/uploads\/2016\/03\/Support.jpg?resize=700%2C400&ssl=1 2x, https:\/\/i0.wp.com\/www.bispectrum.lt\/wp-content\/uploads\/2016\/03\/Support.jpg?resize=1050%2C600&ssl=1 3x, https:\/\/i0.wp.com\/www.bispectrum.lt\/wp-content\/uploads\/2016\/03\/Support.jpg?resize=1400%2C800&ssl=1 4x"},"classes":[]}],"jetpack_likes_enabled":false,"_links":{"self":[{"href":"https:\/\/www.bispectrum.lt\/index.php?rest_route=\/wp\/v2\/pages\/115","targetHints":{"allow":["GET"]}}],"collection":[{"href":"https:\/\/www.bispectrum.lt\/index.php?rest_route=\/wp\/v2\/pages"}],"about":[{"href":"https:\/\/www.bispectrum.lt\/index.php?rest_route=\/wp\/v2\/types\/page"}],"author":[{"embeddable":true,"href":"https:\/\/www.bispectrum.lt\/index.php?rest_route=\/wp\/v2\/users\/1"}],"replies":[{"embeddable":true,"href":"https:\/\/www.bispectrum.lt\/index.php?rest_route=%2Fwp%2Fv2%2Fcomments&post=115"}],"version-history":[{"count":13,"href":"https:\/\/www.bispectrum.lt\/index.php?rest_route=\/wp\/v2\/pages\/115\/revisions"}],"predecessor-version":[{"id":420,"href":"https:\/\/www.bispectrum.lt\/index.php?rest_route=\/wp\/v2\/pages\/115\/revisions\/420"}],"wp:featuredmedia":[{"embeddable":true,"href":"https:\/\/www.bispectrum.lt\/index.php?rest_route=\/wp\/v2\/media\/92"}],"wp:attachment":[{"href":"https:\/\/www.bispectrum.lt\/index.php?rest_route=%2Fwp%2Fv2%2Fmedia&parent=115"}],"curies":[{"name":"wp","href":"https:\/\/api.w.org\/{rel}","templated":true}]}}