{"id":113,"date":"2016-03-30T08:51:42","date_gmt":"2016-03-30T10:51:42","guid":{"rendered":"http:\/\/www.bispectrum.lt\/?page_id=113"},"modified":"2022-04-08T12:49:26","modified_gmt":"2022-04-08T10:49:26","slug":"konsultacijos","status":"publish","type":"page","link":"https:\/\/www.bispectrum.lt\/?page_id=113","title":{"rendered":"Konsultacijos"},"content":{"rendered":"<p>Nor\u0117tum\u0117te i\u0161vystyti savo verslo analiz\u0119, daryti tikslesnes \u012f\u017evalgas? Pasinaudokite m\u016bs\u0173 konsultant\u0173 daugiau nei 15 met\u0173 patirtimi tiek kuriant vizij\u0105, strategij\u0105, technin\u0119 architekt\u016br\u0105, tiek diegiant ir pri\u017ei\u016brint SAP\u00a0analitikos sprendimus.<!--more--><\/p>\n<p>\u0160iandien stebime mil\u017eini\u0161k\u0105 duomen\u0173 kiekio augim\u0105 tiek \u012fmon\u0117se, tiek pasaulyje. Neatsilikdami nuo pasaulini\u0173 tendencij\u0173, konsultuojame \u012fmones, kaip panaudoti vis\u0105 \u0161\u012f sukaupt\u0105 lob\u012f, kaip duomenis apdoroti ir efektyviai juos analizuoti, rasti svarbias \u012f\u017evalgas. Kai technologijos vystosi taip spar\u010diai, jau \u0161iandien galime panaudoti vis\u0105 \u012fstorin\u0119 informacij\u0105, visus statistinius duomenis\u00a0ir prognozes bei tyrimus savo sprendimams pagr\u012fsti be joki\u0173 apribojim\u0173.<\/p>\n<p>Auk\u0161tos kokyb\u0117s verslo analitikos sprendimai leid\u017eia matyti real\u0173 \u012fmon\u0117s paveiksl\u0105, prognozuoti situacij\u0105 trumpalaik\u0117je ir ilgalaik\u0117je perspektyvoje, suteikia galimyb\u0119 greitai priimti sprendimus ir identifikuoti problemas. Visa tai paskatina \u012fmon\u0119 veikti skland\u017eiau, efektyviau ir pakelia \u012f nauj\u0105, brandesn\u012f lyg\u012f.<\/p>\n<p><strong>Mes si\u016blome piln\u0105 verslo analitikos paslaug\u0173 spektr\u0105 bei su jomis susijusias konsultacijas:<\/strong><\/p>\n<ul>\n<li>Verslo analitikos sistem\u0173 trumpalaik\u0117s ir ilgalaik\u0117s vizijos bei strategijos k\u016brimas<\/li>\n<li>Verslo analitikos sistem\u0173 architekt\u016bra ir projektavimas<\/li>\n<li>Verslo analitikos sistem\u0173 projekt\u0173 valdymas<\/li>\n<li>Didelio na\u0161umo analitin\u0117 Duomen\u0173 Saugykla<\/li>\n<li>Analitin\u0117s informacijos bei duomen\u0173 kokyb\u0117s valdymas<\/li>\n<li>Vieningas \u012fmon\u0117s verslo analitini\u0173 rodikli\u0173 semantinis sluoksnis<\/li>\n<li>I\u0161 bet kurios darbo vietos pasiekiamas verslo analitinis WEB portalas<\/li>\n<li>Duomen\u0173 virtualizacija<\/li>\n<li>Standartin\u0117s ir analitin\u0117s ataskaitos<\/li>\n<li>\u012emon\u0117s veiklos efektyvumo rodikli\u0173 steb\u0117senos vizual\u016bs ekranai<\/li>\n<li>OLAP informacijos analiz\u0117<\/li>\n<li>Integracija su Microsoft Office<\/li>\n<li>Glaudi verslo analitin\u0117s informacijos integracija su analitiko darbastaliu<\/li>\n<li>Saugus analitin\u0117s informacijos automatizuotas platinimas pla\u010diam nustatyt\u0173 vartotoj\u0173 ratui<\/li>\n<li>Vizuali bei interaktyvi informacijos paie\u0161ka, nar\u0161ymas ir analiz\u0117<\/li>\n<li>Prognozavimas ir statistin\u0117 analiz\u0117<\/li>\n<li>Mobil\u016bs verslo analitikos sprendimai<\/li>\n<li>Verslo analitika \u201edebesyse\u201d<\/li>\n<li>Planavimas, biud\u017eetavimas ir konsolidavimas<\/li>\n<li>\u012emon\u0117s strategijos planavimas ir valdymas<\/li>\n<\/ul>\n<p><img loading=\"lazy\" decoding=\"async\" data-attachment-id=\"227\" data-permalink=\"https:\/\/www.bispectrum.lt\/?attachment_id=227\" data-orig-file=\"https:\/\/www.bispectrum.lt\/wp-content\/uploads\/2016\/03\/bispectrum_sap_versloanalitika_001.png\" data-orig-size=\"1086,469\" data-comments-opened=\"1\" data-image-meta=\"{&quot;aperture&quot;:&quot;0&quot;,&quot;credit&quot;:&quot;&quot;,&quot;camera&quot;:&quot;&quot;,&quot;caption&quot;:&quot;&quot;,&quot;created_timestamp&quot;:&quot;0&quot;,&quot;copyright&quot;:&quot;&quot;,&quot;focal_length&quot;:&quot;0&quot;,&quot;iso&quot;:&quot;0&quot;,&quot;shutter_speed&quot;:&quot;0&quot;,&quot;title&quot;:&quot;&quot;,&quot;orientation&quot;:&quot;0&quot;}\" data-image-title=\"bispectrum_sap_versloanalitika_001\" data-image-description=\"\" data-image-caption=\"\" data-medium-file=\"https:\/\/www.bispectrum.lt\/wp-content\/uploads\/2016\/03\/bispectrum_sap_versloanalitika_001-300x130.png\" data-large-file=\"https:\/\/www.bispectrum.lt\/wp-content\/uploads\/2016\/03\/bispectrum_sap_versloanalitika_001-1024x442.png\" class=\"alignnone size-large wp-image-227\" src=\"http:\/\/www.bispectrum.lt\/wp-content\/uploads\/2016\/03\/bispectrum_sap_versloanalitika_001-1024x442.png\" alt=\"bispectrum_sap_versloanalitika_001\" width=\"790\" height=\"341\" srcset=\"https:\/\/www.bispectrum.lt\/wp-content\/uploads\/2016\/03\/bispectrum_sap_versloanalitika_001-1024x442.png 1024w, https:\/\/www.bispectrum.lt\/wp-content\/uploads\/2016\/03\/bispectrum_sap_versloanalitika_001-300x130.png 300w, https:\/\/www.bispectrum.lt\/wp-content\/uploads\/2016\/03\/bispectrum_sap_versloanalitika_001-768x332.png 768w, https:\/\/www.bispectrum.lt\/wp-content\/uploads\/2016\/03\/bispectrum_sap_versloanalitika_001.png 1086w\" sizes=\"auto, (max-width: 790px) 100vw, 790px\" \/><\/p>\n","protected":false},"excerpt":{"rendered":"<p>Nor\u0117tum\u0117te i\u0161vystyti savo verslo analiz\u0119, daryti tikslesnes \u012f\u017evalgas? Pasinaudokite m\u016bs\u0173 konsultant\u0173 daugiau nei 15 met\u0173 patirtimi tiek kuriant vizij\u0105, strategij\u0105, technin\u0119 architekt\u016br\u0105, tiek diegiant ir pri\u017ei\u016brint SAP\u00a0analitikos sprendimus.<\/p>\n","protected":false},"author":1,"featured_media":91,"parent":0,"menu_order":0,"comment_status":"closed","ping_status":"closed","template":"","meta":{"jetpack_post_was_ever_published":false,"footnotes":""},"class_list":["post-113","page","type-page","status-publish","has-post-thumbnail","hentry","clearfix"],"jetpack_sharing_enabled":true,"jetpack_shortlink":"https:\/\/wp.me\/P9dFXc-1P","jetpack-related-posts":[{"id":115,"url":"https:\/\/www.bispectrum.lt\/?page_id=115","url_meta":{"origin":113,"position":0},"title":"Mokymai","author":"Donatas Budrys","date":"2016-03-30","format":false,"excerpt":"Siekiate\u00a0b\u016bti nepriklausomi, patys kurti, vystyti, tobulinti savo SAP\u00a0verslo analitikos\u00a0ar planavimo\u00a0sistem\u0105? Tai paprasta ir tuo naudojasi jau ne viena Lietuvos \u012fmon\u0117. I\u0161bandykite m\u016bs\u0173 specialist\u0173 sukurt\u0105 mokym\u0173 sistem\u0105. \u0160iandien daugelis geba puikiai naudotis informacin\u0117mis technologijomis. Senokai pra\u0117jo tie laikai, kai fotoaparatus tur\u0117jo tik vienetai, kai kompiuteriais dirbdavo specialiuose skai\u010diavimo centruose. Kuo toliau\u2026","rel":"","context":"Similar post","block_context":{"text":"Similar post","link":""},"img":{"alt_text":"","src":"","width":0,"height":0},"classes":[]},{"id":122,"url":"https:\/\/www.bispectrum.lt\/?page_id=122","url_meta":{"origin":113,"position":1},"title":"Atsakykite \u012f sud\u0117tingus klausimus realiu laiku su SAP Analytics Cloud","author":"Donatas Budrys","date":"2016-03-30","format":false,"excerpt":"Pavargote bla\u0161kytis tarp \u012fvairi\u0173 analitini\u0173 produkt\u0173, ne\u017einote su kuria priemone geriausiai rasti atsakym\u0105? I\u0161eitis jau yra. SAP Analytics\u00a0Cloud sprendimas apjungia visas analitines galimybes\u00a0- verslo analitik\u0105 (BI), planavim\u0105, prognozavim\u0105 ir\u00a0GRC \u012f vien\u0105 visum\u0105. SAP Analytics Cloud \u2013 tai \u0161iuolaiki\u0161kas, intuityvus bei pa\u017eangus naujos kartos SAP verslo analitikos sprendimas, apr\u0117piantis visas analitikos,\u2026","rel":"","context":"Similar post","block_context":{"text":"Similar post","link":""},"img":{"alt_text":"","src":"https:\/\/i0.wp.com\/www.bispectrum.lt\/wp-content\/uploads\/2017\/09\/Arise_Slider_3_v3.jpg?resize=350%2C200&ssl=1","width":350,"height":200,"srcset":"https:\/\/i0.wp.com\/www.bispectrum.lt\/wp-content\/uploads\/2017\/09\/Arise_Slider_3_v3.jpg?resize=350%2C200&ssl=1 1x, https:\/\/i0.wp.com\/www.bispectrum.lt\/wp-content\/uploads\/2017\/09\/Arise_Slider_3_v3.jpg?resize=525%2C300&ssl=1 1.5x, https:\/\/i0.wp.com\/www.bispectrum.lt\/wp-content\/uploads\/2017\/09\/Arise_Slider_3_v3.jpg?resize=700%2C400&ssl=1 2x, https:\/\/i0.wp.com\/www.bispectrum.lt\/wp-content\/uploads\/2017\/09\/Arise_Slider_3_v3.jpg?resize=1050%2C600&ssl=1 3x, https:\/\/i0.wp.com\/www.bispectrum.lt\/wp-content\/uploads\/2017\/09\/Arise_Slider_3_v3.jpg?resize=1400%2C800&ssl=1 4x"},"classes":[]},{"id":4,"url":"https:\/\/www.bispectrum.lt\/?page_id=4","url_meta":{"origin":113,"position":2},"title":"Sprendim\u0173 ir SAP programin\u0117s \u012frangos technin\u0117 prie\u017ei\u016bra","author":"Donatas Budrys","date":"2016-03-22","format":false,"excerpt":"Siekiame, kad m\u016bs\u0173 sukurti sprendimai bei SAP programin\u0117 \u012franga b\u016bt\u0173 ilgalaikiai, nuolat atnaujinami ir aktual\u016bs m\u016bs\u0173 klientams. Esame sertifikuotas SAP verslo analitikos programin\u0117s \u012frangos palaikymo centras. Tur\u0117dami PCOE (Partner Center Of Expertise) sertifikat\u0105 esame pasireng\u0119 paslaugas teikti profesionaliai, reaguoti operatyviai ir atsiliepti \u012f \u012fvairiausius klient\u0173 poreikius. Atliekame tiek proaktyvius, tiek\u2026","rel":"","context":"Similar post","block_context":{"text":"Similar post","link":""},"img":{"alt_text":"","src":"","width":0,"height":0},"classes":[]},{"id":117,"url":"https:\/\/www.bispectrum.lt\/?page_id=117","url_meta":{"origin":113,"position":3},"title":"Licencijos","author":"Donatas Budrys","date":"2016-03-30","format":false,"excerpt":"Nutar\u0117te \u012fsigyti SAP\u00a0analitin\u0119 sistem\u0105, ie\u0161kote patikimo, sertifikuoto partnerio, teikian\u010dio aktyv\u0173 palaikym\u0105? Sunku nuspr\u0119sti, kokio tipo licencijos tinkamiausios? Esame dedikuotas SAP\u00a0analitikos partneris, galintis suteikti Jums reikaling\u0173 \u017eini\u0173. SAP programin\u0117 \u012franga yra parduodama tiek po vien\u0105 licencij\u0105, tiek paketais. Mes padedame \u012fmon\u0117ms i\u0161siai\u0161kinti, kurios licencijos ar kurie paketai patenkint\u0173 kylan\u010dius verslo ir\u00a0IT\u2026","rel":"","context":"Similar post","block_context":{"text":"Similar post","link":""},"img":{"alt_text":"","src":"","width":0,"height":0},"classes":[]},{"id":121,"url":"https:\/\/www.bispectrum.lt\/?page_id=121","url_meta":{"origin":113,"position":4},"title":"Atraskite savo verslo ateit\u012f su SAP Predictive Analytics","author":"Donatas Budrys","date":"2016-03-30","format":false,"excerpt":"Pavargote \u017evalgytis \u012f praeities tendencijas, nor\u0117tum\u0117te pa\u017evelgti \u012f ateit\u012f, jos perspektyvas, prognozuoti ar atlikti statistin\u0119 analiz\u0119? SAP Predictive Analytics - intuityvi priemon\u0117, skirta \u012fvairi\u0173 \u012fg\u016bd\u017ei\u0173 darbuotojams, suteikianti galimybes atlikti sofistikuot\u0105, orientuot\u0105 \u012f ateit\u012f statistin\u0119 analiz\u0119. Duomenis tam galima nesunkiai panaudoti i\u0161 \u012fvairiausi\u0173 \u0161altini\u0173 - SAP HANA, SAP IQ, Big Data,\u2026","rel":"","context":"Similar post","block_context":{"text":"Similar post","link":""},"img":{"alt_text":"","src":"https:\/\/i0.wp.com\/www.bispectrum.lt\/wp-content\/uploads\/2017\/09\/Arise_Slider_2_v3.jpg?resize=350%2C200&ssl=1","width":350,"height":200,"srcset":"https:\/\/i0.wp.com\/www.bispectrum.lt\/wp-content\/uploads\/2017\/09\/Arise_Slider_2_v3.jpg?resize=350%2C200&ssl=1 1x, https:\/\/i0.wp.com\/www.bispectrum.lt\/wp-content\/uploads\/2017\/09\/Arise_Slider_2_v3.jpg?resize=525%2C300&ssl=1 1.5x, https:\/\/i0.wp.com\/www.bispectrum.lt\/wp-content\/uploads\/2017\/09\/Arise_Slider_2_v3.jpg?resize=700%2C400&ssl=1 2x, https:\/\/i0.wp.com\/www.bispectrum.lt\/wp-content\/uploads\/2017\/09\/Arise_Slider_2_v3.jpg?resize=1050%2C600&ssl=1 3x, https:\/\/i0.wp.com\/www.bispectrum.lt\/wp-content\/uploads\/2017\/09\/Arise_Slider_2_v3.jpg?resize=1400%2C800&ssl=1 4x"},"classes":[]},{"id":1482,"url":"https:\/\/www.bispectrum.lt\/?page_id=1482","url_meta":{"origin":113,"position":5},"title":"BI Spectrum &#8211; Rivile GAMA Analitika","author":"Donatas Budrys","date":"2021-03-26","format":false,"excerpt":"BI Spectrum - Rivile GAMA Analitika - vieningas, draugi\u0161kas vartotojui ir aplinkai, lanks\u010diai \u012fgyvendinamas ir vystomas, kokybi\u0161kas, sumaniai prisitaikantis prie l\u016bkes\u010di\u0173 ir poreiki\u0173, ypatingai greitas bei prieinamas Rivile GAMA veiklos analitikos sprendimas visiems. BI Spectrum - Rivile GAMA Analitika - Trumpas apra\u0161ymas BI Spectrum - Rivile GAMA Analitikos sprendimas sukurtas\u2026","rel":"","context":"Similar post","block_context":{"text":"Similar post","link":""},"img":{"alt_text":"","src":"https:\/\/i0.wp.com\/www.bispectrum.lt\/wp-content\/uploads\/2021\/03\/BI-Spectrum-Rivile-GAMA-Analytics-001.png?resize=350%2C200&ssl=1","width":350,"height":200,"srcset":"https:\/\/i0.wp.com\/www.bispectrum.lt\/wp-content\/uploads\/2021\/03\/BI-Spectrum-Rivile-GAMA-Analytics-001.png?resize=350%2C200&ssl=1 1x, https:\/\/i0.wp.com\/www.bispectrum.lt\/wp-content\/uploads\/2021\/03\/BI-Spectrum-Rivile-GAMA-Analytics-001.png?resize=525%2C300&ssl=1 1.5x, https:\/\/i0.wp.com\/www.bispectrum.lt\/wp-content\/uploads\/2021\/03\/BI-Spectrum-Rivile-GAMA-Analytics-001.png?resize=700%2C400&ssl=1 2x, https:\/\/i0.wp.com\/www.bispectrum.lt\/wp-content\/uploads\/2021\/03\/BI-Spectrum-Rivile-GAMA-Analytics-001.png?resize=1050%2C600&ssl=1 3x, https:\/\/i0.wp.com\/www.bispectrum.lt\/wp-content\/uploads\/2021\/03\/BI-Spectrum-Rivile-GAMA-Analytics-001.png?resize=1400%2C800&ssl=1 4x"},"classes":[]}],"jetpack_likes_enabled":false,"_links":{"self":[{"href":"https:\/\/www.bispectrum.lt\/index.php?rest_route=\/wp\/v2\/pages\/113","targetHints":{"allow":["GET"]}}],"collection":[{"href":"https:\/\/www.bispectrum.lt\/index.php?rest_route=\/wp\/v2\/pages"}],"about":[{"href":"https:\/\/www.bispectrum.lt\/index.php?rest_route=\/wp\/v2\/types\/page"}],"author":[{"embeddable":true,"href":"https:\/\/www.bispectrum.lt\/index.php?rest_route=\/wp\/v2\/users\/1"}],"replies":[{"embeddable":true,"href":"https:\/\/www.bispectrum.lt\/index.php?rest_route=%2Fwp%2Fv2%2Fcomments&post=113"}],"version-history":[{"count":8,"href":"https:\/\/www.bispectrum.lt\/index.php?rest_route=\/wp\/v2\/pages\/113\/revisions"}],"predecessor-version":[{"id":275,"href":"https:\/\/www.bispectrum.lt\/index.php?rest_route=\/wp\/v2\/pages\/113\/revisions\/275"}],"wp:featuredmedia":[{"embeddable":true,"href":"https:\/\/www.bispectrum.lt\/index.php?rest_route=\/wp\/v2\/media\/91"}],"wp:attachment":[{"href":"https:\/\/www.bispectrum.lt\/index.php?rest_route=%2Fwp%2Fv2%2Fmedia&parent=113"}],"curies":[{"name":"wp","href":"https:\/\/api.w.org\/{rel}","templated":true}]}}